{"id":11421,"date":"2019-07-01T11:15:16","date_gmt":"2019-07-01T11:15:16","guid":{"rendered":"https:\/\/www.casalbranco.com\/pt\/?page_id=11421"},"modified":"2025-10-28T17:52:12","modified_gmt":"2025-10-28T17:52:12","slug":"sobre-nos","status":"publish","type":"page","link":"https:\/\/www.casalbranco.com\/pt\/en\/sobre-nos\/","title":{"rendered":"About Us"},"content":{"rendered":"<div class=\"wpb-content-wrapper\"><p><!-- Row Backgrounds --><!-- Row Backgrounds --><div class=\"vc_row wpb_row vc_row-fluid vc_custom_1733734742633 vc_row-has-fill\"><div class=\"wpb_column vc_column_container vc_col-sm-12\"><div class=\"vc_column-inner \"><div class=\"wpb_wrapper\"><div class=\"ult-animation  ult-animate-viewport  ult-no-mobile \" data-animate=\"No Animation\" data-animation-delay=\"0\" data-animation-duration=\"0\" data-animation-iteration=\"1\" style=\"opacity:0;\" data-opacity_start_effect=\"\"><h2 class=\"align left\">Hist\u00f3ria<\/h2><div class=\"vc_empty_space\"   style=\"height: 32px\"><span class=\"vc_empty_space_inner\"><\/span><\/div>\n\t<div class=\"wpb_text_column wpb_content_element \" >\n\t\t<div class=\"wpb_wrapper\">\n\t\t\t<p><span style=\"font-weight: 100; font-size: 16px; color: #000000; font-family: 'montserrat';\">Quinta do Casal Branco fundada em 1775 \u00e9 uma das quintas mais emblem\u00e1ticas da regi\u00e3o de vinhos do Tejo, propriedade h\u00e1 mais de oito gera\u00e7\u00f5es da fam\u00edlia Braamcamp Sobral Lobo de Vasconcelos.<\/span><\/p>\n<p><span style=\"font-weight: 100; font-size: 16px; color: #000000; font-family: 'montserrat';\">A propriedade que durante quatro s\u00e9culos foi coutada real espraia-se hoje por 1.100 hectares. Desses, 130 hectares s\u00e3o ocupados por vinha em solos de charneca.\u00a0<\/span><\/p>\n<p><span style=\"font-weight: 100; font-size: 16px; color: #000000; font-family: 'montserrat';\">H\u00e1 mais de dois s\u00e9culos que a Quinta do Casal Branco se tem dedicado \u00e0 produ\u00e7\u00e3o de vinho. A primeira adega da Quinta do Casal Branco data de 1817. O in\u00edcio do S\u00e9c. XX ficou marcado por uma profunda interven\u00e7\u00e3o com a introdu\u00e7\u00e3o de maquinaria a vapor, plantio de novas castas, moderniza\u00e7\u00e3o e amplia\u00e7\u00e3o da adega. Ao longo dos tempos houve sempre uma forte aposta na viticultura e na produ\u00e7\u00e3o vin\u00edcola, o que se traduz numa tradi\u00e7\u00e3o marcada pela inova\u00e7\u00e3o, qualidade e consist\u00eancia dos vinhos produzidos at\u00e9 aos nossos dias.\u00a0<\/span><\/p>\n<p><span style=\"font-weight: 100; font-size: 16px; color: #000000; font-family: 'montserrat';\">Jos\u00e9 Lobo de Vasconcelos lidera a equipa da Quinta do Casal Branco com a miss\u00e3o de ser uma empresa econ\u00f3mica, social e ambientalmente sustent\u00e1vel, capaz de oferecer experi\u00eancias e produtos \u00fanicos que melhorem a vida das pessoas e a ambi\u00e7\u00e3o de revelar o melhor do Tejo no mundo.<\/span><\/p>\n\n\t\t<\/div>\n\t<\/div>\n<div class=\"vc_empty_space\"   style=\"height: 25px\"><span class=\"vc_empty_space_inner\"><\/span><\/div><div class=\"wpb_images_carousel wpb_content_element vc_clearfix wpb_content_element\"><div class=\"wpb_wrapper\"><div id=\"vc_images-carousel-1-1776425142\" data-ride=\"vc_carousel\" data-wrap=\"true\" style=\"width: 100%;\" data-interval=\"2000\" data-auto-height=\"yes\" data-mode=\"horizontal\" data-partial=\"false\" data-per-view=\"2\" data-hide-on-end=\"false\" class=\"vc_slide vc_images_carousel\"><ol class=\"vc_carousel-indicators\"><li data-target=\"#vc_images-carousel-1-1776425142\" data-slide-to=\"0\"><\/li><li data-target=\"#vc_images-carousel-1-1776425142\" data-slide-to=\"1\"><\/li><li data-target=\"#vc_images-carousel-1-1776425142\" data-slide-to=\"2\"><\/li><li data-target=\"#vc_images-carousel-1-1776425142\" data-slide-to=\"3\"><\/li><\/ol><div class=\"vc_carousel-inner\"><div class=\"vc_carousel-slideline\"><div class=\"vc_carousel-slideline-inner\"><div class=\"vc_item\"><div class=\"vc_inner\"><a class=\"\" href=\"https:\/\/www.casalbranco.com\/pt\/wp-content\/uploads\/2024\/12\/Casal-Branco_historia1-1024x683.jpg\" data-lightbox=\"lightbox[rel-11421-4219155015]\"><img loading=\"lazy\" decoding=\"async\" width=\"2560\" height=\"1707\" src=\"https:\/\/www.casalbranco.com\/pt\/wp-content\/uploads\/2024\/12\/Casal-Branco_historia1-scaled.jpg\" class=\"attachment-full\" alt=\"\" title=\"Casal Branco_hist\u00f3ria1\" srcset=\"https:\/\/www.casalbranco.com\/pt\/wp-content\/uploads\/2024\/12\/Casal-Branco_historia1-scaled.jpg 2560w, https:\/\/www.casalbranco.com\/pt\/wp-content\/uploads\/2024\/12\/Casal-Branco_historia1-300x200.jpg 300w, https:\/\/www.casalbranco.com\/pt\/wp-content\/uploads\/2024\/12\/Casal-Branco_historia1-1024x683.jpg 1024w, https:\/\/www.casalbranco.com\/pt\/wp-content\/uploads\/2024\/12\/Casal-Branco_historia1-768x512.jpg 768w, https:\/\/www.casalbranco.com\/pt\/wp-content\/uploads\/2024\/12\/Casal-Branco_historia1-1536x1024.jpg 1536w, https:\/\/www.casalbranco.com\/pt\/wp-content\/uploads\/2024\/12\/Casal-Branco_historia1-2048x1365.jpg 2048w, https:\/\/www.casalbranco.com\/pt\/wp-content\/uploads\/2024\/12\/Casal-Branco_historia1-18x12.jpg 18w, https:\/\/www.casalbranco.com\/pt\/wp-content\/uploads\/2024\/12\/Casal-Branco_historia1-500x333.jpg 500w\" sizes=\"auto, (max-width: 2560px) 100vw, 2560px\" \/><\/a><\/div><\/div><div class=\"vc_item\"><div class=\"vc_inner\"><a class=\"\" href=\"https:\/\/www.casalbranco.com\/pt\/wp-content\/uploads\/2024\/12\/Casal-Branco_historia2-1024x683.jpg\" data-lightbox=\"lightbox[rel-11421-4219155015]\"><img loading=\"lazy\" decoding=\"async\" width=\"2560\" height=\"1707\" src=\"https:\/\/www.casalbranco.com\/pt\/wp-content\/uploads\/2024\/12\/Casal-Branco_historia2-scaled.jpg\" class=\"attachment-full\" alt=\"\" title=\"Casal Branco_hist\u00f3ria2\" srcset=\"https:\/\/www.casalbranco.com\/pt\/wp-content\/uploads\/2024\/12\/Casal-Branco_historia2-scaled.jpg 2560w, https:\/\/www.casalbranco.com\/pt\/wp-content\/uploads\/2024\/12\/Casal-Branco_historia2-300x200.jpg 300w, https:\/\/www.casalbranco.com\/pt\/wp-content\/uploads\/2024\/12\/Casal-Branco_historia2-1024x683.jpg 1024w, https:\/\/www.casalbranco.com\/pt\/wp-content\/uploads\/2024\/12\/Casal-Branco_historia2-768x512.jpg 768w, https:\/\/www.casalbranco.com\/pt\/wp-content\/uploads\/2024\/12\/Casal-Branco_historia2-1536x1024.jpg 1536w, https:\/\/www.casalbranco.com\/pt\/wp-content\/uploads\/2024\/12\/Casal-Branco_historia2-2048x1365.jpg 2048w, https:\/\/www.casalbranco.com\/pt\/wp-content\/uploads\/2024\/12\/Casal-Branco_historia2-18x12.jpg 18w, https:\/\/www.casalbranco.com\/pt\/wp-content\/uploads\/2024\/12\/Casal-Branco_historia2-500x333.jpg 500w\" sizes=\"auto, (max-width: 2560px) 100vw, 2560px\" \/><\/a><\/div><\/div><div class=\"vc_item\"><div class=\"vc_inner\"><a class=\"\" href=\"https:\/\/www.casalbranco.com\/pt\/wp-content\/uploads\/2024\/12\/Casal-Branco_historia3-1024x683.jpg\" data-lightbox=\"lightbox[rel-11421-4219155015]\"><img loading=\"lazy\" decoding=\"async\" width=\"2560\" height=\"1707\" src=\"https:\/\/www.casalbranco.com\/pt\/wp-content\/uploads\/2024\/12\/Casal-Branco_historia3-scaled.jpg\" class=\"attachment-full\" alt=\"\" title=\"Casal Branco_hist\u00f3ria3\" srcset=\"https:\/\/www.casalbranco.com\/pt\/wp-content\/uploads\/2024\/12\/Casal-Branco_historia3-scaled.jpg 2560w, https:\/\/www.casalbranco.com\/pt\/wp-content\/uploads\/2024\/12\/Casal-Branco_historia3-300x200.jpg 300w, https:\/\/www.casalbranco.com\/pt\/wp-content\/uploads\/2024\/12\/Casal-Branco_historia3-1024x683.jpg 1024w, https:\/\/www.casalbranco.com\/pt\/wp-content\/uploads\/2024\/12\/Casal-Branco_historia3-768x512.jpg 768w, https:\/\/www.casalbranco.com\/pt\/wp-content\/uploads\/2024\/12\/Casal-Branco_historia3-1536x1024.jpg 1536w, https:\/\/www.casalbranco.com\/pt\/wp-content\/uploads\/2024\/12\/Casal-Branco_historia3-2048x1365.jpg 2048w, https:\/\/www.casalbranco.com\/pt\/wp-content\/uploads\/2024\/12\/Casal-Branco_historia3-18x12.jpg 18w, https:\/\/www.casalbranco.com\/pt\/wp-content\/uploads\/2024\/12\/Casal-Branco_historia3-500x333.jpg 500w\" sizes=\"auto, (max-width: 2560px) 100vw, 2560px\" \/><\/a><\/div><\/div><div class=\"vc_item\"><div class=\"vc_inner\"><a class=\"\" href=\"https:\/\/www.casalbranco.com\/pt\/wp-content\/uploads\/2024\/12\/Casal-Branco_historia4-1024x683.jpg\" data-lightbox=\"lightbox[rel-11421-4219155015]\"><img loading=\"lazy\" decoding=\"async\" width=\"2560\" height=\"1707\" src=\"https:\/\/www.casalbranco.com\/pt\/wp-content\/uploads\/2024\/12\/Casal-Branco_historia4-scaled.jpg\" class=\"attachment-full\" alt=\"\" title=\"Casal Branco_hist\u00f3ria4\" srcset=\"https:\/\/www.casalbranco.com\/pt\/wp-content\/uploads\/2024\/12\/Casal-Branco_historia4-scaled.jpg 2560w, https:\/\/www.casalbranco.com\/pt\/wp-content\/uploads\/2024\/12\/Casal-Branco_historia4-300x200.jpg 300w, https:\/\/www.casalbranco.com\/pt\/wp-content\/uploads\/2024\/12\/Casal-Branco_historia4-1024x683.jpg 1024w, https:\/\/www.casalbranco.com\/pt\/wp-content\/uploads\/2024\/12\/Casal-Branco_historia4-768x512.jpg 768w, https:\/\/www.casalbranco.com\/pt\/wp-content\/uploads\/2024\/12\/Casal-Branco_historia4-1536x1024.jpg 1536w, https:\/\/www.casalbranco.com\/pt\/wp-content\/uploads\/2024\/12\/Casal-Branco_historia4-2048x1365.jpg 2048w, https:\/\/www.casalbranco.com\/pt\/wp-content\/uploads\/2024\/12\/Casal-Branco_historia4-18x12.jpg 18w, https:\/\/www.casalbranco.com\/pt\/wp-content\/uploads\/2024\/12\/Casal-Branco_historia4-500x333.jpg 500w\" sizes=\"auto, (max-width: 2560px) 100vw, 2560px\" \/><\/a><\/div><\/div><\/div><\/div><\/div><a class=\"vc_left vc_carousel-control\" href=\"#vc_images-carousel-1-1776425142\" data-slide=\"prev\"><span class=\"icon-prev\"><\/span><\/a><a class=\"vc_right vc_carousel-control\" href=\"#vc_images-carousel-1-1776425142\" data-slide=\"next\"><span class=\"icon-next\"><\/span><\/a><\/div><\/div><\/div><div class=\"vc_empty_space\"   style=\"height: 25px\"><span class=\"vc_empty_space_inner\"><\/span><\/div><div class=\"vc_row wpb_row vc_inner vc_row-fluid\"><div class=\"wpb_column vc_column_container vc_col-sm-1\/5\"><div class=\"vc_column-inner \"><div class=\"wpb_wrapper\">\n\t<div class=\"wpb_text_column wpb_content_element \" >\n\t\t<div class=\"wpb_wrapper\">\n\t\t\t<p><span style=\"font-weight: 100; font-size: 16px; color: #000000; font-family: 'montserrat';\">A nossa<\/span><br \/>\n<span style=\"font-weight: 100; font-size: 30px; color: #a53e4c; font-family: 'montserrat';\">Miss\u00e3o<\/span><\/p>\n\n\t\t<\/div>\n\t<\/div>\n<\/div><\/div><\/div><div class=\"wpb_column vc_column_container vc_col-sm-4\/5\"><div class=\"vc_column-inner \"><div class=\"wpb_wrapper\">\n\t<div class=\"wpb_text_column wpb_content_element \" >\n\t\t<div class=\"wpb_wrapper\">\n\t\t\t<p><span style=\"font-weight: 100; font-size: 16px; color: #000000; font-family: 'montserrat';\">A nossa miss\u00e3o \u00e9 produzir e comercializar vinhos de excel\u00eancia que proporcionem experi\u00eancias \u00fanicas, promovendo o bem-estar dos consumidores mais exigentes, incentivando um consumo respons\u00e1vel e de qualidade, sempre com um compromisso firme com a sustentabilidade.<\/span><\/p>\n\n\t\t<\/div>\n\t<\/div>\n<\/div><\/div><\/div><\/div><div class=\"vc_row wpb_row vc_inner vc_row-fluid\"><div class=\"wpb_column vc_column_container vc_col-sm-1\/5\"><div class=\"vc_column-inner \"><div class=\"wpb_wrapper\">\n\t<div class=\"wpb_text_column wpb_content_element \" >\n\t\t<div class=\"wpb_wrapper\">\n\t\t\t<p><span style=\"font-weight: 100; font-size: 16px; color: #000000; font-family: 'montserrat';\">Os nossos<\/span><br \/>\n<span style=\"font-weight: 100; font-size: 30px; color: #a53e4c; font-family: 'montserrat';\">Valores<\/span><\/p>\n\n\t\t<\/div>\n\t<\/div>\n<\/div><\/div><\/div><div class=\"wpb_column vc_column_container vc_col-sm-4\/5\"><div class=\"vc_column-inner \"><div class=\"wpb_wrapper\">\n\t<div class=\"wpb_text_column wpb_content_element  vc_custom_1734511961935\" >\n\t\t<div class=\"wpb_wrapper\">\n\t\t\t<p><span style=\"font-weight: 100; font-size: 16px; color: #000000; font-family: 'montserrat';\">Na Quinta do Casal Branco, a tradi\u00e7\u00e3o, a confian\u00e7a, o compromisso, a paix\u00e3o e a responsabilidade ambiental s\u00e3o os pilares que definem a nossa ess\u00eancia e definem as nossas escolhas.<\/span><\/p>\n\n\t\t<\/div>\n\t<\/div>\n<\/div><\/div><\/div><\/div><div class=\"vc_row wpb_row vc_inner vc_row-fluid\"><div class=\"wpb_column vc_column_container vc_col-sm-1\/5\"><div class=\"vc_column-inner \"><div class=\"wpb_wrapper\">\n\t<div class=\"wpb_text_column wpb_content_element \" >\n\t\t<div class=\"wpb_wrapper\">\n\t\t\t<p><span style=\"font-weight: 100; font-size: 16px; color: #000000; font-family: 'montserrat';\">A nossa<\/span><br \/>\n<span style=\"font-weight: 100; font-size: 30px; color: #a53e4c; font-family: 'montserrat';\">Vis\u00e3o<\/span><\/p>\n\n\t\t<\/div>\n\t<\/div>\n<\/div><\/div><\/div><div class=\"wpb_column vc_column_container vc_col-sm-4\/5\"><div class=\"vc_column-inner \"><div class=\"wpb_wrapper\">\n\t<div class=\"wpb_text_column wpb_content_element  vc_custom_1734511968415\" >\n\t\t<div class=\"wpb_wrapper\">\n\t\t\t<p><span style=\"font-weight: 100; font-size: 16px; color: #000000; font-family: 'montserrat';\">Ser uma refer\u00eancia na produ\u00e7\u00e3o de vinhos de qualidade, respeitando e preservando o <em>terroir<\/em> secular, promovendo um consumo consciente e experi\u00eancias aut\u00eanticas em cada mercado, contribuindo para um futuro sustent\u00e1vel em\u00a0cada\u00a0mercado.<\/span><\/p>\n\n\t\t<\/div>\n\t<\/div>\n<\/div><\/div><\/div><\/div><div class=\"ult-spacer spacer-69e218b662403\" data-id=\"69e218b662403\" data-height=\"50\" data-height-mobile=\"50\" data-height-tab=\"50\" data-height-tab-portrait=\"\" data-height-mobile-landscape=\"\" style=\"clear:both;display:block;\"><\/div><div class=\"vc_row wpb_row vc_inner vc_row-fluid\"><div class=\"wpb_column vc_column_container vc_col-sm-4\"><div class=\"vc_column-inner \"><div class=\"wpb_wrapper\"><\/div><\/div><\/div><div class=\"wpb_column vc_column_container vc_col-sm-1\"><div class=\"vc_column-inner \"><div class=\"wpb_wrapper\"><div class=\"ult-just-icon-wrapper  \"><div class=\"align-icon\" style=\"text-align:center;\">\n<a class=\"aio-tooltip 69e218b662642\" href=\"https:\/\/www.facebook.com\/quintadocasalbranco\/\" target=\"_blank\" rel=\"noopener\"  data-toggle=\"tooltip\" data-placement=\"\"><div class=\"aio-icon-img \" style=\"font-size:35px;display:inline-block;\" >\n\t<img decoding=\"async\" class=\"img-icon\" alt=\"null\" src=\"https:\/\/www.casalbranco.com\/pt\/wp-content\/uploads\/2024\/12\/facebook.png\"\/>\n<\/div><\/a><\/div><\/div><\/div><\/div><\/div><div class=\"wpb_column vc_column_container vc_col-sm-1\"><div class=\"vc_column-inner \"><div class=\"wpb_wrapper\"><div class=\"ult-just-icon-wrapper  \"><div class=\"align-icon\" style=\"text-align:center;\">\n<a class=\"aio-tooltip 69e218b662a1d\" href=\"https:\/\/www.instagram.com\/quintadocasalbranco\/\" target=\"_blank\" rel=\"noopener\"  data-toggle=\"tooltip\" data-placement=\"\"><div class=\"aio-icon-img \" style=\"font-size:35px;display:inline-block;\" >\n\t<img decoding=\"async\" class=\"img-icon\" alt=\"null\" src=\"https:\/\/www.casalbranco.com\/pt\/wp-content\/uploads\/2024\/12\/instagram.png\"\/>\n<\/div><\/a><\/div><\/div><\/div><\/div><\/div><div class=\"wpb_column vc_column_container vc_col-sm-1\"><div class=\"vc_column-inner \"><div class=\"wpb_wrapper\"><div class=\"ult-just-icon-wrapper  \"><div class=\"align-icon\" style=\"text-align:center;\">\n<a class=\"aio-tooltip 69e218b662d8c\" href=\"https:\/\/www.linkedin.com\/company\/quinta-do-casal-branco\/\" target=\"_blank\" rel=\"noopener\"  data-toggle=\"tooltip\" data-placement=\"\"><div class=\"aio-icon-img \" style=\"font-size:35px;display:inline-block;\" >\n\t<img decoding=\"async\" class=\"img-icon\" alt=\"null\" src=\"https:\/\/www.casalbranco.com\/pt\/wp-content\/uploads\/2024\/12\/linkedin.png\"\/>\n<\/div><\/a><\/div><\/div><\/div><\/div><\/div><div class=\"wpb_column vc_column_container vc_col-sm-1\"><div class=\"vc_column-inner \"><div class=\"wpb_wrapper\"><div class=\"ult-just-icon-wrapper  \"><div class=\"align-icon\" style=\"text-align:center;\">\n<a class=\"aio-tooltip 69e218b663103\" href=\"https:\/\/www.tripadvisor.pt\/Attraction_Review-g2589401-d10509049-Reviews-Quinta_do_Casal_Branco-Almeirim_Santarem_District_Central_Portugal.html\" target=\"_blank\" rel=\"noopener\"  data-toggle=\"tooltip\" data-placement=\"\"><div class=\"aio-icon-img \" style=\"font-size:35px;display:inline-block;\" >\n\t<img decoding=\"async\" class=\"img-icon\" alt=\"null\" src=\"https:\/\/www.casalbranco.com\/pt\/wp-content\/uploads\/2024\/12\/social.png\"\/>\n<\/div><\/a><\/div><\/div><\/div><\/div><\/div><div class=\"wpb_column vc_column_container vc_col-sm-3\"><div class=\"vc_column-inner \"><div class=\"wpb_wrapper\"><\/div><\/div><\/div><\/div><\/div><div class=\"ult-spacer spacer-69e218b66349a\" data-id=\"69e218b66349a\" data-height=\"50\" data-height-mobile=\"50\" data-height-tab=\"50\" data-height-tab-portrait=\"\" data-height-mobile-landscape=\"\" style=\"clear:both;display:block;\"><\/div><div class=\"vc_row wpb_row vc_inner vc_row-fluid\"><div class=\"wpb_column vc_column_container vc_col-sm-8\"><div class=\"vc_column-inner \"><div class=\"wpb_wrapper\"><div class=\"ult-spacer spacer-69e218b66367b\" data-id=\"69e218b66367b\" data-height=\"100\" data-height-mobile=\"100\" data-height-tab=\"100\" data-height-tab-portrait=\"\" data-height-mobile-landscape=\"\" style=\"clear:both;display:block;\"><\/div>\n\t<div class=\"wpb_text_column wpb_content_element \" >\n\t\t<div class=\"wpb_wrapper\">\n\t\t\t<p style=\"font-size: 14px; text-align: right; font-family: 'montserrat';\"><a href=\"https:\/\/www.livroreclamacoes.pt\/inicio\" target=\"_blank\" rel=\"noopener noreferrer\"><strong>Livro de Reclama\u00e7\u00f5es<\/strong><\/a>\u00a0 \u00a0<a href=\"https:\/\/www.casalbranco.com\/pt\/politica-da-qualidade\/\" target=\"_blank\" rel=\"noopener noreferrer\"><strong>Pol\u00edtica da Qualidade<\/strong><\/a> \u00a0\u00a0 <a href=\"https:\/\/www.casalbranco.com\/pt\/politica-da-privacidade\/\" target=\"_blank\" rel=\"noopener noreferrer\"><strong>Pol\u00edtica da Privacidade<\/strong><\/a><\/p>\n\n\t\t<\/div>\n\t<\/div>\n\n\t<div class=\"wpb_text_column wpb_content_element  vc_custom_1761673930758\" >\n\t\t<div class=\"wpb_wrapper\">\n\t\t\t<p style=\"font-size: 14px; text-align: right; font-family: 'montserrat';\"><a href=\"https:\/\/www.casalbranco.com\/pt\/projectos-cofinanciados-pela-ue\/\" target=\"_blank\" rel=\"noopener noreferrer\"><strong>Projectos Cofinanciados pela UE<\/strong><\/a> \u00a0\u00a0 <a href=\"https:\/\/www.casalbranco.com\/ANEXOS\/QCB_RS_2024-FINAL.pdf\" target=\"_blank\" rel=\"noopener noreferrer\"><strong>Sustentabilidade<\/strong><\/a><\/p>\n\n\t\t<\/div>\n\t<\/div>\n<\/div><\/div><\/div><div class=\"wpb_column vc_column_container vc_col-sm-4\"><div class=\"vc_column-inner \"><div class=\"wpb_wrapper\"><div class=\"ult-spacer spacer-69e218b663863\" data-id=\"69e218b663863\" data-height=\"75\" data-height-mobile=\"75\" data-height-tab=\"75\" data-height-tab-portrait=\"\" data-height-mobile-landscape=\"\" style=\"clear:both;display:block;\"><\/div>\n\t<div class=\"wpb_text_column wpb_content_element \" >\n\t\t<div class=\"wpb_wrapper\">\n\t\t\t<p><img loading=\"lazy\" decoding=\"async\" class=\" wp-image-12450 aligncenter\" src=\"https:\/\/www.casalbranco.com\/pt\/wp-content\/uploads\/2019\/12\/barra_cofin_FEDER-1024x165-300x48.jpg\" alt=\"\" width=\"558\" height=\"89\" srcset=\"https:\/\/www.casalbranco.com\/pt\/wp-content\/uploads\/2019\/12\/barra_cofin_FEDER-1024x165-300x48.jpg 300w, https:\/\/www.casalbranco.com\/pt\/wp-content\/uploads\/2019\/12\/barra_cofin_FEDER-1024x165-500x81.jpg 500w, https:\/\/www.casalbranco.com\/pt\/wp-content\/uploads\/2019\/12\/barra_cofin_FEDER-1024x165-768x124.jpg 768w, https:\/\/www.casalbranco.com\/pt\/wp-content\/uploads\/2019\/12\/barra_cofin_FEDER-1024x165.jpg 1024w\" sizes=\"auto, (max-width: 558px) 100vw, 558px\" \/><\/p>\n\n\t\t<\/div>\n\t<\/div>\n<\/div><\/div><\/div><\/div><\/div><\/div><\/div><\/div><!-- Row Backgrounds --><div class=\"upb_color\" data-bg-override=\"0\" data-bg-color=\"#ffffff\" data-fadeout=\"\" data-fadeout-percentage=\"30\" data-parallax-content=\"\" data-parallax-content-sense=\"30\" data-row-effect-mobile-disable=\"true\" data-img-parallax-mobile-disable=\"true\" data-rtl=\"false\"  data-custom-vc-row=\"\"  data-vc=\"8.6.1\"  data-is_old_vc=\"\"  data-theme-support=\"\"   data-overlay=\"false\" data-overlay-color=\"\" data-overlay-pattern=\"\" data-overlay-pattern-opacity=\"\" data-overlay-pattern-size=\"\"    ><\/div><div class=\"vc_row wpb_row vc_row-fluid\"><div class=\"wpb_column vc_column_container vc_col-sm-7\"><div class=\"vc_column-inner \"><div class=\"wpb_wrapper\"><\/div><\/div><\/div><div class=\"wpb_column vc_column_container vc_col-sm-1\"><div class=\"vc_column-inner \"><div class=\"wpb_wrapper\"><div class=\"ult-just-icon-wrapper  \"><div class=\"align-icon\" style=\"text-align:center;\">\n<a class=\"aio-tooltip 69e218b663c98\" href=\"https:\/\/www.festivalentrequintas.com\/\" target=\"_blank\" rel=\"noopener\"  data-toggle=\"tooltip\" data-placement=\"\"><div class=\"aio-icon-img \" style=\"font-size:200px;display:inline-block;\" >\n\t<img decoding=\"async\" class=\"img-icon\" alt=\"null\" src=\"https:\/\/www.casalbranco.com\/pt\/wp-content\/uploads\/2024\/12\/Entre-Quintas.png\"\/>\n<\/div><\/a><\/div><\/div><\/div><\/div><\/div><div class=\"wpb_column vc_column_container vc_col-sm-1\"><div class=\"vc_column-inner \"><div class=\"wpb_wrapper\"><div class=\"ult-just-icon-wrapper  \"><div class=\"align-icon\" style=\"text-align:center;\">\n<a class=\"aio-tooltip 69e218b664056\" href=\"https:\/\/www.jardinshistoricos.pt\/ad\/624\" target=\"_blank\" rel=\"noopener\"  data-toggle=\"tooltip\" data-placement=\"\"><div class=\"aio-icon-img \" style=\"font-size:200px;display:inline-block;\" >\n\t<img decoding=\"async\" class=\"img-icon\" alt=\"null\" src=\"https:\/\/www.casalbranco.com\/pt\/wp-content\/uploads\/2024\/12\/Rota-dos-Jardins-Historicos-do-Tejo.png\"\/>\n<\/div><\/a><\/div><\/div><\/div><\/div><\/div><div class=\"wpb_column vc_column_container vc_col-sm-1\"><div class=\"vc_column-inner \"><div class=\"wpb_wrapper\"><div class=\"ult-just-icon-wrapper  \"><div class=\"align-icon\" style=\"text-align:center;\">\n<div class=\"aio-icon-img \" style=\"font-size:200px;display:inline-block;\" >\n\t<img decoding=\"async\" class=\"img-icon\" alt=\"null\" src=\"https:\/\/www.casalbranco.com\/pt\/wp-content\/uploads\/2024\/12\/Rota-dos-Vinhos-do-Tejo.png\"\/>\n<\/div><\/div><\/div><\/div><\/div><\/div><div class=\"wpb_column vc_column_container vc_col-sm-1\"><div class=\"vc_column-inner \"><div class=\"wpb_wrapper\"><div class=\"ult-just-icon-wrapper  \"><div class=\"align-icon\" style=\"text-align:center;\">\n<div class=\"aio-icon-img \" style=\"font-size:200px;display:inline-block;\" >\n\t<img decoding=\"async\" class=\"img-icon\" alt=\"null\" src=\"https:\/\/www.casalbranco.com\/pt\/wp-content\/uploads\/2024\/12\/WiM_Baseline-outside_Black.png\"\/>\n<\/div><\/div><\/div><\/div><\/div><\/div><div class=\"wpb_column vc_column_container vc_col-sm-1\"><div class=\"vc_column-inner \"><div class=\"wpb_wrapper\"><div class=\"ult-just-icon-wrapper  \"><div class=\"align-icon\" style=\"text-align:center;\">\n<div class=\"aio-icon-img \" style=\"font-size:200px;display:inline-block;\" >\n\t<img decoding=\"async\" class=\"img-icon\" alt=\"null\" src=\"https:\/\/www.casalbranco.com\/pt\/wp-content\/uploads\/2024\/12\/Portugal-Sou-Eu.png\"\/>\n<\/div><\/div><\/div><\/div><\/div><\/div><\/div>\n<\/div>","protected":false},"excerpt":{"rendered":"Hist\u00f3ria Quinta do Casal Branco fundada em 1775 \u00e9 uma das quintas mais emblem\u00e1ticas da regi\u00e3o de vinhos do Tejo, propriedade h\u00e1 mais de oito gera\u00e7\u00f5es da fam\u00edlia Braamcamp Sobral Lobo de Vasconcelos. A propriedade que durante quatro s\u00e9culos foi coutada real espraia-se hoje por 1.100 hectares. Desses, 130 hectares s\u00e3o ocupados por vinha em [...]","protected":false},"author":1,"featured_media":0,"parent":0,"menu_order":0,"comment_status":"closed","ping_status":"closed","template":"","meta":{"footnotes":""},"class_list":["post-11421","page","type-page","status-publish","hentry"],"_links":{"self":[{"href":"https:\/\/www.casalbranco.com\/pt\/en\/wp-json\/wp\/v2\/pages\/11421","targetHints":{"allow":["GET"]}}],"collection":[{"href":"https:\/\/www.casalbranco.com\/pt\/en\/wp-json\/wp\/v2\/pages"}],"about":[{"href":"https:\/\/www.casalbranco.com\/pt\/en\/wp-json\/wp\/v2\/types\/page"}],"author":[{"embeddable":true,"href":"https:\/\/www.casalbranco.com\/pt\/en\/wp-json\/wp\/v2\/users\/1"}],"replies":[{"embeddable":true,"href":"https:\/\/www.casalbranco.com\/pt\/en\/wp-json\/wp\/v2\/comments?post=11421"}],"version-history":[{"count":62,"href":"https:\/\/www.casalbranco.com\/pt\/en\/wp-json\/wp\/v2\/pages\/11421\/revisions"}],"predecessor-version":[{"id":15119,"href":"https:\/\/www.casalbranco.com\/pt\/en\/wp-json\/wp\/v2\/pages\/11421\/revisions\/15119"}],"wp:attachment":[{"href":"https:\/\/www.casalbranco.com\/pt\/en\/wp-json\/wp\/v2\/media?parent=11421"}],"curies":[{"name":"wp","href":"https:\/\/api.w.org\/{rel}","templated":true}]}}