{"id":14209,"date":"2023-08-04T16:10:51","date_gmt":"2023-08-04T16:10:51","guid":{"rendered":"https:\/\/www.casalbranco.com\/pt\/?page_id=14209"},"modified":"2023-08-04T17:06:12","modified_gmt":"2023-08-04T17:06:12","slug":"projectos-cofinanciados-pela-ue-melhorias-produtivas-na-adega","status":"publish","type":"page","link":"https:\/\/www.casalbranco.com\/pt\/en\/projectos-cofinanciados-pela-ue-melhorias-produtivas-na-adega\/","title":{"rendered":"Projectos Cofinanciados pela UE &#8211; Melhorias Produtivas na Adega"},"content":{"rendered":"<div class=\"wpb-content-wrapper\"><div class=\"vc_row wpb_row vc_row-fluid vc_custom_1575644712876\"><div class=\"wpb_column vc_column_container vc_col-sm-12\"><div class=\"vc_column-inner\"><div class=\"wpb_wrapper\"><div class=\"ult-animation  ult-animate-viewport  ult-no-mobile\" data-animate=\"fadeInDown\" data-animation-delay=\"1\" data-animation-duration=\"1\" data-animation-iteration=\"1\" style=\"opacity:0;\" data-opacity_start_effect=\"\"><div class='dt-sc-title script-with-sub-title aligncenter'><h2><\/h2><h3><\/h3><\/div>\n\t<div class=\"wpb_text_column wpb_content_element\" >\n\t\t<div class=\"wpb_wrapper\">\n\t\t\t<div id=\"content\">\n<p>&nbsp;<\/p>\n<\/div>\n<div id=\"content\">\n<p style=\"text-align: left;\"><span style=\"color: #000000;\"><strong><img loading=\"lazy\" decoding=\"async\" class=\"alignnone wp-image-14211\" src=\"https:\/\/www.casalbranco.com\/pt\/wp-content\/uploads\/2023\/08\/Projecto_UE_Melhorias-produtivas-na-Adega-300x31.jpg\" alt=\"\" width=\"464\" height=\"48\" srcset=\"https:\/\/www.casalbranco.com\/pt\/wp-content\/uploads\/2023\/08\/Projecto_UE_Melhorias-produtivas-na-Adega-300x31.jpg 300w, https:\/\/www.casalbranco.com\/pt\/wp-content\/uploads\/2023\/08\/Projecto_UE_Melhorias-produtivas-na-Adega-1024x106.jpg 1024w, https:\/\/www.casalbranco.com\/pt\/wp-content\/uploads\/2023\/08\/Projecto_UE_Melhorias-produtivas-na-Adega-768x79.jpg 768w, https:\/\/www.casalbranco.com\/pt\/wp-content\/uploads\/2023\/08\/Projecto_UE_Melhorias-produtivas-na-Adega-1536x159.jpg 1536w, https:\/\/www.casalbranco.com\/pt\/wp-content\/uploads\/2023\/08\/Projecto_UE_Melhorias-produtivas-na-Adega-18x2.jpg 18w, https:\/\/www.casalbranco.com\/pt\/wp-content\/uploads\/2023\/08\/Projecto_UE_Melhorias-produtivas-na-Adega-500x52.jpg 500w, https:\/\/www.casalbranco.com\/pt\/wp-content\/uploads\/2023\/08\/Projecto_UE_Melhorias-produtivas-na-Adega.jpg 1771w\" sizes=\"auto, (max-width: 464px) 100vw, 464px\" \/><\/strong><\/span><\/p>\n<p style=\"text-align: left;\"><span style=\"color: #000000;\"><strong>Designa\u00e7\u00e3o do projeto | Melhorias produtivas na Adega<\/strong><\/span><\/p>\n<p style=\"text-align: left;\"><span style=\"color: #000000;\"><strong>Project Code<\/strong><strong> | PDR2020-3.3.1-FEADER-035188<\/strong><\/span><\/p>\n<p style=\"text-align: left;\"><span style=\"color: #000000;\"><strong>Main Objective<\/strong><strong> | Refor\u00e7ar a competitividade de setor agroalimentar e florestal <\/strong><\/span><\/p>\n<p style=\"text-align: left;\"><span style=\"color: #000000;\"><strong>Intervention Region<\/strong><strong> | Santar\u00e9m <\/strong><\/span><\/p>\n<p style=\"text-align: left;\"><span style=\"color: #000000;\"><strong>Beneficiary<\/strong><strong> | Casal Branco \u2013 Sociedade de Vinhos, S.A.<\/strong><\/span><\/p>\n<p style=\"text-align: left;\"><span style=\"color: #000000;\"><strong>Approval Date<\/strong><strong> | 11-12-2019<\/strong><\/span><\/p>\n<p style=\"text-align: left;\"><span style=\"color: #000000;\"><strong>Start date<\/strong><strong> | 22-12-2015<\/strong><\/span><\/p>\n<p style=\"text-align: left;\"><span style=\"color: #000000;\"><strong>Conclusion Date<\/strong><strong> | 15-05-2023<\/strong><\/span><\/p>\n<p style=\"text-align: left;\"><span style=\"color: #000000;\"><strong>Total eligible cost<\/strong><strong> | 237.030,87 EUR<\/strong><\/span><\/p>\n<p style=\"text-align: left;\"><span style=\"color: #000000;\"><strong>European Union financial support<\/strong><strong> | FEDER \u2013 56.887,40 EUR<\/strong><\/span><\/p>\n<p style=\"text-align: left;\"><span style=\"color: #000000;\"><strong>Apoio financeiro p\u00fablico nacional\/regional | 14.221,87\u20ac<\/strong><\/span><\/p>\n<p style=\"text-align: justify;\"><span style=\"color: #000000;\"><strong>Objetivos, atividades e resultados esperados | <\/strong><\/span><span style=\"color: #000000;\">Este projeto tem como objetivo dotar a empresa com equipamentos mais modernos, que lhe permitam efetuar poupan\u00e7as energ\u00e9ticas, e em paralelo e n\u00e3o menos importante, produzir vinhos com maior qualidade, aumentando a quantidade produzida de vinhos de Gama Alta e Topo de Gama.<\/span><\/p>\n<p style=\"text-align: justify;\"><span style=\"color: #000000;\">Para responder a este objetivo, est\u00e3o inclu\u00eddos investimentos em barricas, visto que s\u00e3o estas gamas que mais estagiam em madeira<\/span>.<\/p>\n<p style=\"text-align: justify;\"><span style=\"color: #000000;\">Por outro lado, a adega \u00e9 muito antiga e, apesar de ter sido alvo de um investimento avultado em 2004, existem algumas \u00e1reas que n\u00e3o se encontram otimizadas e existe pouco espa\u00e7o para armazenamento de mat\u00e9rias secas e de produto acabado.<\/span><\/p>\n<p><span style=\"color: #000000;\">Por essa raz\u00e3o, foram inclu\u00eddos, neste projeto, investimentos que visam aumentar e melhorar as condi\u00e7\u00f5es de armazenamento. Por outro lado, tendo como objetivo a venda de maior quantidade de produto embalado, em especial nas gamas mais altas, torna-se vital para a empresa, otimizar as fun\u00e7\u00f5es desempenhadas pelos operadores, nomeadamente, atrav\u00e9s de melhorias a efetuar no final de linha de engarrafamento, que permitir\u00e3o libertar recursos humanos para outras fun\u00e7\u00f5es na adega e garantir maior qualidade no produto embalado.<\/span><span style=\"color: #000000; text-align: justify;\">\u00a0<\/span><\/p>\n<p>&nbsp;<\/p>\n<\/div>\n<p><img loading=\"lazy\" decoding=\"async\" class=\"wp-image-14213 alignleft\" src=\"https:\/\/www.casalbranco.com\/pt\/wp-content\/uploads\/2023\/08\/Consulai-300x141.jpg\" alt=\"\" width=\"136\" height=\"64\" srcset=\"https:\/\/www.casalbranco.com\/pt\/wp-content\/uploads\/2023\/08\/Consulai-300x141.jpg 300w, https:\/\/www.casalbranco.com\/pt\/wp-content\/uploads\/2023\/08\/Consulai-18x8.jpg 18w, https:\/\/www.casalbranco.com\/pt\/wp-content\/uploads\/2023\/08\/Consulai-420x200.jpg 420w, https:\/\/www.casalbranco.com\/pt\/wp-content\/uploads\/2023\/08\/Consulai.jpg 425w\" sizes=\"auto, (max-width: 136px) 100vw, 136px\" \/><\/p>\n\n\t\t<\/div>\n\t<\/div>\n<\/div><\/div><\/div><\/div><\/div>\n<\/div>","protected":false},"excerpt":{"rendered":"&nbsp; Designa\u00e7\u00e3o do projeto | Melhorias produtivas na Adega C\u00f3digo do projeto | PDR2020-3.3.1-FEADER-035188 Objetivo principal | Refor\u00e7ar a competitividade de setor agroalimentar e florestal Regi\u00e3o de interven\u00e7\u00e3o | Santar\u00e9m Entidade benefici\u00e1ria | Casal Branco \u2013 Sociedade de Vinhos, S.A. Data da aprova\u00e7\u00e3o | 11-12-2019 Data de in\u00edcio | 22-12-2015 Data de conclus\u00e3o | 15-05-2023 [...]","protected":false},"author":1,"featured_media":0,"parent":0,"menu_order":0,"comment_status":"closed","ping_status":"closed","template":"","meta":{"footnotes":""},"class_list":["post-14209","page","type-page","status-publish","hentry"],"_links":{"self":[{"href":"https:\/\/www.casalbranco.com\/pt\/en\/wp-json\/wp\/v2\/pages\/14209","targetHints":{"allow":["GET"]}}],"collection":[{"href":"https:\/\/www.casalbranco.com\/pt\/en\/wp-json\/wp\/v2\/pages"}],"about":[{"href":"https:\/\/www.casalbranco.com\/pt\/en\/wp-json\/wp\/v2\/types\/page"}],"author":[{"embeddable":true,"href":"https:\/\/www.casalbranco.com\/pt\/en\/wp-json\/wp\/v2\/users\/1"}],"replies":[{"embeddable":true,"href":"https:\/\/www.casalbranco.com\/pt\/en\/wp-json\/wp\/v2\/comments?post=14209"}],"version-history":[{"count":9,"href":"https:\/\/www.casalbranco.com\/pt\/en\/wp-json\/wp\/v2\/pages\/14209\/revisions"}],"predecessor-version":[{"id":14228,"href":"https:\/\/www.casalbranco.com\/pt\/en\/wp-json\/wp\/v2\/pages\/14209\/revisions\/14228"}],"wp:attachment":[{"href":"https:\/\/www.casalbranco.com\/pt\/en\/wp-json\/wp\/v2\/media?parent=14209"}],"curies":[{"name":"wp","href":"https:\/\/api.w.org\/{rel}","templated":true}]}}