{"id":14475,"date":"2024-12-16T09:10:55","date_gmt":"2024-12-16T09:10:55","guid":{"rendered":"https:\/\/www.casalbranco.com\/pt\/?page_id=14475"},"modified":"2025-10-29T09:13:48","modified_gmt":"2025-10-29T09:13:48","slug":"falcoaria","status":"publish","type":"page","link":"https:\/\/www.casalbranco.com\/pt\/en\/vinhos\/falcoaria\/","title":{"rendered":"Falcoaria"},"content":{"rendered":"<div class=\"wpb-content-wrapper\"><div class=\"vc_row wpb_row vc_row-fluid\"><div class=\"wpb_column vc_column_container vc_col-sm-12\"><div class=\"vc_column-inner\"><div class=\"wpb_wrapper\"><h2 class=\"align left\">Falcoaria<\/h2><div class=\"vc_empty_space\"   style=\"height: 32px\"><span class=\"vc_empty_space_inner\"><\/span><\/div>\n\t<div class=\"wpb_text_column wpb_content_element  align left\" >\n\t\t<div class=\"wpb_wrapper\">\n\t\t\t<p><span style=\"font-weight: 100; font-size: 16px; color: #000000; font-family: 'montserrat';\">It was on these lands that grandiose royal hunts with falcons once took place, and the 16th-century dovecote still stands majestically today, keeping within it the memories of the Noble Art of Falconry. In homage to this tradition, the name Falcoaria was given to one of the Quinta's most emblematic wine ranges. Falcoaria wines are made from centuries-old vines and only in exceptional years. They express the highest quality. <\/span><\/p>\n\n\t\t<\/div>\n\t<\/div>\n<div class=\"vc_empty_space\"   style=\"height: 32px\"><span class=\"vc_empty_space_inner\"><\/span><\/div><div class=\"vc_row wpb_row vc_inner vc_row-fluid\"><div class=\"wpb_column vc_column_container vc_col-sm-3\"><div class=\"vc_column-inner\"><div class=\"wpb_wrapper\">\n\t<div  class=\"wpb_single_image wpb_content_element vc_align_center wpb_content_element\">\n\t\t\n\t\t<figure class=\"wpb_wrapper vc_figure\">\n\t\t\t<a href=\"https:\/\/www.casalbranco.com\/pt\/produto\/falcoaria-vinhas-velhas\" target=\"_blank\" class=\"vc_single_image-wrapper   vc_box_border_grey\"><img loading=\"lazy\" decoding=\"async\" width=\"1024\" height=\"1024\" src=\"https:\/\/www.casalbranco.com\/pt\/wp-content\/uploads\/2024\/12\/Falcoaria-Vinhas-Velhas_branco-1-1024x1024.png\" class=\"vc_single_image-img attachment-large\" alt=\"\" title=\"Falcoaria Vinhas Velhas_branco\" srcset=\"https:\/\/www.casalbranco.com\/pt\/wp-content\/uploads\/2024\/12\/Falcoaria-Vinhas-Velhas_branco-1-1024x1024.png 1024w, https:\/\/www.casalbranco.com\/pt\/wp-content\/uploads\/2024\/12\/Falcoaria-Vinhas-Velhas_branco-1-300x300.png 300w, https:\/\/www.casalbranco.com\/pt\/wp-content\/uploads\/2024\/12\/Falcoaria-Vinhas-Velhas_branco-1-150x150.png 150w, https:\/\/www.casalbranco.com\/pt\/wp-content\/uploads\/2024\/12\/Falcoaria-Vinhas-Velhas_branco-1-768x768.png 768w, https:\/\/www.casalbranco.com\/pt\/wp-content\/uploads\/2024\/12\/Falcoaria-Vinhas-Velhas_branco-1-12x12.png 12w, https:\/\/www.casalbranco.com\/pt\/wp-content\/uploads\/2024\/12\/Falcoaria-Vinhas-Velhas_branco-1-500x500.png 500w, https:\/\/www.casalbranco.com\/pt\/wp-content\/uploads\/2024\/12\/Falcoaria-Vinhas-Velhas_branco-1-100x100.png 100w, https:\/\/www.casalbranco.com\/pt\/wp-content\/uploads\/2024\/12\/Falcoaria-Vinhas-Velhas_branco-1.png 1080w\" sizes=\"auto, (max-width: 1024px) 100vw, 1024px\" \/><\/a>\n\t\t<\/figure>\n\t<\/div>\n\n\t<div class=\"wpb_text_column wpb_content_element\" >\n\t\t<div class=\"wpb_wrapper\">\n\t\t\t<p style=\"text-align: center;\"><strong><span style=\"font-size: 14px; color: #000000; font-family: montserrat;\">OLD WINES<\/span><\/strong><\/p>\n\n\t\t<\/div>\n\t<\/div>\n<\/div><\/div><\/div><div class=\"wpb_column vc_column_container vc_col-sm-3\"><div class=\"vc_column-inner\"><div class=\"wpb_wrapper\">\n\t<div  class=\"wpb_single_image wpb_content_element vc_align_center wpb_content_element\">\n\t\t\n\t\t<figure class=\"wpb_wrapper vc_figure\">\n\t\t\t<a href=\"https:\/\/www.casalbranco.com\/pt\/produto\/falcoaria-tinto\" target=\"_blank\" class=\"vc_single_image-wrapper   vc_box_border_grey\"><img loading=\"lazy\" decoding=\"async\" width=\"1024\" height=\"1024\" src=\"https:\/\/www.casalbranco.com\/pt\/wp-content\/uploads\/2024\/12\/Falcoaria-Tinto_sub-1024x1024.png\" class=\"vc_single_image-img attachment-large\" alt=\"\" title=\"Falcoaria Tinto_sub\" srcset=\"https:\/\/www.casalbranco.com\/pt\/wp-content\/uploads\/2024\/12\/Falcoaria-Tinto_sub-1024x1024.png 1024w, https:\/\/www.casalbranco.com\/pt\/wp-content\/uploads\/2024\/12\/Falcoaria-Tinto_sub-300x300.png 300w, https:\/\/www.casalbranco.com\/pt\/wp-content\/uploads\/2024\/12\/Falcoaria-Tinto_sub-150x150.png 150w, https:\/\/www.casalbranco.com\/pt\/wp-content\/uploads\/2024\/12\/Falcoaria-Tinto_sub-768x768.png 768w, https:\/\/www.casalbranco.com\/pt\/wp-content\/uploads\/2024\/12\/Falcoaria-Tinto_sub-12x12.png 12w, https:\/\/www.casalbranco.com\/pt\/wp-content\/uploads\/2024\/12\/Falcoaria-Tinto_sub-500x500.png 500w, https:\/\/www.casalbranco.com\/pt\/wp-content\/uploads\/2024\/12\/Falcoaria-Tinto_sub-100x100.png 100w, https:\/\/www.casalbranco.com\/pt\/wp-content\/uploads\/2024\/12\/Falcoaria-Tinto_sub.png 1080w\" sizes=\"auto, (max-width: 1024px) 100vw, 1024px\" \/><\/a>\n\t\t<\/figure>\n\t<\/div>\n\n\t<div class=\"wpb_text_column wpb_content_element\" >\n\t\t<div class=\"wpb_wrapper\">\n\t\t\t<p style=\"text-align: center;\"><strong><span style=\"font-size: 14px; color: #000000; font-family: montserrat;\">CLASSIC<\/span><\/strong><\/p>\n\n\t\t<\/div>\n\t<\/div>\n<\/div><\/div><\/div><div class=\"wpb_column vc_column_container vc_col-sm-3\"><div class=\"vc_column-inner\"><div class=\"wpb_wrapper\">\n\t<div  class=\"wpb_single_image wpb_content_element vc_align_center wpb_content_element\">\n\t\t\n\t\t<figure class=\"wpb_wrapper vc_figure\">\n\t\t\t<a href=\"https:\/\/www.casalbranco.com\/pt\/produto\/falcoaria-grande-reserva\" target=\"_blank\" class=\"vc_single_image-wrapper   vc_box_border_grey\"><img loading=\"lazy\" decoding=\"async\" width=\"1024\" height=\"1024\" src=\"https:\/\/www.casalbranco.com\/pt\/wp-content\/uploads\/2024\/12\/Falcoaria-Grande-Reserva_PNG-1-1024x1024.png\" class=\"vc_single_image-img attachment-large\" alt=\"\" title=\"Falcoaria Grande Reserva_PNG\" srcset=\"https:\/\/www.casalbranco.com\/pt\/wp-content\/uploads\/2024\/12\/Falcoaria-Grande-Reserva_PNG-1-1024x1024.png 1024w, https:\/\/www.casalbranco.com\/pt\/wp-content\/uploads\/2024\/12\/Falcoaria-Grande-Reserva_PNG-1-300x300.png 300w, https:\/\/www.casalbranco.com\/pt\/wp-content\/uploads\/2024\/12\/Falcoaria-Grande-Reserva_PNG-1-150x150.png 150w, https:\/\/www.casalbranco.com\/pt\/wp-content\/uploads\/2024\/12\/Falcoaria-Grande-Reserva_PNG-1-768x768.png 768w, https:\/\/www.casalbranco.com\/pt\/wp-content\/uploads\/2024\/12\/Falcoaria-Grande-Reserva_PNG-1-12x12.png 12w, https:\/\/www.casalbranco.com\/pt\/wp-content\/uploads\/2024\/12\/Falcoaria-Grande-Reserva_PNG-1-500x500.png 500w, https:\/\/www.casalbranco.com\/pt\/wp-content\/uploads\/2024\/12\/Falcoaria-Grande-Reserva_PNG-1-100x100.png 100w, https:\/\/www.casalbranco.com\/pt\/wp-content\/uploads\/2024\/12\/Falcoaria-Grande-Reserva_PNG-1.png 1080w\" sizes=\"auto, (max-width: 1024px) 100vw, 1024px\" \/><\/a>\n\t\t<\/figure>\n\t<\/div>\n\n\t<div class=\"wpb_text_column wpb_content_element\" >\n\t\t<div class=\"wpb_wrapper\">\n\t\t\t<p style=\"text-align: center;\"><strong><span style=\"font-size: 14px; color: #000000; font-family: montserrat;\">GREAT RESERVE<\/span><\/strong><\/p>\n\n\t\t<\/div>\n\t<\/div>\n<\/div><\/div><\/div><div class=\"wpb_column vc_column_container vc_col-sm-3\"><div class=\"vc_column-inner\"><div class=\"wpb_wrapper\">\n\t<div  class=\"wpb_single_image wpb_content_element vc_align_center wpb_content_element\">\n\t\t\n\t\t<figure class=\"wpb_wrapper vc_figure\">\n\t\t\t<a href=\"https:\/\/www.casalbranco.com\/pt\/produto\/falcoaria-colheita-tardia-branco\" target=\"_blank\" class=\"vc_single_image-wrapper   vc_box_border_grey\"><img loading=\"lazy\" decoding=\"async\" width=\"1024\" height=\"1024\" src=\"https:\/\/www.casalbranco.com\/pt\/wp-content\/uploads\/2024\/12\/Falcoaria-Late-Harvest-1-1024x1024.png\" class=\"vc_single_image-img attachment-large\" alt=\"\" title=\"Falcoaria Late Harvest\" srcset=\"https:\/\/www.casalbranco.com\/pt\/wp-content\/uploads\/2024\/12\/Falcoaria-Late-Harvest-1-1024x1024.png 1024w, https:\/\/www.casalbranco.com\/pt\/wp-content\/uploads\/2024\/12\/Falcoaria-Late-Harvest-1-300x300.png 300w, https:\/\/www.casalbranco.com\/pt\/wp-content\/uploads\/2024\/12\/Falcoaria-Late-Harvest-1-150x150.png 150w, https:\/\/www.casalbranco.com\/pt\/wp-content\/uploads\/2024\/12\/Falcoaria-Late-Harvest-1-768x768.png 768w, https:\/\/www.casalbranco.com\/pt\/wp-content\/uploads\/2024\/12\/Falcoaria-Late-Harvest-1-12x12.png 12w, https:\/\/www.casalbranco.com\/pt\/wp-content\/uploads\/2024\/12\/Falcoaria-Late-Harvest-1-500x500.png 500w, https:\/\/www.casalbranco.com\/pt\/wp-content\/uploads\/2024\/12\/Falcoaria-Late-Harvest-1-100x100.png 100w, https:\/\/www.casalbranco.com\/pt\/wp-content\/uploads\/2024\/12\/Falcoaria-Late-Harvest-1.png 1080w\" sizes=\"auto, (max-width: 1024px) 100vw, 1024px\" \/><\/a>\n\t\t<\/figure>\n\t<\/div>\n\n\t<div class=\"wpb_text_column wpb_content_element\" >\n\t\t<div class=\"wpb_wrapper\">\n\t\t\t<p style=\"text-align: center;\"><strong><span style=\"font-size: 14px; color: #000000; font-family: montserrat;\">LATE HARVEST<\/span><\/strong><\/p>\n\n\t\t<\/div>\n\t<\/div>\n<\/div><\/div><\/div><\/div><\/div><\/div><\/div><\/div><div class=\"vc_row wpb_row vc_row-fluid\"><div class=\"wpb_column vc_column_container vc_col-sm-12\"><div class=\"vc_column-inner\"><div class=\"wpb_wrapper\"><div class=\"ult-spacer spacer-69f41414556d1\" data-id=\"69f41414556d1\" data-height=\"70\" data-height-mobile=\"70\" data-height-tab=\"70\" data-height-tab-portrait=\"\" data-height-mobile-landscape=\"\" style=\"clear:both;display:block;\"><\/div><\/div><\/div><\/div><\/div><div class=\"vc_row wpb_row vc_row-fluid\"><div class=\"wpb_column vc_column_container vc_col-sm-4\"><div class=\"vc_column-inner\"><div class=\"wpb_wrapper\"><\/div><\/div><\/div><div class=\"wpb_column vc_column_container vc_col-sm-1\"><div class=\"vc_column-inner\"><div class=\"wpb_wrapper\"><div class=\"ult-just-icon-wrapper\"><div class=\"align-icon\" style=\"text-align:center;\">\n<a class=\"aio-tooltip 69f4141455989\" href=\"https:\/\/www.facebook.com\/quintadocasalbranco\/\" target=\"_blank\" rel=\"noopener\"  data-toggle=\"tooltip\" data-placement=\"\"><div class=\"aio-icon-img\" style=\"font-size:35px;display:inline-block;\" >\n\t<img decoding=\"async\" class=\"img-icon\" alt=\"null\" src=\"https:\/\/www.casalbranco.com\/pt\/wp-content\/uploads\/2024\/12\/facebook.png\"\/>\n<\/div><\/a><\/div><\/div><\/div><\/div><\/div><div class=\"wpb_column vc_column_container vc_col-sm-1\"><div class=\"vc_column-inner\"><div class=\"wpb_wrapper\"><div class=\"ult-just-icon-wrapper\"><div class=\"align-icon\" style=\"text-align:center;\">\n<a class=\"aio-tooltip 69f4141455e45\" href=\"https:\/\/www.instagram.com\/quintadocasalbranco\/\" target=\"_blank\" rel=\"noopener\"  data-toggle=\"tooltip\" data-placement=\"\"><div class=\"aio-icon-img\" style=\"font-size:35px;display:inline-block;\" >\n\t<img decoding=\"async\" class=\"img-icon\" alt=\"null\" src=\"https:\/\/www.casalbranco.com\/pt\/wp-content\/uploads\/2024\/12\/instagram.png\"\/>\n<\/div><\/a><\/div><\/div><\/div><\/div><\/div><div class=\"wpb_column vc_column_container vc_col-sm-1\"><div class=\"vc_column-inner\"><div class=\"wpb_wrapper\"><div class=\"ult-just-icon-wrapper\"><div class=\"align-icon\" style=\"text-align:center;\">\n<a class=\"aio-tooltip 69f4141456226\" href=\"https:\/\/www.linkedin.com\/company\/quinta-do-casal-branco\/\" target=\"_blank\" rel=\"noopener\"  data-toggle=\"tooltip\" data-placement=\"\"><div class=\"aio-icon-img\" style=\"font-size:35px;display:inline-block;\" >\n\t<img decoding=\"async\" class=\"img-icon\" alt=\"null\" src=\"https:\/\/www.casalbranco.com\/pt\/wp-content\/uploads\/2024\/12\/linkedin.png\"\/>\n<\/div><\/a><\/div><\/div><\/div><\/div><\/div><div class=\"wpb_column vc_column_container vc_col-sm-1\"><div class=\"vc_column-inner\"><div class=\"wpb_wrapper\"><div class=\"ult-just-icon-wrapper\"><div class=\"align-icon\" style=\"text-align:center;\">\n<a class=\"aio-tooltip 69f41414568f6\" href=\"https:\/\/www.tripadvisor.pt\/Attraction_Review-g2589401-d10509049-Reviews-Quinta_do_Casal_Branco-Almeirim_Santarem_District_Central_Portugal.html\" target=\"_blank\" rel=\"noopener\"  data-toggle=\"tooltip\" data-placement=\"\"><div class=\"aio-icon-img\" style=\"font-size:35px;display:inline-block;\" >\n\t<img decoding=\"async\" class=\"img-icon\" alt=\"null\" src=\"https:\/\/www.casalbranco.com\/pt\/wp-content\/uploads\/2024\/12\/social.png\"\/>\n<\/div><\/a><\/div><\/div><\/div><\/div><\/div><div class=\"wpb_column vc_column_container vc_col-sm-3\"><div class=\"vc_column-inner\"><div class=\"wpb_wrapper\"><\/div><\/div><\/div><\/div><div class=\"vc_row wpb_row vc_row-fluid\"><div class=\"wpb_column vc_column_container vc_col-sm-12\"><div class=\"vc_column-inner\"><div class=\"wpb_wrapper\"><div class=\"ult-spacer spacer-69f4141457054\" data-id=\"69f4141457054\" data-height=\"50\" data-height-mobile=\"50\" data-height-tab=\"50\" data-height-tab-portrait=\"\" data-height-mobile-landscape=\"\" style=\"clear:both;display:block;\"><\/div><\/div><\/div><\/div><\/div><div class=\"vc_row wpb_row vc_row-fluid\"><div class=\"wpb_column vc_column_container vc_col-sm-8\"><div class=\"vc_column-inner\"><div class=\"wpb_wrapper\"><div class=\"ult-spacer spacer-69f414145728b\" data-id=\"69f414145728b\" data-height=\"100\" data-height-mobile=\"100\" data-height-tab=\"100\" data-height-tab-portrait=\"\" data-height-mobile-landscape=\"\" style=\"clear:both;display:block;\"><\/div>\n\t<div class=\"wpb_text_column wpb_content_element\" >\n\t\t<div class=\"wpb_wrapper\">\n\t\t\t<p style=\"font-size: 14px; text-align: right; font-family: 'montserrat';\"><a href=\"https:\/\/www.livroreclamacoes.pt\/inicio\" target=\"_blank\" rel=\"noopener noreferrer\"><strong>Online Complains Book<\/strong><\/a>\u00a0 \u00a0<a href=\"https:\/\/www.casalbranco.com\/pt\/politica-da-qualidade\/\" target=\"_blank\" rel=\"noopener noreferrer\"><strong>Quality Policy<\/strong><\/a> \u00a0\u00a0 <a href=\"https:\/\/www.casalbranco.com\/pt\/politica-da-privacidade\/\" target=\"_blank\" rel=\"noopener noreferrer\"><strong>Privacy Policy<\/strong><\/a><\/p>\n\n\t\t<\/div>\n\t<\/div>\n\n\t<div class=\"wpb_text_column wpb_content_element  vc_custom_1761729228213\" >\n\t\t<div class=\"wpb_wrapper\">\n\t\t\t<p style=\"font-size: 14px; text-align: right; font-family: 'montserrat';\"><a href=\"https:\/\/www.casalbranco.com\/pt\/projectos-cofinanciados-pela-ue\/\" target=\"_blank\" rel=\"noopener noreferrer\"><strong>EU Co-financed Projects<\/strong><\/a> \u00a0\u00a0 <a href=\"https:\/\/www.casalbranco.com\/ANEXOS\/QCB_RS_2024-FINAL.pdf\" target=\"_blank\" rel=\"noopener noreferrer\"><strong>Sustainability<\/strong><\/a><\/p>\n\n\t\t<\/div>\n\t<\/div>\n<\/div><\/div><\/div><div class=\"wpb_column vc_column_container vc_col-sm-4\"><div class=\"vc_column-inner\"><div class=\"wpb_wrapper\"><div class=\"ult-spacer spacer-69f4141457481\" data-id=\"69f4141457481\" data-height=\"75\" data-height-mobile=\"75\" data-height-tab=\"75\" data-height-tab-portrait=\"\" data-height-mobile-landscape=\"\" style=\"clear:both;display:block;\"><\/div>\n\t<div class=\"wpb_text_column wpb_content_element\" >\n\t\t<div class=\"wpb_wrapper\">\n\t\t\t<p><img loading=\"lazy\" decoding=\"async\" class=\"wp-image-12450 aligncenter\" src=\"https:\/\/www.casalbranco.com\/pt\/wp-content\/uploads\/2019\/12\/barra_cofin_FEDER-1024x165-300x48.jpg\" alt=\"\" width=\"558\" height=\"89\" srcset=\"https:\/\/www.casalbranco.com\/pt\/wp-content\/uploads\/2019\/12\/barra_cofin_FEDER-1024x165-300x48.jpg 300w, https:\/\/www.casalbranco.com\/pt\/wp-content\/uploads\/2019\/12\/barra_cofin_FEDER-1024x165-500x81.jpg 500w, https:\/\/www.casalbranco.com\/pt\/wp-content\/uploads\/2019\/12\/barra_cofin_FEDER-1024x165-768x124.jpg 768w, https:\/\/www.casalbranco.com\/pt\/wp-content\/uploads\/2019\/12\/barra_cofin_FEDER-1024x165.jpg 1024w\" sizes=\"auto, (max-width: 558px) 100vw, 558px\" \/><\/p>\n\n\t\t<\/div>\n\t<\/div>\n<\/div><\/div><\/div><\/div><div class=\"vc_row wpb_row vc_row-fluid\"><div class=\"wpb_column vc_column_container vc_col-sm-7\"><div class=\"vc_column-inner\"><div class=\"wpb_wrapper\"><\/div><\/div><\/div><div class=\"wpb_column vc_column_container vc_col-sm-1\"><div class=\"vc_column-inner\"><div class=\"wpb_wrapper\"><div class=\"ult-just-icon-wrapper\"><div class=\"align-icon\" style=\"text-align:center;\">\n<a class=\"aio-tooltip 69f4141457728\" href=\"https:\/\/www.festivalentrequintas.com\/\" target=\"_blank\" rel=\"noopener\"  data-toggle=\"tooltip\" data-placement=\"\"><div class=\"aio-icon-img\" style=\"font-size:200px;display:inline-block;\" >\n\t<img decoding=\"async\" class=\"img-icon\" alt=\"null\" src=\"https:\/\/www.casalbranco.com\/pt\/wp-content\/uploads\/2024\/12\/Entre-Quintas.png\"\/>\n<\/div><\/a><\/div><\/div><\/div><\/div><\/div><div class=\"wpb_column vc_column_container vc_col-sm-1\"><div class=\"vc_column-inner\"><div class=\"wpb_wrapper\"><div class=\"ult-just-icon-wrapper\"><div class=\"align-icon\" style=\"text-align:center;\">\n<a class=\"aio-tooltip 69f4141457a7b\" href=\"https:\/\/www.jardinshistoricos.pt\/ad\/624\" target=\"_blank\" rel=\"noopener\"  data-toggle=\"tooltip\" data-placement=\"\"><div class=\"aio-icon-img\" style=\"font-size:200px;display:inline-block;\" >\n\t<img decoding=\"async\" class=\"img-icon\" alt=\"null\" src=\"https:\/\/www.casalbranco.com\/pt\/wp-content\/uploads\/2024\/12\/Rota-dos-Jardins-Historicos-do-Tejo.png\"\/>\n<\/div><\/a><\/div><\/div><\/div><\/div><\/div><div class=\"wpb_column vc_column_container vc_col-sm-1\"><div class=\"vc_column-inner\"><div class=\"wpb_wrapper\"><div class=\"ult-just-icon-wrapper\"><div class=\"align-icon\" style=\"text-align:center;\">\n<div class=\"aio-icon-img\" style=\"font-size:200px;display:inline-block;\" >\n\t<img decoding=\"async\" class=\"img-icon\" alt=\"null\" src=\"https:\/\/www.casalbranco.com\/pt\/wp-content\/uploads\/2024\/12\/Rota-dos-Vinhos-do-Tejo.png\"\/>\n<\/div><\/div><\/div><\/div><\/div><\/div><div class=\"wpb_column vc_column_container vc_col-sm-1\"><div class=\"vc_column-inner\"><div class=\"wpb_wrapper\"><div class=\"ult-just-icon-wrapper\"><div class=\"align-icon\" style=\"text-align:center;\">\n<div class=\"aio-icon-img\" style=\"font-size:200px;display:inline-block;\" >\n\t<img decoding=\"async\" class=\"img-icon\" alt=\"null\" src=\"https:\/\/www.casalbranco.com\/pt\/wp-content\/uploads\/2024\/12\/WiM_Baseline-outside_Black.png\"\/>\n<\/div><\/div><\/div><\/div><\/div><\/div><div class=\"wpb_column vc_column_container vc_col-sm-1\"><div class=\"vc_column-inner\"><div class=\"wpb_wrapper\"><div class=\"ult-just-icon-wrapper\"><div class=\"align-icon\" style=\"text-align:center;\">\n<div class=\"aio-icon-img\" style=\"font-size:200px;display:inline-block;\" >\n\t<img decoding=\"async\" class=\"img-icon\" alt=\"null\" src=\"https:\/\/www.casalbranco.com\/pt\/wp-content\/uploads\/2024\/12\/Portugal-Sou-Eu.png\"\/>\n<\/div><\/div><\/div><\/div><\/div><\/div><\/div>\n<\/div>","protected":false},"excerpt":{"rendered":"Falcoaria Foi nestas terras que outrora se realizaram grandiosas ca\u00e7adas Reais com falc\u00f5es, impondo-se ainda hoje, majestoso, o pombal do S\u00e9c. XVI, guardando em si as mem\u00f3rias da Nobre Arte da Falcoaria. Em homenagem a esta tradi\u00e7\u00e3o, deu-se o nome Falcoaria a uma das gamas de vinho mais emblem\u00e1ticos desta Quinta. Os vinhos Falcoaria s\u00e3o [...]","protected":false},"author":2,"featured_media":0,"parent":7896,"menu_order":0,"comment_status":"closed","ping_status":"closed","template":"","meta":{"footnotes":""},"class_list":["post-14475","page","type-page","status-publish","hentry"],"_links":{"self":[{"href":"https:\/\/www.casalbranco.com\/pt\/en\/wp-json\/wp\/v2\/pages\/14475","targetHints":{"allow":["GET"]}}],"collection":[{"href":"https:\/\/www.casalbranco.com\/pt\/en\/wp-json\/wp\/v2\/pages"}],"about":[{"href":"https:\/\/www.casalbranco.com\/pt\/en\/wp-json\/wp\/v2\/types\/page"}],"author":[{"embeddable":true,"href":"https:\/\/www.casalbranco.com\/pt\/en\/wp-json\/wp\/v2\/users\/2"}],"replies":[{"embeddable":true,"href":"https:\/\/www.casalbranco.com\/pt\/en\/wp-json\/wp\/v2\/comments?post=14475"}],"version-history":[{"count":20,"href":"https:\/\/www.casalbranco.com\/pt\/en\/wp-json\/wp\/v2\/pages\/14475\/revisions"}],"predecessor-version":[{"id":15125,"href":"https:\/\/www.casalbranco.com\/pt\/en\/wp-json\/wp\/v2\/pages\/14475\/revisions\/15125"}],"up":[{"embeddable":true,"href":"https:\/\/www.casalbranco.com\/pt\/en\/wp-json\/wp\/v2\/pages\/7896"}],"wp:attachment":[{"href":"https:\/\/www.casalbranco.com\/pt\/en\/wp-json\/wp\/v2\/media?parent=14475"}],"curies":[{"name":"wp","href":"https:\/\/api.w.org\/{rel}","templated":true}]}}