{"id":14523,"date":"2024-12-16T22:59:40","date_gmt":"2024-12-16T22:59:40","guid":{"rendered":"https:\/\/www.casalbranco.com\/pt\/?page_id=14523"},"modified":"2025-11-10T17:10:19","modified_gmt":"2025-11-10T17:10:19","slug":"peter-and-the-wolf","status":"publish","type":"page","link":"https:\/\/www.casalbranco.com\/pt\/en\/vinhos\/peter-and-the-wolf\/","title":{"rendered":"Peter And The Wolf"},"content":{"rendered":"<div class=\"wpb-content-wrapper\"><div class=\"vc_row wpb_row vc_row-fluid\"><div class=\"wpb_column vc_column_container vc_col-sm-12\"><div class=\"vc_column-inner\"><div class=\"wpb_wrapper\"><h2 class=\"align left\">Peter And The Wolf<\/h2><div class=\"vc_empty_space\"   style=\"height: 32px\"><span class=\"vc_empty_space_inner\"><\/span><\/div>\n\t<div class=\"wpb_text_column wpb_content_element  align left\" >\n\t\t<div class=\"wpb_wrapper\">\n\t\t\t<p><span style=\"font-weight: 100; font-size: 16px; color: #000000; font-family: 'montserrat';\">Peter and the Wolf wines remind us of youth and irreverence. These wines are a hymn to youthfulness, exuberant, captivating, full of freshness and intensity. In an analogy to Sergei Prokofiev's work, each bottle shows wine lovers the different notes that characterize them. <\/span><\/p>\n\n\t\t<\/div>\n\t<\/div>\n<div class=\"vc_empty_space\"   style=\"height: 32px\"><span class=\"vc_empty_space_inner\"><\/span><\/div><div class=\"vc_row wpb_row vc_inner vc_row-fluid\"><div class=\"wpb_column vc_column_container vc_col-sm-1\/5\"><div class=\"vc_column-inner\"><div class=\"wpb_wrapper\"><\/div><\/div><\/div><div class=\"wpb_column vc_column_container vc_col-sm-1\/5\"><div class=\"vc_column-inner\"><div class=\"wpb_wrapper\">\n\t<div  class=\"wpb_single_image wpb_content_element vc_align_center wpb_content_element\">\n\t\t\n\t\t<figure class=\"wpb_wrapper vc_figure\">\n\t\t\t<a href=\"https:\/\/www.casalbranco.com\/pt\/produto\/peter-and-the-wolf-2024\/\" target=\"_self\" class=\"vc_single_image-wrapper   vc_box_border_grey\"><img loading=\"lazy\" decoding=\"async\" width=\"1000\" height=\"1000\" src=\"https:\/\/www.casalbranco.com\/pt\/wp-content\/uploads\/2022\/05\/Peter_Branco.jpg\" class=\"vc_single_image-img attachment-large\" alt=\"\" title=\"Peter_Branco\" srcset=\"https:\/\/www.casalbranco.com\/pt\/wp-content\/uploads\/2022\/05\/Peter_Branco.jpg 1000w, https:\/\/www.casalbranco.com\/pt\/wp-content\/uploads\/2022\/05\/Peter_Branco-300x300.jpg 300w, https:\/\/www.casalbranco.com\/pt\/wp-content\/uploads\/2022\/05\/Peter_Branco-150x150.jpg 150w, https:\/\/www.casalbranco.com\/pt\/wp-content\/uploads\/2022\/05\/Peter_Branco-768x768.jpg 768w, https:\/\/www.casalbranco.com\/pt\/wp-content\/uploads\/2022\/05\/Peter_Branco-12x12.jpg 12w, https:\/\/www.casalbranco.com\/pt\/wp-content\/uploads\/2022\/05\/Peter_Branco-500x500.jpg 500w, https:\/\/www.casalbranco.com\/pt\/wp-content\/uploads\/2022\/05\/Peter_Branco-100x100.jpg 100w\" sizes=\"auto, (max-width: 1000px) 100vw, 1000px\" \/><\/a>\n\t\t<\/figure>\n\t<\/div>\n\n\t<div class=\"wpb_text_column wpb_content_element\" >\n\t\t<div class=\"wpb_wrapper\">\n\t\t\t<p style=\"text-align: center;\"><strong><span style=\"font-size: 14px; color: #000000; font-family: montserrat;\">WHITE<\/span><\/strong><\/p>\n\n\t\t<\/div>\n\t<\/div>\n<\/div><\/div><\/div><div class=\"wpb_column vc_column_container vc_col-sm-1\/5\"><div class=\"vc_column-inner\"><div class=\"wpb_wrapper\">\n\t<div  class=\"wpb_single_image wpb_content_element vc_align_center wpb_content_element\">\n\t\t\n\t\t<figure class=\"wpb_wrapper vc_figure\">\n\t\t\t<a href=\"https:\/\/www.casalbranco.com\/pt\/produto\/peter-and-the-wolf-2020-2\" target=\"_self\" class=\"vc_single_image-wrapper   vc_box_border_grey\"><img loading=\"lazy\" decoding=\"async\" width=\"1000\" height=\"1000\" src=\"https:\/\/www.casalbranco.com\/pt\/wp-content\/uploads\/2022\/05\/Peter_Tinto.jpg\" class=\"vc_single_image-img attachment-large\" alt=\"\" title=\"Peter_Tinto\" srcset=\"https:\/\/www.casalbranco.com\/pt\/wp-content\/uploads\/2022\/05\/Peter_Tinto.jpg 1000w, https:\/\/www.casalbranco.com\/pt\/wp-content\/uploads\/2022\/05\/Peter_Tinto-300x300.jpg 300w, https:\/\/www.casalbranco.com\/pt\/wp-content\/uploads\/2022\/05\/Peter_Tinto-150x150.jpg 150w, https:\/\/www.casalbranco.com\/pt\/wp-content\/uploads\/2022\/05\/Peter_Tinto-768x768.jpg 768w, https:\/\/www.casalbranco.com\/pt\/wp-content\/uploads\/2022\/05\/Peter_Tinto-12x12.jpg 12w, https:\/\/www.casalbranco.com\/pt\/wp-content\/uploads\/2022\/05\/Peter_Tinto-500x500.jpg 500w, https:\/\/www.casalbranco.com\/pt\/wp-content\/uploads\/2022\/05\/Peter_Tinto-100x100.jpg 100w\" sizes=\"auto, (max-width: 1000px) 100vw, 1000px\" \/><\/a>\n\t\t<\/figure>\n\t<\/div>\n\n\t<div class=\"wpb_text_column wpb_content_element\" >\n\t\t<div class=\"wpb_wrapper\">\n\t\t\t<p style=\"text-align: center;\"><strong><span style=\"font-size: 14px; color: #000000; font-family: montserrat;\">RED<\/span><\/strong><\/p>\n\n\t\t<\/div>\n\t<\/div>\n<\/div><\/div><\/div><div class=\"wpb_column vc_column_container vc_col-sm-1\/5\"><div class=\"vc_column-inner\"><div class=\"wpb_wrapper\">\n\t<div  class=\"wpb_single_image wpb_content_element vc_align_center wpb_content_element\">\n\t\t\n\t\t<figure class=\"wpb_wrapper vc_figure\">\n\t\t\t<a href=\"https:\/\/www.casalbranco.com\/pt\/produto\/peter-and-the-wolf-reserva-2023\/\" target=\"_self\" class=\"vc_single_image-wrapper   vc_box_border_grey\"><img loading=\"lazy\" decoding=\"async\" width=\"1000\" height=\"1000\" src=\"https:\/\/www.casalbranco.com\/pt\/wp-content\/uploads\/2022\/12\/Peter_Tinto_Reserva.jpg\" class=\"vc_single_image-img attachment-large\" alt=\"\" title=\"Peter_Tinto_Reserva\" srcset=\"https:\/\/www.casalbranco.com\/pt\/wp-content\/uploads\/2022\/12\/Peter_Tinto_Reserva.jpg 1000w, https:\/\/www.casalbranco.com\/pt\/wp-content\/uploads\/2022\/12\/Peter_Tinto_Reserva-300x300.jpg 300w, https:\/\/www.casalbranco.com\/pt\/wp-content\/uploads\/2022\/12\/Peter_Tinto_Reserva-150x150.jpg 150w, https:\/\/www.casalbranco.com\/pt\/wp-content\/uploads\/2022\/12\/Peter_Tinto_Reserva-768x768.jpg 768w, https:\/\/www.casalbranco.com\/pt\/wp-content\/uploads\/2022\/12\/Peter_Tinto_Reserva-12x12.jpg 12w, https:\/\/www.casalbranco.com\/pt\/wp-content\/uploads\/2022\/12\/Peter_Tinto_Reserva-500x500.jpg 500w, https:\/\/www.casalbranco.com\/pt\/wp-content\/uploads\/2022\/12\/Peter_Tinto_Reserva-100x100.jpg 100w\" sizes=\"auto, (max-width: 1000px) 100vw, 1000px\" \/><\/a>\n\t\t<\/figure>\n\t<\/div>\n\n\t<div class=\"wpb_text_column wpb_content_element\" >\n\t\t<div class=\"wpb_wrapper\">\n\t\t\t<p style=\"text-align: center;\"><strong><span style=\"font-size: 14px; color: #000000; font-family: montserrat;\">RESERVE<\/span><\/strong><\/p>\n\n\t\t<\/div>\n\t<\/div>\n<\/div><\/div><\/div><div class=\"wpb_column vc_column_container vc_col-sm-1\/5\"><div class=\"vc_column-inner\"><div class=\"wpb_wrapper\"><\/div><\/div><\/div><\/div><\/div><\/div><\/div><\/div><div class=\"vc_row wpb_row vc_row-fluid\"><div class=\"wpb_column vc_column_container vc_col-sm-12\"><div class=\"vc_column-inner\"><div class=\"wpb_wrapper\"><div class=\"ult-spacer spacer-69e75b668b34d\" data-id=\"69e75b668b34d\" data-height=\"70\" data-height-mobile=\"70\" data-height-tab=\"70\" data-height-tab-portrait=\"\" data-height-mobile-landscape=\"\" style=\"clear:both;display:block;\"><\/div><\/div><\/div><\/div><\/div><div class=\"vc_row wpb_row vc_row-fluid\"><div class=\"wpb_column vc_column_container vc_col-sm-4\"><div class=\"vc_column-inner\"><div class=\"wpb_wrapper\"><\/div><\/div><\/div><div class=\"wpb_column vc_column_container vc_col-sm-1\"><div class=\"vc_column-inner\"><div class=\"wpb_wrapper\"><div class=\"ult-just-icon-wrapper\"><div class=\"align-icon\" style=\"text-align:center;\">\n<a class=\"aio-tooltip 69e75b668b5f8\" href=\"https:\/\/www.facebook.com\/quintadocasalbranco\/\" target=\"_blank\" rel=\"noopener\"  data-toggle=\"tooltip\" data-placement=\"\"><div class=\"aio-icon-img\" style=\"font-size:35px;display:inline-block;\" >\n\t<img decoding=\"async\" class=\"img-icon\" alt=\"null\" src=\"https:\/\/www.casalbranco.com\/pt\/wp-content\/uploads\/2024\/12\/facebook.png\"\/>\n<\/div><\/a><\/div><\/div><\/div><\/div><\/div><div class=\"wpb_column vc_column_container vc_col-sm-1\"><div class=\"vc_column-inner\"><div class=\"wpb_wrapper\"><div class=\"ult-just-icon-wrapper\"><div class=\"align-icon\" style=\"text-align:center;\">\n<a class=\"aio-tooltip 69e75b668b996\" href=\"https:\/\/www.instagram.com\/quintadocasalbranco\/\" target=\"_blank\" rel=\"noopener\"  data-toggle=\"tooltip\" data-placement=\"\"><div class=\"aio-icon-img\" style=\"font-size:35px;display:inline-block;\" >\n\t<img decoding=\"async\" class=\"img-icon\" alt=\"null\" src=\"https:\/\/www.casalbranco.com\/pt\/wp-content\/uploads\/2024\/12\/instagram.png\"\/>\n<\/div><\/a><\/div><\/div><\/div><\/div><\/div><div class=\"wpb_column vc_column_container vc_col-sm-1\"><div class=\"vc_column-inner\"><div class=\"wpb_wrapper\"><div class=\"ult-just-icon-wrapper\"><div class=\"align-icon\" style=\"text-align:center;\">\n<a class=\"aio-tooltip 69e75b668bce3\" href=\"https:\/\/www.linkedin.com\/company\/quinta-do-casal-branco\/\" target=\"_blank\" rel=\"noopener\"  data-toggle=\"tooltip\" data-placement=\"\"><div class=\"aio-icon-img\" style=\"font-size:35px;display:inline-block;\" >\n\t<img decoding=\"async\" class=\"img-icon\" alt=\"null\" src=\"https:\/\/www.casalbranco.com\/pt\/wp-content\/uploads\/2024\/12\/linkedin.png\"\/>\n<\/div><\/a><\/div><\/div><\/div><\/div><\/div><div class=\"wpb_column vc_column_container vc_col-sm-1\"><div class=\"vc_column-inner\"><div class=\"wpb_wrapper\"><div class=\"ult-just-icon-wrapper\"><div class=\"align-icon\" style=\"text-align:center;\">\n<a class=\"aio-tooltip 69e75b668c025\" href=\"https:\/\/www.tripadvisor.pt\/Attraction_Review-g2589401-d10509049-Reviews-Quinta_do_Casal_Branco-Almeirim_Santarem_District_Central_Portugal.html\" target=\"_blank\" rel=\"noopener\"  data-toggle=\"tooltip\" data-placement=\"\"><div class=\"aio-icon-img\" style=\"font-size:35px;display:inline-block;\" >\n\t<img decoding=\"async\" class=\"img-icon\" alt=\"null\" src=\"https:\/\/www.casalbranco.com\/pt\/wp-content\/uploads\/2024\/12\/social.png\"\/>\n<\/div><\/a><\/div><\/div><\/div><\/div><\/div><div class=\"wpb_column vc_column_container vc_col-sm-3\"><div class=\"vc_column-inner\"><div class=\"wpb_wrapper\"><\/div><\/div><\/div><\/div><div class=\"vc_row wpb_row vc_row-fluid\"><div class=\"wpb_column vc_column_container vc_col-sm-12\"><div class=\"vc_column-inner\"><div class=\"wpb_wrapper\"><div class=\"ult-spacer spacer-69e75b668c4fb\" data-id=\"69e75b668c4fb\" data-height=\"50\" data-height-mobile=\"50\" data-height-tab=\"50\" data-height-tab-portrait=\"\" data-height-mobile-landscape=\"\" style=\"clear:both;display:block;\"><\/div><\/div><\/div><\/div><\/div><div class=\"vc_row wpb_row vc_row-fluid\"><div class=\"wpb_column vc_column_container vc_col-sm-8\"><div class=\"vc_column-inner\"><div class=\"wpb_wrapper\"><div class=\"ult-spacer spacer-69e75b668c745\" data-id=\"69e75b668c745\" data-height=\"100\" data-height-mobile=\"100\" data-height-tab=\"100\" data-height-tab-portrait=\"\" data-height-mobile-landscape=\"\" style=\"clear:both;display:block;\"><\/div>\n\t<div class=\"wpb_text_column wpb_content_element\" >\n\t\t<div class=\"wpb_wrapper\">\n\t\t\t<p style=\"font-size: 14px; text-align: right; font-family: 'montserrat';\"><a href=\"https:\/\/www.livroreclamacoes.pt\/inicio\" target=\"_blank\" rel=\"noopener noreferrer\"><strong>Online Complains Book<\/strong><\/a>\u00a0 \u00a0<a href=\"https:\/\/www.casalbranco.com\/pt\/politica-da-qualidade\/\" target=\"_blank\" rel=\"noopener noreferrer\"><strong>Quality Policy<\/strong><\/a> \u00a0\u00a0 <a href=\"https:\/\/www.casalbranco.com\/pt\/politica-da-privacidade\/\" target=\"_blank\" rel=\"noopener noreferrer\"><strong>Privacy Policy<\/strong><\/a><\/p>\n\n\t\t<\/div>\n\t<\/div>\n\n\t<div class=\"wpb_text_column wpb_content_element  vc_custom_1761731154578\" >\n\t\t<div class=\"wpb_wrapper\">\n\t\t\t<p style=\"font-size: 14px; text-align: right; font-family: 'montserrat';\"><a href=\"https:\/\/www.casalbranco.com\/pt\/projectos-cofinanciados-pela-ue\/\" target=\"_blank\" rel=\"noopener noreferrer\"><strong>EU Co-financed Projects<\/strong><\/a> \u00a0\u00a0 <a href=\"https:\/\/www.casalbranco.com\/ANEXOS\/QCB_RS_2024-FINAL.pdf\" target=\"_blank\" rel=\"noopener noreferrer\"><strong>Sustainability<\/strong><\/a><\/p>\n\n\t\t<\/div>\n\t<\/div>\n<\/div><\/div><\/div><div class=\"wpb_column vc_column_container vc_col-sm-4\"><div class=\"vc_column-inner\"><div class=\"wpb_wrapper\"><div class=\"ult-spacer spacer-69e75b668c921\" data-id=\"69e75b668c921\" data-height=\"75\" data-height-mobile=\"75\" data-height-tab=\"75\" data-height-tab-portrait=\"\" data-height-mobile-landscape=\"\" style=\"clear:both;display:block;\"><\/div>\n\t<div class=\"wpb_text_column wpb_content_element\" >\n\t\t<div class=\"wpb_wrapper\">\n\t\t\t<p><img loading=\"lazy\" decoding=\"async\" class=\"wp-image-12450 aligncenter\" src=\"https:\/\/www.casalbranco.com\/pt\/wp-content\/uploads\/2019\/12\/barra_cofin_FEDER-1024x165-300x48.jpg\" alt=\"\" width=\"558\" height=\"89\" srcset=\"https:\/\/www.casalbranco.com\/pt\/wp-content\/uploads\/2019\/12\/barra_cofin_FEDER-1024x165-300x48.jpg 300w, https:\/\/www.casalbranco.com\/pt\/wp-content\/uploads\/2019\/12\/barra_cofin_FEDER-1024x165-500x81.jpg 500w, https:\/\/www.casalbranco.com\/pt\/wp-content\/uploads\/2019\/12\/barra_cofin_FEDER-1024x165-768x124.jpg 768w, https:\/\/www.casalbranco.com\/pt\/wp-content\/uploads\/2019\/12\/barra_cofin_FEDER-1024x165.jpg 1024w\" sizes=\"auto, (max-width: 558px) 100vw, 558px\" \/><\/p>\n\n\t\t<\/div>\n\t<\/div>\n<\/div><\/div><\/div><\/div><div class=\"vc_row wpb_row vc_row-fluid\"><div class=\"wpb_column vc_column_container vc_col-sm-7\"><div class=\"vc_column-inner\"><div class=\"wpb_wrapper\"><\/div><\/div><\/div><div class=\"wpb_column vc_column_container vc_col-sm-1\"><div class=\"vc_column-inner\"><div class=\"wpb_wrapper\"><div class=\"ult-just-icon-wrapper\"><div class=\"align-icon\" style=\"text-align:center;\">\n<a class=\"aio-tooltip 69e75b668cbd0\" href=\"https:\/\/www.festivalentrequintas.com\/\" target=\"_blank\" rel=\"noopener\"  data-toggle=\"tooltip\" data-placement=\"\"><div class=\"aio-icon-img\" style=\"font-size:200px;display:inline-block;\" >\n\t<img decoding=\"async\" class=\"img-icon\" alt=\"null\" src=\"https:\/\/www.casalbranco.com\/pt\/wp-content\/uploads\/2024\/12\/Entre-Quintas.png\"\/>\n<\/div><\/a><\/div><\/div><\/div><\/div><\/div><div class=\"wpb_column vc_column_container vc_col-sm-1\"><div class=\"vc_column-inner\"><div class=\"wpb_wrapper\"><div class=\"ult-just-icon-wrapper\"><div class=\"align-icon\" style=\"text-align:center;\">\n<a class=\"aio-tooltip 69e75b668cf32\" href=\"https:\/\/www.jardinshistoricos.pt\/ad\/624\" target=\"_blank\" rel=\"noopener\"  data-toggle=\"tooltip\" data-placement=\"\"><div class=\"aio-icon-img\" style=\"font-size:200px;display:inline-block;\" >\n\t<img decoding=\"async\" class=\"img-icon\" alt=\"null\" src=\"https:\/\/www.casalbranco.com\/pt\/wp-content\/uploads\/2024\/12\/Rota-dos-Jardins-Historicos-do-Tejo.png\"\/>\n<\/div><\/a><\/div><\/div><\/div><\/div><\/div><div class=\"wpb_column vc_column_container vc_col-sm-1\"><div class=\"vc_column-inner\"><div class=\"wpb_wrapper\"><div class=\"ult-just-icon-wrapper\"><div class=\"align-icon\" style=\"text-align:center;\">\n<div class=\"aio-icon-img\" style=\"font-size:200px;display:inline-block;\" >\n\t<img decoding=\"async\" class=\"img-icon\" alt=\"null\" src=\"https:\/\/www.casalbranco.com\/pt\/wp-content\/uploads\/2024\/12\/Rota-dos-Vinhos-do-Tejo.png\"\/>\n<\/div><\/div><\/div><\/div><\/div><\/div><div class=\"wpb_column vc_column_container vc_col-sm-1\"><div class=\"vc_column-inner\"><div class=\"wpb_wrapper\"><div class=\"ult-just-icon-wrapper\"><div class=\"align-icon\" style=\"text-align:center;\">\n<div class=\"aio-icon-img\" style=\"font-size:200px;display:inline-block;\" >\n\t<img decoding=\"async\" class=\"img-icon\" alt=\"null\" src=\"https:\/\/www.casalbranco.com\/pt\/wp-content\/uploads\/2024\/12\/WiM_Baseline-outside_Black.png\"\/>\n<\/div><\/div><\/div><\/div><\/div><\/div><div class=\"wpb_column vc_column_container vc_col-sm-1\"><div class=\"vc_column-inner\"><div class=\"wpb_wrapper\"><div class=\"ult-just-icon-wrapper\"><div class=\"align-icon\" style=\"text-align:center;\">\n<div class=\"aio-icon-img\" style=\"font-size:200px;display:inline-block;\" >\n\t<img decoding=\"async\" class=\"img-icon\" alt=\"null\" src=\"https:\/\/www.casalbranco.com\/pt\/wp-content\/uploads\/2024\/12\/Portugal-Sou-Eu.png\"\/>\n<\/div><\/div><\/div><\/div><\/div><\/div><\/div>\n<\/div>","protected":false},"excerpt":{"rendered":"Peter And The Wolf Os vinhos Peter and the Wolf remetem-nos para a juventude e irrever\u00eancia. Estes vinhos s\u00e3o um hino \u00e0 jovialidade, exuberantes, cativantes, repletos de frescura e intensidade. Numa analogia \u00e0 obra de Sergei Prokofiev em cada garrafa damos a descobrir aos apreciadores de vinhos as diferentes notas que os caracterizam. BRANCO TINTO [...]","protected":false},"author":2,"featured_media":0,"parent":7896,"menu_order":0,"comment_status":"closed","ping_status":"closed","template":"","meta":{"footnotes":""},"class_list":["post-14523","page","type-page","status-publish","hentry"],"_links":{"self":[{"href":"https:\/\/www.casalbranco.com\/pt\/en\/wp-json\/wp\/v2\/pages\/14523","targetHints":{"allow":["GET"]}}],"collection":[{"href":"https:\/\/www.casalbranco.com\/pt\/en\/wp-json\/wp\/v2\/pages"}],"about":[{"href":"https:\/\/www.casalbranco.com\/pt\/en\/wp-json\/wp\/v2\/types\/page"}],"author":[{"embeddable":true,"href":"https:\/\/www.casalbranco.com\/pt\/en\/wp-json\/wp\/v2\/users\/2"}],"replies":[{"embeddable":true,"href":"https:\/\/www.casalbranco.com\/pt\/en\/wp-json\/wp\/v2\/comments?post=14523"}],"version-history":[{"count":12,"href":"https:\/\/www.casalbranco.com\/pt\/en\/wp-json\/wp\/v2\/pages\/14523\/revisions"}],"predecessor-version":[{"id":15180,"href":"https:\/\/www.casalbranco.com\/pt\/en\/wp-json\/wp\/v2\/pages\/14523\/revisions\/15180"}],"up":[{"embeddable":true,"href":"https:\/\/www.casalbranco.com\/pt\/en\/wp-json\/wp\/v2\/pages\/7896"}],"wp:attachment":[{"href":"https:\/\/www.casalbranco.com\/pt\/en\/wp-json\/wp\/v2\/media?parent=14523"}],"curies":[{"name":"wp","href":"https:\/\/api.w.org\/{rel}","templated":true}]}}