{"id":10526,"date":"2018-08-27T11:33:59","date_gmt":"2018-08-27T11:33:59","guid":{"rendered":"http:\/\/www.casalbranco.com\/SITE\/?post_type=product&#038;p=10526"},"modified":"2025-10-28T16:13:10","modified_gmt":"2025-10-28T16:13:10","slug":"quinta-do-casal-branco-sauvignon-blanc","status":"publish","type":"product","link":"https:\/\/www.casalbranco.com\/pt\/en\/product\/quinta-do-casal-branco-sauvignon-blanc\/","title":{"rendered":"Quinta do Casal Branco Sauvignon Blanc 2024"},"content":{"rendered":"","protected":false},"excerpt":{"rendered":"<table>\n<tbody>\n<tr>\n<td>\n<h6 style=\"text-align: left;\"><strong>REGION OF ORIGIN:<\/strong> DOC TEJO<\/h6>\n<h6 style=\"text-align: left;\"><strong>GRAPE VARIETIES:<\/strong> 100% Sauvignon Blanc<\/h6>\n<h6 style=\"text-align: left;\"><strong>ALCOHOL:<\/strong> 12% vol.<\/h6>\n<h6 style=\"text-align: left;\"><strong>TASTING NOTES<\/strong><\/h6>\n<h6 style=\"text-align: left;\"><strong>Colour:<\/strong> Citrine with greenish notes<\/h6>\n<h6 style=\"text-align: left;\"><strong>Nose:<\/strong> Vegetable character with notes of green pepper, asparagus and lime<\/h6>\n<h6 style=\"text-align: left;\"><strong>Mouth:<\/strong> Excellent freshness and acidity. Persistent herbaceous notes, typical of the variety. Long and well balanced finish<\/h6>\n<h6 style=\"text-align: left;\"><strong>SOIL AND TOPOGRAPHY: <\/strong>Sandy, flat land.<\/h6>\n<h6 style=\"text-align: left;\"><strong>AGE OF VINEYARDS:\u00a0<\/strong>Sauvignon Blanc \u2013 20 anos<\/h6>\n<h6 style=\"text-align: left;\"><strong>EXPOSURE:\u00a0<\/strong>East \u2013 West<\/h6>\n<h6 style=\"text-align: left;\"><strong>WINEMAKERS:<\/strong> Manuel Lobo e Joana Silva Lopes<\/h6>\n<h6 style=\"text-align: left;\"><strong>Contains sulfites<\/strong><\/h6>\n<p style=\"text-align: left;\">Nota: Estamos em fase de atualiza\u00e7\u00e3o de imagem. As garrafas e r\u00f3tulos podem sofrer altera\u00e7\u00f5es. A nova imagem ainda n\u00e3o est\u00e1 dispon\u00edvel.<\/p>\n<\/td>\n<td>\n<h6 style=\"text-align: center;\"><\/h6>\n<p>&nbsp;<\/td>\n<\/tr>\n<\/tbody>\n<\/table>","protected":false},"featured_media":15087,"template":"","meta":[],"product_brand":[],"product_cat":[77,92],"product_tag":[],"class_list":{"0":"post-10526","1":"product","2":"type-product","3":"status-publish","4":"has-post-thumbnail","6":"product_cat-quinta-do-casal-branco","7":"product_cat-vinhos","9":"first","10":"instock","11":"taxable","12":"shipping-taxable","13":"purchasable","14":"product-type-variable"},"_links":{"self":[{"href":"https:\/\/www.casalbranco.com\/pt\/en\/wp-json\/wp\/v2\/product\/10526","targetHints":{"allow":["GET"]}}],"collection":[{"href":"https:\/\/www.casalbranco.com\/pt\/en\/wp-json\/wp\/v2\/product"}],"about":[{"href":"https:\/\/www.casalbranco.com\/pt\/en\/wp-json\/wp\/v2\/types\/product"}],"wp:featuredmedia":[{"embeddable":true,"href":"https:\/\/www.casalbranco.com\/pt\/en\/wp-json\/wp\/v2\/media\/15087"}],"wp:attachment":[{"href":"https:\/\/www.casalbranco.com\/pt\/en\/wp-json\/wp\/v2\/media?parent=10526"}],"wp:term":[{"taxonomy":"product_brand","embeddable":true,"href":"https:\/\/www.casalbranco.com\/pt\/en\/wp-json\/wp\/v2\/product_brand?post=10526"},{"taxonomy":"product_cat","embeddable":true,"href":"https:\/\/www.casalbranco.com\/pt\/en\/wp-json\/wp\/v2\/product_cat?post=10526"},{"taxonomy":"product_tag","embeddable":true,"href":"https:\/\/www.casalbranco.com\/pt\/en\/wp-json\/wp\/v2\/product_tag?post=10526"}],"curies":[{"name":"wp","href":"https:\/\/api.w.org\/{rel}","templated":true}]}}