{"id":13894,"date":"2022-05-02T15:42:59","date_gmt":"2022-05-02T15:42:59","guid":{"rendered":"https:\/\/www.casalbranco.com\/pt\/?post_type=product&#038;p=13894"},"modified":"2025-11-06T10:28:59","modified_gmt":"2025-11-06T10:28:59","slug":"peter-and-the-wolf-2024","status":"publish","type":"product","link":"https:\/\/www.casalbranco.com\/pt\/en\/product\/peter-and-the-wolf-2024\/","title":{"rendered":"Peter and the Wolf 2024 <\/br><\/br>"},"content":{"rendered":"","protected":false},"excerpt":{"rendered":"<table>\n<tbody>\n<tr>\n<td>\n<h6 style=\"text-align: left;\"><strong>REGION OF ORIGIN:<\/strong> IGP TEJO<\/h6>\n<h6 style=\"text-align: left;\"><strong>ALCOHOL:<\/strong> 11,5% vol.<\/h6>\n<h6 style=\"text-align: left;\"><strong>TASTING NOTES<\/strong><\/h6>\n<h6 style=\"text-align: left;\"><strong>Colour:<\/strong> Citrino<\/h6>\n<h6 style=\"text-align: left;\"><strong>Nose:<\/strong> No aroma \u00e9 evidente a presen\u00e7a de moscatel, com notas florais t\u00edpicas da casta, e ainda realce para notas de flor de laranjeira e tangerina.<\/h6>\n<h6 style=\"text-align: left;\"><strong>Mouth:<\/strong> Na prova, notas tropicais em destaque, conjugadas com uma excelente acidez. Ligeiras notas de baunilha fumadas.<\/h6>\n<h6 style=\"text-align: left;\"><strong>SOIL AND TOPOGRAPHY: <\/strong>Sandy, flat land.<\/h6>\n<h6 style=\"text-align: left;\"><strong>EXPOSI\u00c7\u00c3O SOLAR: Norte<\/strong> \u2013 Sul<\/h6>\n<h6 style=\"text-align: left;\"><strong>WINEMAKERS:<\/strong> Manuel Lobo e Joana Silva Lopes<\/h6>\n<h6 style=\"text-align: left;\"><strong>Contains sulfites<\/strong><\/h6>\n<\/td>\n<td>\n<h6 style=\"text-align: center;\"><\/h6>\n<p>&nbsp;<\/td>\n<\/tr>\n<\/tbody>\n<\/table>","protected":false},"featured_media":15091,"template":"","meta":[],"product_brand":[],"product_cat":[95,92],"product_tag":[],"class_list":{"0":"post-13894","1":"product","2":"type-product","3":"status-publish","4":"has-post-thumbnail","6":"product_cat-peter-and-the-wolf","7":"product_cat-vinhos","9":"first","10":"instock","11":"taxable","12":"shipping-taxable","13":"purchasable","14":"product-type-variable"},"_links":{"self":[{"href":"https:\/\/www.casalbranco.com\/pt\/en\/wp-json\/wp\/v2\/product\/13894","targetHints":{"allow":["GET"]}}],"collection":[{"href":"https:\/\/www.casalbranco.com\/pt\/en\/wp-json\/wp\/v2\/product"}],"about":[{"href":"https:\/\/www.casalbranco.com\/pt\/en\/wp-json\/wp\/v2\/types\/product"}],"wp:featuredmedia":[{"embeddable":true,"href":"https:\/\/www.casalbranco.com\/pt\/en\/wp-json\/wp\/v2\/media\/15091"}],"wp:attachment":[{"href":"https:\/\/www.casalbranco.com\/pt\/en\/wp-json\/wp\/v2\/media?parent=13894"}],"wp:term":[{"taxonomy":"product_brand","embeddable":true,"href":"https:\/\/www.casalbranco.com\/pt\/en\/wp-json\/wp\/v2\/product_brand?post=13894"},{"taxonomy":"product_cat","embeddable":true,"href":"https:\/\/www.casalbranco.com\/pt\/en\/wp-json\/wp\/v2\/product_cat?post=13894"},{"taxonomy":"product_tag","embeddable":true,"href":"https:\/\/www.casalbranco.com\/pt\/en\/wp-json\/wp\/v2\/product_tag?post=13894"}],"curies":[{"name":"wp","href":"https:\/\/api.w.org\/{rel}","templated":true}]}}