{"id":13915,"date":"2022-06-09T10:12:45","date_gmt":"2022-06-09T10:12:45","guid":{"rendered":"https:\/\/www.casalbranco.com\/pt\/?post_type=product&#038;p=13915"},"modified":"2025-11-06T10:30:03","modified_gmt":"2025-11-06T10:30:03","slug":"quinta-do-casal-branco-reserva-branco","status":"publish","type":"product","link":"https:\/\/www.casalbranco.com\/pt\/en\/product\/quinta-do-casal-branco-reserva-branco\/","title":{"rendered":"Quinta do Casal Branco Reserva branco 2022 <\/br><\/br>"},"content":{"rendered":"","protected":false},"excerpt":{"rendered":"<table>\n<tbody>\n<tr>\n<td>\n<h6 style=\"text-align: left;\"><strong>REGION OF ORIGIN:<\/strong> DOC TEJO<\/h6>\n<h6 style=\"text-align: left;\"><strong>GRAPE VARIETIES:<\/strong> Fern\u00e3o Pires, Sauvignon Blanc, Gouveio<\/h6>\n<h6 style=\"text-align: left;\"><strong>ALCOHOL:<\/strong> 12,5% vol.<\/h6>\n<h6 style=\"text-align: left;\"><strong>TASTING NOTES<\/strong><\/h6>\n<h6 style=\"text-align: left;\"><strong>Colour:<\/strong> cor amarela com nuances esverdeadas; l\u00edmpido.<\/h6>\n<h6 style=\"text-align: left;\"><strong>Nose:<\/strong> Evidente fruta tropical: anan\u00e1s, alperce, p\u00eassego. Notas de frescura: lima e espargo, que nos projetam para um vinho de estilo moderno e internacional.<\/h6>\n<h6 style=\"text-align: left;\"><strong>Mouth:<\/strong> Notas ligeiras da madeira onde estagiou, sem sobreposi\u00e7\u00e3o \u00e0 fruta prim\u00e1ria que transparece. \u00d3tima frescura, muito potenciada pelas notas de varietais da casta Sauvignon Blanc. Bom equilibrio, entre o volume\/gordura de boca, e a fruta que persiste. A utiliza\u00e7\u00e3o de barricas usadas, aportam ao vinho sofistica\u00e7\u00e3o, complexidade e integra\u00e7\u00e3o.<\/h6>\n<h6 style=\"text-align: left;\"><strong>SOIL AND TOPOGRAPHY: <\/strong>Sandy, flat land.<\/h6>\n<h6 style=\"text-align: left;\"><\/h6>\n<h6 style=\"text-align: left;\"><strong>EXPOSURE:\u00a0<\/strong>North \u2013 South<\/h6>\n<h6 style=\"text-align: left;\"><strong>WINEMAKERS:<\/strong> Manuel Lobo e Joana Silva Lopes<\/h6>\n<h6 style=\"text-align: left;\"><strong>ORDERING NOTE: Box of 6 Units<\/strong><\/h6>\n<h6 style=\"text-align: left;\"><strong>Contains sulfites<\/strong><\/h6>\n<\/td>\n<td><\/td>\n<\/tr>\n<\/tbody>\n<\/table>","protected":false},"featured_media":15114,"template":"","meta":[],"product_brand":[],"product_cat":[77,92],"product_tag":[],"class_list":{"0":"post-13915","1":"product","2":"type-product","3":"status-publish","4":"has-post-thumbnail","6":"product_cat-quinta-do-casal-branco","7":"product_cat-vinhos","9":"first","10":"instock","11":"taxable","12":"shipping-taxable","13":"purchasable","14":"product-type-variable"},"_links":{"self":[{"href":"https:\/\/www.casalbranco.com\/pt\/en\/wp-json\/wp\/v2\/product\/13915","targetHints":{"allow":["GET"]}}],"collection":[{"href":"https:\/\/www.casalbranco.com\/pt\/en\/wp-json\/wp\/v2\/product"}],"about":[{"href":"https:\/\/www.casalbranco.com\/pt\/en\/wp-json\/wp\/v2\/types\/product"}],"wp:featuredmedia":[{"embeddable":true,"href":"https:\/\/www.casalbranco.com\/pt\/en\/wp-json\/wp\/v2\/media\/15114"}],"wp:attachment":[{"href":"https:\/\/www.casalbranco.com\/pt\/en\/wp-json\/wp\/v2\/media?parent=13915"}],"wp:term":[{"taxonomy":"product_brand","embeddable":true,"href":"https:\/\/www.casalbranco.com\/pt\/en\/wp-json\/wp\/v2\/product_brand?post=13915"},{"taxonomy":"product_cat","embeddable":true,"href":"https:\/\/www.casalbranco.com\/pt\/en\/wp-json\/wp\/v2\/product_cat?post=13915"},{"taxonomy":"product_tag","embeddable":true,"href":"https:\/\/www.casalbranco.com\/pt\/en\/wp-json\/wp\/v2\/product_tag?post=13915"}],"curies":[{"name":"wp","href":"https:\/\/api.w.org\/{rel}","templated":true}]}}