{"id":13942,"date":"2022-09-28T09:43:25","date_gmt":"2022-09-28T09:43:25","guid":{"rendered":"https:\/\/www.casalbranco.com\/pt\/?post_type=product&#038;p=13942"},"modified":"2026-01-05T17:30:09","modified_gmt":"2026-01-05T17:30:09","slug":"espumante-monge-reserva-2015","status":"publish","type":"product","link":"https:\/\/www.casalbranco.com\/pt\/en\/product\/espumante-monge-reserva-2015\/","title":{"rendered":"Monge Reserva Blanc de Noirs 2016"},"content":{"rendered":"","protected":false},"excerpt":{"rendered":"<table>\n<tbody>\n<tr>\n<td>\n<h6 style=\"text-align: left;\"><strong>REGION OF ORIGIN:<\/strong> IGP TEJO<\/h6>\n<h6 style=\"text-align: left;\"><strong>GRAPE VARIETIES:<\/strong> 100% Castel\u00e3o<\/h6>\n<h6 style=\"text-align: left;\"><strong>ALCOHOL:<\/strong> 12.5 % vol.<\/h6>\n<h6 style=\"text-align: left;\">Sele\u00e7\u00e3o das melhores uvas da casta Castel\u00e3o, com 60 anos. Vindima manual e Prensagem suave. Fermenta\u00e7\u00e3o lenta com temperatura controlada em dep\u00f3sitos de cimento.<br \/>\nEspumante feito pelo m\u00e9todo cl\u00e1ssico, com a 2\u00aafermanta\u00e7\u00e3o a ocorrer em garrafa, com temperatura controlada. Est\u00e1gio de 60 meses sur lie, com battonage manual.<br \/>\nRemuage feita pelo m\u00e9todo manual.<\/h6>\n<h6 style=\"text-align: left;\"><\/h6>\n<h6 style=\"text-align: left;\"><strong>TASTING NOTES<\/strong><\/h6>\n<h6 style=\"text-align: left;\"><strong>Colour:<\/strong> amarelo-p\u00e1lido, l\u00edmpido, com uma bolha fina de liberta\u00e7\u00e3o lenta e persistente.<\/h6>\n<h6 style=\"text-align: left;\"><strong>Nose:<\/strong> suaves nuances de fruta branca, notas amanteigadas e de tosta, provenientes do est\u00e1gio em garrafa.<\/h6>\n<h6 style=\"text-align: left;\"><strong>Mouth:<\/strong> Excelente dimens\u00e3o em boca, equil\u00edbrio perfeito da acidez natural, com a complexidade marcada. O resultado \u00e9 um espumante pleno de textura, frescura e classe.<\/h6>\n<h6 style=\"text-align: left;\"><strong>SOIL AND TOPOGRAPHY: <\/strong>Sandy, flat land.<\/h6>\n<h6 style=\"text-align: left;\"><strong>AGE OF VINEYARDS: <\/strong>15 years<\/h6>\n<h6 style=\"text-align: left;\"><strong>EXPOSURE:\u00a0<\/strong>South \u2013 North<\/h6>\n<h6 style=\"text-align: left;\"><strong>WINEMAKERS:<\/strong> Manuel Lobo e Joana Silva Lopes<\/h6>\n<\/td>\n<\/tr>\n<\/tbody>\n<\/table>","protected":false},"featured_media":14055,"template":"","meta":[],"product_brand":[],"product_cat":[50,92],"product_tag":[],"class_list":{"0":"post-13942","1":"product","2":"type-product","3":"status-publish","4":"has-post-thumbnail","6":"product_cat-monge","7":"product_cat-vinhos","9":"first","10":"instock","11":"taxable","12":"shipping-taxable","13":"purchasable","14":"product-type-variable","15":"has-default-attributes"},"_links":{"self":[{"href":"https:\/\/www.casalbranco.com\/pt\/en\/wp-json\/wp\/v2\/product\/13942","targetHints":{"allow":["GET"]}}],"collection":[{"href":"https:\/\/www.casalbranco.com\/pt\/en\/wp-json\/wp\/v2\/product"}],"about":[{"href":"https:\/\/www.casalbranco.com\/pt\/en\/wp-json\/wp\/v2\/types\/product"}],"wp:featuredmedia":[{"embeddable":true,"href":"https:\/\/www.casalbranco.com\/pt\/en\/wp-json\/wp\/v2\/media\/14055"}],"wp:attachment":[{"href":"https:\/\/www.casalbranco.com\/pt\/en\/wp-json\/wp\/v2\/media?parent=13942"}],"wp:term":[{"taxonomy":"product_brand","embeddable":true,"href":"https:\/\/www.casalbranco.com\/pt\/en\/wp-json\/wp\/v2\/product_brand?post=13942"},{"taxonomy":"product_cat","embeddable":true,"href":"https:\/\/www.casalbranco.com\/pt\/en\/wp-json\/wp\/v2\/product_cat?post=13942"},{"taxonomy":"product_tag","embeddable":true,"href":"https:\/\/www.casalbranco.com\/pt\/en\/wp-json\/wp\/v2\/product_tag?post=13942"}],"curies":[{"name":"wp","href":"https:\/\/api.w.org\/{rel}","templated":true}]}}