{"id":14002,"date":"2022-12-13T09:18:50","date_gmt":"2022-12-13T09:18:50","guid":{"rendered":"https:\/\/www.casalbranco.com\/pt\/?post_type=product&#038;p=14002"},"modified":"2025-11-06T10:29:25","modified_gmt":"2025-11-06T10:29:25","slug":"peter-and-the-wolf-reserva-2023","status":"publish","type":"product","link":"https:\/\/www.casalbranco.com\/pt\/en\/product\/peter-and-the-wolf-reserva-2023\/","title":{"rendered":"Peter and the Wolf Reserva 2024"},"content":{"rendered":"","protected":false},"excerpt":{"rendered":"<table>\n<tbody>\n<tr>\n<td>\n<h6 style=\"text-align: left;\"><strong>REGION OF ORIGIN:<\/strong> IGP TEJO<\/h6>\n<h6 style=\"text-align: left;\"><strong>ALCOHOL:<\/strong> 14% vol.<\/h6>\n<h6 style=\"text-align: left;\"><strong>TASTING NOTES<\/strong><\/h6>\n<h6 style=\"text-align: left;\"><strong>Colour:<\/strong> Cor intensa, escura<\/h6>\n<h6 style=\"text-align: left;\"><strong>Nose:<\/strong> No aroma, destaque para a fruta madura \u2013 ameixa e c\u00e1ssis<\/h6>\n<h6 style=\"text-align: left;\"><strong>Mouth:<\/strong> Vinho s\u00e9rio, de grande dimens\u00e3o, taninos bem definidos. Notas de madeira, especiaria e chocolate, em evid\u00eancia. Final longo e envolvente.<\/h6>\n<h6 style=\"text-align: left;\"><strong>SOIL AND TOPOGRAPHY: <\/strong>Sandy, flat land.<\/h6>\n<h6 style=\"text-align: left;\"><strong>EXPOSI\u00c7\u00c3O SOLAR: Este<\/strong> \u2013 Oeste<\/h6>\n<h6 style=\"text-align: left;\"><strong>WINEMAKERS:<\/strong> Manuel Lobo e Joana Silva Lopes<\/h6>\n<h6 style=\"text-align: left;\"><strong>Contains sulfites<\/strong><\/h6>\n<\/td>\n<td>\n<h6 style=\"text-align: center;\"><\/h6>\n<p>&nbsp;<\/td>\n<\/tr>\n<\/tbody>\n<\/table>","protected":false},"featured_media":15089,"template":"","meta":[],"product_brand":[],"product_cat":[95,92],"product_tag":[],"class_list":{"0":"post-14002","1":"product","2":"type-product","3":"status-publish","4":"has-post-thumbnail","6":"product_cat-peter-and-the-wolf","7":"product_cat-vinhos","9":"first","10":"instock","11":"taxable","12":"shipping-taxable","13":"purchasable","14":"product-type-variable"},"_links":{"self":[{"href":"https:\/\/www.casalbranco.com\/pt\/en\/wp-json\/wp\/v2\/product\/14002","targetHints":{"allow":["GET"]}}],"collection":[{"href":"https:\/\/www.casalbranco.com\/pt\/en\/wp-json\/wp\/v2\/product"}],"about":[{"href":"https:\/\/www.casalbranco.com\/pt\/en\/wp-json\/wp\/v2\/types\/product"}],"wp:featuredmedia":[{"embeddable":true,"href":"https:\/\/www.casalbranco.com\/pt\/en\/wp-json\/wp\/v2\/media\/15089"}],"wp:attachment":[{"href":"https:\/\/www.casalbranco.com\/pt\/en\/wp-json\/wp\/v2\/media?parent=14002"}],"wp:term":[{"taxonomy":"product_brand","embeddable":true,"href":"https:\/\/www.casalbranco.com\/pt\/en\/wp-json\/wp\/v2\/product_brand?post=14002"},{"taxonomy":"product_cat","embeddable":true,"href":"https:\/\/www.casalbranco.com\/pt\/en\/wp-json\/wp\/v2\/product_cat?post=14002"},{"taxonomy":"product_tag","embeddable":true,"href":"https:\/\/www.casalbranco.com\/pt\/en\/wp-json\/wp\/v2\/product_tag?post=14002"}],"curies":[{"name":"wp","href":"https:\/\/api.w.org\/{rel}","templated":true}]}}