{"id":10266,"date":"2018-08-21T17:23:01","date_gmt":"2018-08-21T17:23:01","guid":{"rendered":"http:\/\/www.casalbranco.com\/SITE\/?page_id=10266"},"modified":"2019-01-16T11:50:25","modified_gmt":"2019-01-16T11:50:25","slug":"falcoaria-tinto","status":"publish","type":"page","link":"https:\/\/www.casalbranco.com\/pt\/falcoaria-tinto\/","title":{"rendered":"Falcoaria Tinto"},"content":{"rendered":"<div class=\"wpb-content-wrapper\"><div class=\"vc_row wpb_row vc_row-fluid\"><div class=\"wpb_column vc_column_container vc_col-sm-3\"><div class=\"vc_column-inner \"><div class=\"wpb_wrapper\">\n\t<div  class=\"wpb_single_image wpb_content_element vc_align_left wpb_content_element\">\n\t\t\n\t\t<figure class=\"wpb_wrapper vc_figure\">\n\t\t\t<div class=\"vc_single_image-wrapper vc_box_rounded  vc_box_border_grey\"><img loading=\"lazy\" decoding=\"async\" width=\"99\" height=\"300\" src=\"https:\/\/www.casalbranco.com\/pt\/wp-content\/uploads\/2019\/01\/Falcoaria-TintoCapsulaNova-99x300.jpg\" class=\"vc_single_image-img attachment-medium\" alt=\"\" title=\"Falcoaria TintoCapsulaNova\" srcset=\"https:\/\/www.casalbranco.com\/pt\/wp-content\/uploads\/2019\/01\/Falcoaria-TintoCapsulaNova-99x300.jpg 99w, https:\/\/www.casalbranco.com\/pt\/wp-content\/uploads\/2019\/01\/Falcoaria-TintoCapsulaNova-500x1516.jpg 500w, https:\/\/www.casalbranco.com\/pt\/wp-content\/uploads\/2019\/01\/Falcoaria-TintoCapsulaNova-768x2329.jpg 768w, https:\/\/www.casalbranco.com\/pt\/wp-content\/uploads\/2019\/01\/Falcoaria-TintoCapsulaNova-338x1024.jpg 338w, https:\/\/www.casalbranco.com\/pt\/wp-content\/uploads\/2019\/01\/Falcoaria-TintoCapsulaNova-scaled.jpg 844w\" sizes=\"auto, (max-width: 99px) 100vw, 99px\" \/><\/div>\n\t\t<\/figure>\n\t<\/div>\n<\/div><\/div><\/div><div class=\"wpb_column vc_column_container vc_col-sm-9\"><div class=\"vc_column-inner \"><div class=\"wpb_wrapper\">\n\t<div class=\"wpb_text_column wpb_content_element \" >\n\t\t<div class=\"wpb_wrapper\">\n\t\t\t<p><strong>Pa\u00eds | Regi\u00e3o | Sub-regi\u00e3o: Portugal | Tejo | Almeirim<\/strong><br \/>\n<strong>Terroir:<\/strong> Franco arenoso<br \/>\n<strong>Clima:<\/strong> Mediterr\u00e2neo moderado<br \/>\n<strong>Castas:<\/strong> Alicante Bouschet, Castel\u00e3o, Touriga Nacional, Cabernet Sauvignon, Petit Verdot<br \/>\n<strong>\u00c1lcool:<\/strong> 14 %<br \/>\n<strong>Viticultura e Enologia: <\/strong>Fermenta\u00e7\u00e3o em dep\u00f3sitos de cimento, com temperatura controlada.<br \/>\n<strong>Notas de Prova: <\/strong>No aroma, destaque para os frutos vermelhos, framboesas, mirtilos. Na prova \u00e9 um vinho com muita sucosidade, com evid\u00eancia de notas tostadas, baunilha, moka, caf\u00e9 e ainda especiarias. Final longo e equilibrado.<br \/>\n<strong>Como servir:<\/strong><br \/>\nIdeal para acompanhar os mais variados pratos de carnes, enchidos, massas. Deve ser servido a uma temperatura de 16\u00baC a 18\u00ba C.<\/p>\n\n\t\t<\/div>\n\t<\/div>\n<\/div><\/div><\/div><\/div>\n<\/div>","protected":false},"excerpt":{"rendered":"Pa\u00eds | Regi\u00e3o | Sub-regi\u00e3o: Portugal | Tejo | Almeirim Terroir: Franco arenoso Clima: Mediterr\u00e2neo moderado Castas: Alicante Bouschet, Castel\u00e3o, Touriga Nacional, Cabernet Sauvignon, Petit Verdot \u00c1lcool: 14 % Viticultura e Enologia: Fermenta\u00e7\u00e3o em dep\u00f3sitos de cimento, com temperatura controlada. Notas de Prova: No aroma, destaque para os frutos vermelhos, framboesas, mirtilos. Na prova \u00e9 [...]","protected":false},"author":1,"featured_media":0,"parent":0,"menu_order":0,"comment_status":"closed","ping_status":"closed","template":"","meta":{"footnotes":""},"class_list":["post-10266","page","type-page","status-publish","hentry"],"_links":{"self":[{"href":"https:\/\/www.casalbranco.com\/pt\/wp-json\/wp\/v2\/pages\/10266","targetHints":{"allow":["GET"]}}],"collection":[{"href":"https:\/\/www.casalbranco.com\/pt\/wp-json\/wp\/v2\/pages"}],"about":[{"href":"https:\/\/www.casalbranco.com\/pt\/wp-json\/wp\/v2\/types\/page"}],"author":[{"embeddable":true,"href":"https:\/\/www.casalbranco.com\/pt\/wp-json\/wp\/v2\/users\/1"}],"replies":[{"embeddable":true,"href":"https:\/\/www.casalbranco.com\/pt\/wp-json\/wp\/v2\/comments?post=10266"}],"version-history":[{"count":5,"href":"https:\/\/www.casalbranco.com\/pt\/wp-json\/wp\/v2\/pages\/10266\/revisions"}],"predecessor-version":[{"id":10868,"href":"https:\/\/www.casalbranco.com\/pt\/wp-json\/wp\/v2\/pages\/10266\/revisions\/10868"}],"wp:attachment":[{"href":"https:\/\/www.casalbranco.com\/pt\/wp-json\/wp\/v2\/media?parent=10266"}],"curies":[{"name":"wp","href":"https:\/\/api.w.org\/{rel}","templated":true}]}}