{"id":10310,"date":"2018-08-22T15:44:37","date_gmt":"2018-08-22T15:44:37","guid":{"rendered":"http:\/\/www.casalbranco.com\/SITE\/?page_id=10310"},"modified":"2025-10-28T17:58:37","modified_gmt":"2025-10-28T17:58:37","slug":"coudelaria","status":"publish","type":"page","link":"https:\/\/www.casalbranco.com\/pt\/coudelaria\/","title":{"rendered":"Coudelaria"},"content":{"rendered":"<div class=\"wpb-content-wrapper\"><div class=\"vc_row wpb_row vc_row-fluid\"><div class=\"wpb_column vc_column_container vc_col-sm-12\"><div class=\"vc_column-inner \"><div class=\"wpb_wrapper\"><div class=\"ult-animation  ult-animate-viewport  ult-no-mobile \" data-animate=\"fadeInDown\" data-animation-delay=\"1\" data-animation-duration=\"1\" data-animation-iteration=\"1\" style=\"opacity:0;\" data-opacity_start_effect=\"\"><h2 class=\"align left\">Coudelaria<\/h2><div class=\"vc_empty_space\"   style=\"height: 32px\"><span class=\"vc_empty_space_inner\"><\/span><\/div>\n\t<div class=\"wpb_text_column wpb_content_element \" >\n\t\t<div class=\"wpb_wrapper\">\n\t\t\t<div id=\"content\">\n<p><span style=\"font-weight: 100; font-size: 16px; color: #000000; font-family: 'montserrat';\">A Coudelaria da Quinta do Casal Branco \u00e9 marcada pela\u00a0 beleza e tradi\u00e7\u00e3o dos cavalos puro-sangue Lusitano. A\u00a0 hist\u00f3ria remonta ao 2.\u00ba Conde de Sobral, D. Luis de Mello Breyner.\u00a0<\/span><\/p>\n<p><span style=\"font-weight: 100; font-size: 16px; color: #000000; font-family: 'montserrat';\">Hoje, a tradi\u00e7\u00e3o continua viva.<\/span><\/p>\n<\/div>\n\n\t\t<\/div>\n\t<\/div>\n<div class=\"wpb_images_carousel wpb_content_element vc_clearfix wpb_content_element\"><div class=\"wpb_wrapper\"><div id=\"vc_images-carousel-1-1776507161\" data-ride=\"vc_carousel\" data-wrap=\"true\" style=\"width: 100%;\" data-interval=\"2000\" data-auto-height=\"yes\" data-mode=\"horizontal\" data-partial=\"false\" data-per-view=\"2\" data-hide-on-end=\"false\" class=\"vc_slide vc_images_carousel\"><ol class=\"vc_carousel-indicators\"><li data-target=\"#vc_images-carousel-1-1776507161\" data-slide-to=\"0\"><\/li><li data-target=\"#vc_images-carousel-1-1776507161\" data-slide-to=\"1\"><\/li><li data-target=\"#vc_images-carousel-1-1776507161\" data-slide-to=\"2\"><\/li><li data-target=\"#vc_images-carousel-1-1776507161\" data-slide-to=\"3\"><\/li><li data-target=\"#vc_images-carousel-1-1776507161\" data-slide-to=\"4\"><\/li><li data-target=\"#vc_images-carousel-1-1776507161\" data-slide-to=\"5\"><\/li><\/ol><div class=\"vc_carousel-inner\"><div class=\"vc_carousel-slideline\"><div class=\"vc_carousel-slideline-inner\"><div class=\"vc_item\"><div class=\"vc_inner\"><a class=\"\" href=\"https:\/\/www.casalbranco.com\/pt\/wp-content\/uploads\/2019\/06\/Coudelaria-1-1024x683.jpg\" data-lightbox=\"lightbox[rel-10310-2848144432]\"><img loading=\"lazy\" decoding=\"async\" width=\"1560\" height=\"1040\" src=\"https:\/\/www.casalbranco.com\/pt\/wp-content\/uploads\/2019\/06\/Coudelaria-1.jpg\" class=\"attachment-full\" alt=\"\" title=\"Coudelaria 1\" srcset=\"https:\/\/www.casalbranco.com\/pt\/wp-content\/uploads\/2019\/06\/Coudelaria-1.jpg 1560w, https:\/\/www.casalbranco.com\/pt\/wp-content\/uploads\/2019\/06\/Coudelaria-1-500x333.jpg 500w, https:\/\/www.casalbranco.com\/pt\/wp-content\/uploads\/2019\/06\/Coudelaria-1-300x200.jpg 300w, https:\/\/www.casalbranco.com\/pt\/wp-content\/uploads\/2019\/06\/Coudelaria-1-768x512.jpg 768w, https:\/\/www.casalbranco.com\/pt\/wp-content\/uploads\/2019\/06\/Coudelaria-1-1024x683.jpg 1024w\" sizes=\"auto, (max-width: 1560px) 100vw, 1560px\" \/><\/a><\/div><\/div><div class=\"vc_item\"><div class=\"vc_inner\"><a class=\"\" href=\"https:\/\/www.casalbranco.com\/pt\/wp-content\/uploads\/2024\/12\/Coudelaria_1-1024x683.jpg\" data-lightbox=\"lightbox[rel-10310-2848144432]\"><img loading=\"lazy\" decoding=\"async\" width=\"2560\" height=\"1707\" src=\"https:\/\/www.casalbranco.com\/pt\/wp-content\/uploads\/2024\/12\/Coudelaria_1-scaled.jpg\" class=\"attachment-full\" alt=\"\" title=\"Coudelaria_1\" srcset=\"https:\/\/www.casalbranco.com\/pt\/wp-content\/uploads\/2024\/12\/Coudelaria_1-scaled.jpg 2560w, https:\/\/www.casalbranco.com\/pt\/wp-content\/uploads\/2024\/12\/Coudelaria_1-300x200.jpg 300w, https:\/\/www.casalbranco.com\/pt\/wp-content\/uploads\/2024\/12\/Coudelaria_1-1024x683.jpg 1024w, https:\/\/www.casalbranco.com\/pt\/wp-content\/uploads\/2024\/12\/Coudelaria_1-768x512.jpg 768w, https:\/\/www.casalbranco.com\/pt\/wp-content\/uploads\/2024\/12\/Coudelaria_1-1536x1024.jpg 1536w, https:\/\/www.casalbranco.com\/pt\/wp-content\/uploads\/2024\/12\/Coudelaria_1-2048x1365.jpg 2048w, https:\/\/www.casalbranco.com\/pt\/wp-content\/uploads\/2024\/12\/Coudelaria_1-18x12.jpg 18w, https:\/\/www.casalbranco.com\/pt\/wp-content\/uploads\/2024\/12\/Coudelaria_1-500x333.jpg 500w\" sizes=\"auto, (max-width: 2560px) 100vw, 2560px\" \/><\/a><\/div><\/div><div class=\"vc_item\"><div class=\"vc_inner\"><a class=\"\" href=\"https:\/\/www.casalbranco.com\/pt\/wp-content\/uploads\/2024\/12\/Coudelaria_Casal_Branco-2-1024x683.jpg\" data-lightbox=\"lightbox[rel-10310-2848144432]\"><img loading=\"lazy\" decoding=\"async\" width=\"2560\" height=\"1707\" src=\"https:\/\/www.casalbranco.com\/pt\/wp-content\/uploads\/2024\/12\/Coudelaria_Casal_Branco-2-scaled.jpg\" class=\"attachment-full\" alt=\"\" title=\"Coudelaria_Casal_Branco-2\" srcset=\"https:\/\/www.casalbranco.com\/pt\/wp-content\/uploads\/2024\/12\/Coudelaria_Casal_Branco-2-scaled.jpg 2560w, https:\/\/www.casalbranco.com\/pt\/wp-content\/uploads\/2024\/12\/Coudelaria_Casal_Branco-2-300x200.jpg 300w, https:\/\/www.casalbranco.com\/pt\/wp-content\/uploads\/2024\/12\/Coudelaria_Casal_Branco-2-1024x683.jpg 1024w, https:\/\/www.casalbranco.com\/pt\/wp-content\/uploads\/2024\/12\/Coudelaria_Casal_Branco-2-768x512.jpg 768w, https:\/\/www.casalbranco.com\/pt\/wp-content\/uploads\/2024\/12\/Coudelaria_Casal_Branco-2-1536x1024.jpg 1536w, https:\/\/www.casalbranco.com\/pt\/wp-content\/uploads\/2024\/12\/Coudelaria_Casal_Branco-2-2048x1365.jpg 2048w, https:\/\/www.casalbranco.com\/pt\/wp-content\/uploads\/2024\/12\/Coudelaria_Casal_Branco-2-18x12.jpg 18w, https:\/\/www.casalbranco.com\/pt\/wp-content\/uploads\/2024\/12\/Coudelaria_Casal_Branco-2-500x333.jpg 500w\" sizes=\"auto, (max-width: 2560px) 100vw, 2560px\" \/><\/a><\/div><\/div><div class=\"vc_item\"><div class=\"vc_inner\"><a class=\"\" href=\"https:\/\/www.casalbranco.com\/pt\/wp-content\/uploads\/2024\/12\/Coudelaria_Casal_Branco-4-1024x683.jpg\" data-lightbox=\"lightbox[rel-10310-2848144432]\"><img loading=\"lazy\" decoding=\"async\" width=\"2560\" height=\"1707\" src=\"https:\/\/www.casalbranco.com\/pt\/wp-content\/uploads\/2024\/12\/Coudelaria_Casal_Branco-4-scaled.jpg\" class=\"attachment-full\" alt=\"\" title=\"Coudelaria_Casal_Branco-4\" srcset=\"https:\/\/www.casalbranco.com\/pt\/wp-content\/uploads\/2024\/12\/Coudelaria_Casal_Branco-4-scaled.jpg 2560w, https:\/\/www.casalbranco.com\/pt\/wp-content\/uploads\/2024\/12\/Coudelaria_Casal_Branco-4-300x200.jpg 300w, https:\/\/www.casalbranco.com\/pt\/wp-content\/uploads\/2024\/12\/Coudelaria_Casal_Branco-4-1024x683.jpg 1024w, https:\/\/www.casalbranco.com\/pt\/wp-content\/uploads\/2024\/12\/Coudelaria_Casal_Branco-4-768x512.jpg 768w, https:\/\/www.casalbranco.com\/pt\/wp-content\/uploads\/2024\/12\/Coudelaria_Casal_Branco-4-1536x1024.jpg 1536w, https:\/\/www.casalbranco.com\/pt\/wp-content\/uploads\/2024\/12\/Coudelaria_Casal_Branco-4-2048x1365.jpg 2048w, https:\/\/www.casalbranco.com\/pt\/wp-content\/uploads\/2024\/12\/Coudelaria_Casal_Branco-4-18x12.jpg 18w, https:\/\/www.casalbranco.com\/pt\/wp-content\/uploads\/2024\/12\/Coudelaria_Casal_Branco-4-500x333.jpg 500w\" sizes=\"auto, (max-width: 2560px) 100vw, 2560px\" \/><\/a><\/div><\/div><div class=\"vc_item\"><div class=\"vc_inner\"><a class=\"\" href=\"https:\/\/www.casalbranco.com\/pt\/wp-content\/uploads\/2024\/12\/Coudelaria_Casal_Branco-5-1024x683.jpg\" data-lightbox=\"lightbox[rel-10310-2848144432]\"><img loading=\"lazy\" decoding=\"async\" width=\"2560\" height=\"1707\" src=\"https:\/\/www.casalbranco.com\/pt\/wp-content\/uploads\/2024\/12\/Coudelaria_Casal_Branco-5-scaled.jpg\" class=\"attachment-full\" alt=\"\" title=\"Coudelaria_Casal_Branco-5\" srcset=\"https:\/\/www.casalbranco.com\/pt\/wp-content\/uploads\/2024\/12\/Coudelaria_Casal_Branco-5-scaled.jpg 2560w, https:\/\/www.casalbranco.com\/pt\/wp-content\/uploads\/2024\/12\/Coudelaria_Casal_Branco-5-300x200.jpg 300w, https:\/\/www.casalbranco.com\/pt\/wp-content\/uploads\/2024\/12\/Coudelaria_Casal_Branco-5-1024x683.jpg 1024w, https:\/\/www.casalbranco.com\/pt\/wp-content\/uploads\/2024\/12\/Coudelaria_Casal_Branco-5-768x512.jpg 768w, https:\/\/www.casalbranco.com\/pt\/wp-content\/uploads\/2024\/12\/Coudelaria_Casal_Branco-5-1536x1024.jpg 1536w, https:\/\/www.casalbranco.com\/pt\/wp-content\/uploads\/2024\/12\/Coudelaria_Casal_Branco-5-2048x1365.jpg 2048w, https:\/\/www.casalbranco.com\/pt\/wp-content\/uploads\/2024\/12\/Coudelaria_Casal_Branco-5-18x12.jpg 18w, https:\/\/www.casalbranco.com\/pt\/wp-content\/uploads\/2024\/12\/Coudelaria_Casal_Branco-5-500x333.jpg 500w\" sizes=\"auto, (max-width: 2560px) 100vw, 2560px\" \/><\/a><\/div><\/div><div class=\"vc_item\"><div class=\"vc_inner\"><a class=\"\" href=\"https:\/\/www.casalbranco.com\/pt\/wp-content\/uploads\/2024\/12\/Coudelaria_Casal_Branco-6-1024x683.jpg\" data-lightbox=\"lightbox[rel-10310-2848144432]\"><img loading=\"lazy\" decoding=\"async\" width=\"2560\" height=\"1707\" src=\"https:\/\/www.casalbranco.com\/pt\/wp-content\/uploads\/2024\/12\/Coudelaria_Casal_Branco-6-scaled.jpg\" class=\"attachment-full\" alt=\"\" title=\"Coudelaria_Casal_Branco-6\" srcset=\"https:\/\/www.casalbranco.com\/pt\/wp-content\/uploads\/2024\/12\/Coudelaria_Casal_Branco-6-scaled.jpg 2560w, https:\/\/www.casalbranco.com\/pt\/wp-content\/uploads\/2024\/12\/Coudelaria_Casal_Branco-6-300x200.jpg 300w, https:\/\/www.casalbranco.com\/pt\/wp-content\/uploads\/2024\/12\/Coudelaria_Casal_Branco-6-1024x683.jpg 1024w, https:\/\/www.casalbranco.com\/pt\/wp-content\/uploads\/2024\/12\/Coudelaria_Casal_Branco-6-768x512.jpg 768w, https:\/\/www.casalbranco.com\/pt\/wp-content\/uploads\/2024\/12\/Coudelaria_Casal_Branco-6-1536x1024.jpg 1536w, https:\/\/www.casalbranco.com\/pt\/wp-content\/uploads\/2024\/12\/Coudelaria_Casal_Branco-6-2048x1365.jpg 2048w, https:\/\/www.casalbranco.com\/pt\/wp-content\/uploads\/2024\/12\/Coudelaria_Casal_Branco-6-18x12.jpg 18w, https:\/\/www.casalbranco.com\/pt\/wp-content\/uploads\/2024\/12\/Coudelaria_Casal_Branco-6-500x333.jpg 500w\" sizes=\"auto, (max-width: 2560px) 100vw, 2560px\" \/><\/a><\/div><\/div><\/div><\/div><\/div><a class=\"vc_left vc_carousel-control\" href=\"#vc_images-carousel-1-1776507161\" data-slide=\"prev\"><span class=\"icon-prev\"><\/span><\/a><a class=\"vc_right vc_carousel-control\" href=\"#vc_images-carousel-1-1776507161\" data-slide=\"next\"><span class=\"icon-next\"><\/span><\/a><\/div><\/div><\/div><\/div><\/div><\/div><\/div><\/div><div class=\"vc_row wpb_row vc_row-fluid\"><div class=\"wpb_column vc_column_container vc_col-sm-12\"><div class=\"vc_column-inner \"><div class=\"wpb_wrapper\"><div class=\"ult-spacer spacer-69e35919970e3\" data-id=\"69e35919970e3\" data-height=\"50\" data-height-mobile=\"50\" data-height-tab=\"50\" data-height-tab-portrait=\"\" data-height-mobile-landscape=\"\" style=\"clear:both;display:block;\"><\/div><\/div><\/div><\/div><\/div><div class=\"vc_row wpb_row vc_row-fluid\"><div class=\"wpb_column vc_column_container vc_col-sm-4\"><div class=\"vc_column-inner \"><div class=\"wpb_wrapper\"><\/div><\/div><\/div><div class=\"wpb_column vc_column_container vc_col-sm-1\"><div class=\"vc_column-inner \"><div class=\"wpb_wrapper\"><div class=\"ult-just-icon-wrapper  \"><div class=\"align-icon\" style=\"text-align:center;\">\n<a class=\"aio-tooltip 69e35919973d6\" href=\"https:\/\/www.facebook.com\/quintadocasalbranco\/\" target=\"_blank\" rel=\"noopener\"  data-toggle=\"tooltip\" data-placement=\"\"><div class=\"aio-icon-img \" style=\"font-size:35px;display:inline-block;\" >\n\t<img decoding=\"async\" class=\"img-icon\" alt=\"null\" src=\"https:\/\/www.casalbranco.com\/pt\/wp-content\/uploads\/2024\/12\/facebook.png\"\/>\n<\/div><\/a><\/div><\/div><\/div><\/div><\/div><div class=\"wpb_column vc_column_container vc_col-sm-1\"><div class=\"vc_column-inner \"><div class=\"wpb_wrapper\"><div class=\"ult-just-icon-wrapper  \"><div class=\"align-icon\" style=\"text-align:center;\">\n<a class=\"aio-tooltip 69e35919977ce\" href=\"https:\/\/www.instagram.com\/quintadocasalbranco\/\" target=\"_blank\" rel=\"noopener\"  data-toggle=\"tooltip\" data-placement=\"\"><div class=\"aio-icon-img \" style=\"font-size:35px;display:inline-block;\" >\n\t<img decoding=\"async\" class=\"img-icon\" alt=\"null\" src=\"https:\/\/www.casalbranco.com\/pt\/wp-content\/uploads\/2024\/12\/instagram.png\"\/>\n<\/div><\/a><\/div><\/div><\/div><\/div><\/div><div class=\"wpb_column vc_column_container vc_col-sm-1\"><div class=\"vc_column-inner \"><div class=\"wpb_wrapper\"><div class=\"ult-just-icon-wrapper  \"><div class=\"align-icon\" style=\"text-align:center;\">\n<a class=\"aio-tooltip 69e3591997b64\" href=\"https:\/\/www.linkedin.com\/company\/quinta-do-casal-branco\/\" target=\"_blank\" rel=\"noopener\"  data-toggle=\"tooltip\" data-placement=\"\"><div class=\"aio-icon-img \" style=\"font-size:35px;display:inline-block;\" >\n\t<img decoding=\"async\" class=\"img-icon\" alt=\"null\" src=\"https:\/\/www.casalbranco.com\/pt\/wp-content\/uploads\/2024\/12\/linkedin.png\"\/>\n<\/div><\/a><\/div><\/div><\/div><\/div><\/div><div class=\"wpb_column vc_column_container vc_col-sm-1\"><div class=\"vc_column-inner \"><div class=\"wpb_wrapper\"><div class=\"ult-just-icon-wrapper  \"><div class=\"align-icon\" style=\"text-align:center;\">\n<a class=\"aio-tooltip 69e3591997ef8\" href=\"https:\/\/www.tripadvisor.pt\/Attraction_Review-g2589401-d10509049-Reviews-Quinta_do_Casal_Branco-Almeirim_Santarem_District_Central_Portugal.html\" target=\"_blank\" rel=\"noopener\"  data-toggle=\"tooltip\" data-placement=\"\"><div class=\"aio-icon-img \" style=\"font-size:35px;display:inline-block;\" >\n\t<img decoding=\"async\" class=\"img-icon\" alt=\"null\" src=\"https:\/\/www.casalbranco.com\/pt\/wp-content\/uploads\/2024\/12\/social.png\"\/>\n<\/div><\/a><\/div><\/div><\/div><\/div><\/div><div class=\"wpb_column vc_column_container vc_col-sm-3\"><div class=\"vc_column-inner \"><div class=\"wpb_wrapper\"><\/div><\/div><\/div><\/div><div class=\"vc_row wpb_row vc_row-fluid\"><div class=\"wpb_column vc_column_container vc_col-sm-12\"><div class=\"vc_column-inner \"><div class=\"wpb_wrapper\"><div class=\"ult-spacer spacer-69e359199843a\" data-id=\"69e359199843a\" data-height=\"50\" data-height-mobile=\"50\" data-height-tab=\"50\" data-height-tab-portrait=\"\" data-height-mobile-landscape=\"\" style=\"clear:both;display:block;\"><\/div><\/div><\/div><\/div><\/div><div class=\"vc_row wpb_row vc_row-fluid\"><div class=\"wpb_column vc_column_container vc_col-sm-8\"><div class=\"vc_column-inner \"><div class=\"wpb_wrapper\"><div class=\"ult-spacer spacer-69e35919986a5\" data-id=\"69e35919986a5\" data-height=\"100\" data-height-mobile=\"100\" data-height-tab=\"100\" data-height-tab-portrait=\"\" data-height-mobile-landscape=\"\" style=\"clear:both;display:block;\"><\/div>\n\t<div class=\"wpb_text_column wpb_content_element \" >\n\t\t<div class=\"wpb_wrapper\">\n\t\t\t<p style=\"font-size: 14px; text-align: right; font-family: 'montserrat';\"><a href=\"https:\/\/www.livroreclamacoes.pt\/inicio\" target=\"_blank\" rel=\"noopener noreferrer\"><strong>Livro de Reclama\u00e7\u00f5es<\/strong><\/a>\u00a0 \u00a0<a href=\"https:\/\/www.casalbranco.com\/pt\/politica-da-qualidade\/\" target=\"_blank\" rel=\"noopener noreferrer\"><strong>Pol\u00edtica da Qualidade<\/strong><\/a> \u00a0\u00a0 <a href=\"https:\/\/www.casalbranco.com\/pt\/politica-da-privacidade\/\" target=\"_blank\" rel=\"noopener noreferrer\"><strong>Pol\u00edtica da Privacidade<\/strong><\/a><\/p>\n\n\t\t<\/div>\n\t<\/div>\n\n\t<div class=\"wpb_text_column wpb_content_element  vc_custom_1761674317463\" >\n\t\t<div class=\"wpb_wrapper\">\n\t\t\t<p style=\"font-size: 14px; text-align: right; font-family: 'montserrat';\"><a href=\"https:\/\/www.casalbranco.com\/pt\/projectos-cofinanciados-pela-ue\/\" target=\"_blank\" rel=\"noopener noreferrer\"><strong>Projectos Cofinanciados pela UE<\/strong><\/a> \u00a0\u00a0 <a href=\"https:\/\/www.casalbranco.com\/ANEXOS\/QCB_RS_2024-FINAL.pdf\" target=\"_blank\" rel=\"noopener noreferrer\"><strong>Sustentabilidade<\/strong><\/a><\/p>\n\n\t\t<\/div>\n\t<\/div>\n<\/div><\/div><\/div><div class=\"wpb_column vc_column_container vc_col-sm-4\"><div class=\"vc_column-inner \"><div class=\"wpb_wrapper\"><div class=\"ult-spacer spacer-69e3591998892\" data-id=\"69e3591998892\" data-height=\"75\" data-height-mobile=\"75\" data-height-tab=\"75\" data-height-tab-portrait=\"\" data-height-mobile-landscape=\"\" style=\"clear:both;display:block;\"><\/div>\n\t<div class=\"wpb_text_column wpb_content_element \" >\n\t\t<div class=\"wpb_wrapper\">\n\t\t\t<p><img loading=\"lazy\" decoding=\"async\" class=\" wp-image-12450 aligncenter\" src=\"https:\/\/www.casalbranco.com\/pt\/wp-content\/uploads\/2019\/12\/barra_cofin_FEDER-1024x165-300x48.jpg\" alt=\"\" width=\"558\" height=\"89\" srcset=\"https:\/\/www.casalbranco.com\/pt\/wp-content\/uploads\/2019\/12\/barra_cofin_FEDER-1024x165-300x48.jpg 300w, https:\/\/www.casalbranco.com\/pt\/wp-content\/uploads\/2019\/12\/barra_cofin_FEDER-1024x165-500x81.jpg 500w, https:\/\/www.casalbranco.com\/pt\/wp-content\/uploads\/2019\/12\/barra_cofin_FEDER-1024x165-768x124.jpg 768w, https:\/\/www.casalbranco.com\/pt\/wp-content\/uploads\/2019\/12\/barra_cofin_FEDER-1024x165.jpg 1024w\" sizes=\"auto, (max-width: 558px) 100vw, 558px\" \/><\/p>\n\n\t\t<\/div>\n\t<\/div>\n<\/div><\/div><\/div><\/div><div class=\"vc_row wpb_row vc_row-fluid\"><div class=\"wpb_column vc_column_container vc_col-sm-7\"><div class=\"vc_column-inner \"><div class=\"wpb_wrapper\"><\/div><\/div><\/div><div class=\"wpb_column vc_column_container vc_col-sm-1\"><div class=\"vc_column-inner \"><div class=\"wpb_wrapper\"><div class=\"ult-just-icon-wrapper  \"><div class=\"align-icon\" style=\"text-align:center;\">\n<a class=\"aio-tooltip 69e3591998b6b\" href=\"https:\/\/www.festivalentrequintas.com\/\" target=\"_blank\" rel=\"noopener\"  data-toggle=\"tooltip\" data-placement=\"\"><div class=\"aio-icon-img \" style=\"font-size:200px;display:inline-block;\" >\n\t<img decoding=\"async\" class=\"img-icon\" alt=\"null\" src=\"https:\/\/www.casalbranco.com\/pt\/wp-content\/uploads\/2024\/12\/Entre-Quintas.png\"\/>\n<\/div><\/a><\/div><\/div><\/div><\/div><\/div><div class=\"wpb_column vc_column_container vc_col-sm-1\"><div class=\"vc_column-inner \"><div class=\"wpb_wrapper\"><div class=\"ult-just-icon-wrapper  \"><div class=\"align-icon\" style=\"text-align:center;\">\n<a class=\"aio-tooltip 69e3591998ef2\" href=\"https:\/\/www.jardinshistoricos.pt\/ad\/624\" target=\"_blank\" rel=\"noopener\"  data-toggle=\"tooltip\" data-placement=\"\"><div class=\"aio-icon-img \" style=\"font-size:200px;display:inline-block;\" >\n\t<img decoding=\"async\" class=\"img-icon\" alt=\"null\" src=\"https:\/\/www.casalbranco.com\/pt\/wp-content\/uploads\/2024\/12\/Rota-dos-Jardins-Historicos-do-Tejo.png\"\/>\n<\/div><\/a><\/div><\/div><\/div><\/div><\/div><div class=\"wpb_column vc_column_container vc_col-sm-1\"><div class=\"vc_column-inner \"><div class=\"wpb_wrapper\"><div class=\"ult-just-icon-wrapper  \"><div class=\"align-icon\" style=\"text-align:center;\">\n<div class=\"aio-icon-img \" style=\"font-size:200px;display:inline-block;\" >\n\t<img decoding=\"async\" class=\"img-icon\" alt=\"null\" src=\"https:\/\/www.casalbranco.com\/pt\/wp-content\/uploads\/2024\/12\/Rota-dos-Vinhos-do-Tejo.png\"\/>\n<\/div><\/div><\/div><\/div><\/div><\/div><div class=\"wpb_column vc_column_container vc_col-sm-1\"><div class=\"vc_column-inner \"><div class=\"wpb_wrapper\"><div class=\"ult-just-icon-wrapper  \"><div class=\"align-icon\" style=\"text-align:center;\">\n<div class=\"aio-icon-img \" style=\"font-size:200px;display:inline-block;\" >\n\t<img decoding=\"async\" class=\"img-icon\" alt=\"null\" src=\"https:\/\/www.casalbranco.com\/pt\/wp-content\/uploads\/2024\/12\/WiM_Baseline-outside_Black.png\"\/>\n<\/div><\/div><\/div><\/div><\/div><\/div><div class=\"wpb_column vc_column_container vc_col-sm-1\"><div class=\"vc_column-inner \"><div class=\"wpb_wrapper\"><div class=\"ult-just-icon-wrapper  \"><div class=\"align-icon\" style=\"text-align:center;\">\n<div class=\"aio-icon-img \" style=\"font-size:200px;display:inline-block;\" >\n\t<img decoding=\"async\" class=\"img-icon\" alt=\"null\" src=\"https:\/\/www.casalbranco.com\/pt\/wp-content\/uploads\/2024\/12\/Portugal-Sou-Eu.png\"\/>\n<\/div><\/div><\/div><\/div><\/div><\/div><\/div>\n<\/div>","protected":false},"excerpt":{"rendered":"Coudelaria A Coudelaria da Quinta do Casal Branco \u00e9 marcada pela\u00a0 beleza e tradi\u00e7\u00e3o dos cavalos puro-sangue Lusitano. A\u00a0 hist\u00f3ria remonta ao 2.\u00ba Conde de Sobral, D. Luis de Mello Breyner.\u00a0 Hoje, a tradi\u00e7\u00e3o continua viva. Livro de Reclama\u00e7\u00f5es\u00a0 \u00a0Pol\u00edtica da Qualidade \u00a0\u00a0 Pol\u00edtica da Privacidade Projectos Cofinanciados pela UE \u00a0\u00a0 Sustentabilidade","protected":false},"author":1,"featured_media":0,"parent":0,"menu_order":0,"comment_status":"closed","ping_status":"closed","template":"","meta":{"footnotes":""},"class_list":["post-10310","page","type-page","status-publish","hentry"],"_links":{"self":[{"href":"https:\/\/www.casalbranco.com\/pt\/wp-json\/wp\/v2\/pages\/10310","targetHints":{"allow":["GET"]}}],"collection":[{"href":"https:\/\/www.casalbranco.com\/pt\/wp-json\/wp\/v2\/pages"}],"about":[{"href":"https:\/\/www.casalbranco.com\/pt\/wp-json\/wp\/v2\/types\/page"}],"author":[{"embeddable":true,"href":"https:\/\/www.casalbranco.com\/pt\/wp-json\/wp\/v2\/users\/1"}],"replies":[{"embeddable":true,"href":"https:\/\/www.casalbranco.com\/pt\/wp-json\/wp\/v2\/comments?post=10310"}],"version-history":[{"count":24,"href":"https:\/\/www.casalbranco.com\/pt\/wp-json\/wp\/v2\/pages\/10310\/revisions"}],"predecessor-version":[{"id":15122,"href":"https:\/\/www.casalbranco.com\/pt\/wp-json\/wp\/v2\/pages\/10310\/revisions\/15122"}],"wp:attachment":[{"href":"https:\/\/www.casalbranco.com\/pt\/wp-json\/wp\/v2\/media?parent=10310"}],"curies":[{"name":"wp","href":"https:\/\/api.w.org\/{rel}","templated":true}]}}