{"id":10906,"date":"2019-03-06T11:55:11","date_gmt":"2019-03-06T11:55:11","guid":{"rendered":"https:\/\/www.casalbranco.com\/pt\/?page_id=10906"},"modified":"2025-10-29T09:48:31","modified_gmt":"2025-10-29T09:48:31","slug":"enoturismo","status":"publish","type":"page","link":"https:\/\/www.casalbranco.com\/pt\/enoturismo\/","title":{"rendered":"Enoturismo"},"content":{"rendered":"<div class=\"wpb-content-wrapper\"><div class=\"vc_row wpb_row vc_row-fluid\"><div class=\"wpb_column vc_column_container vc_col-sm-12\"><div class=\"vc_column-inner \"><div class=\"wpb_wrapper\"><h2 class=\"align left\">Enoturismo<\/h2><div class=\"vc_empty_space\"   style=\"height: 32px\"><span class=\"vc_empty_space_inner\"><\/span><\/div>\n\t<div class=\"wpb_text_column wpb_content_element \" >\n\t\t<div class=\"wpb_wrapper\">\n\t\t\t<p><span style=\"font-weight: 100; font-size: 16px; color: #000000; font-family: 'montserrat';\">Conhecer o Tejo passa por uma visita \u00e0 Quinta do Casal Branco &#8211; refer\u00eancia incontorn\u00e1vel\u00a0 no enoturismo em Portugal &#8211; \u00e9 uma viagem \u00e0 descoberta de um universo \u00fanico e m\u00e1gico, de um lugar marcado pelo tempo.<\/span><\/p>\n<p><span style=\"font-weight: 100; font-size: 16px; color: #000000; font-family: 'montserrat';\">Encontra em cada recanto, sabores intensos, aromas envolventes e lugares que fazem parte da hist\u00f3ria e identidade de um territ\u00f3rio.\u00a0 Uma jornada sensorial que o levar\u00e1 diretamente ao cora\u00e7\u00e3o de vinhas centen\u00e1rias, a viver o ciclo de vida das uvas, a descobrir os segredos por tr\u00e1s da produ\u00e7\u00e3o dos vinhos. Absorva conhecimento, desfrute de momentos \u00fanicos e deixe-se levar pela magia do enoturismo.<\/span><\/p>\n<p><span style=\"font-weight: 100; font-size: 16px; color: #000000; font-family: 'montserrat';\">Porque na Quinta do Casal Branco queremos oferecer experi\u00eancias \u00fanicas e evolventes, todos os nossos programas s\u00e3o personaliz\u00e1veis. Contacte-nos para saber pre\u00e7os e condi\u00e7\u00f5es.<\/span><\/p>\n\n\t\t<\/div>\n\t<\/div>\n<div class=\"vc_empty_space\"   style=\"height: 32px\"><span class=\"vc_empty_space_inner\"><\/span><\/div><div class=\"wpb_images_carousel wpb_content_element vc_clearfix wpb_content_element\"><div class=\"wpb_wrapper\"><div id=\"vc_images-carousel-1-1776430882\" data-ride=\"vc_carousel\" data-wrap=\"true\" style=\"width: 100%;\" data-interval=\"2000\" data-auto-height=\"yes\" data-mode=\"horizontal\" data-partial=\"false\" data-per-view=\"2\" data-hide-on-end=\"false\" class=\"vc_slide vc_images_carousel\"><ol class=\"vc_carousel-indicators\"><li data-target=\"#vc_images-carousel-1-1776430882\" data-slide-to=\"0\"><\/li><li data-target=\"#vc_images-carousel-1-1776430882\" data-slide-to=\"1\"><\/li><li data-target=\"#vc_images-carousel-1-1776430882\" data-slide-to=\"2\"><\/li><li data-target=\"#vc_images-carousel-1-1776430882\" data-slide-to=\"3\"><\/li><li data-target=\"#vc_images-carousel-1-1776430882\" data-slide-to=\"4\"><\/li><li data-target=\"#vc_images-carousel-1-1776430882\" data-slide-to=\"5\"><\/li><\/ol><div class=\"vc_carousel-inner\"><div class=\"vc_carousel-slideline\"><div class=\"vc_carousel-slideline-inner\"><div class=\"vc_item\"><div class=\"vc_inner\"><a class=\"\" href=\"https:\/\/www.casalbranco.com\/pt\/wp-content\/uploads\/2024\/12\/Enoturismo_5-1024x683.jpg\" data-lightbox=\"lightbox[rel-10906-2819253025]\"><img loading=\"lazy\" decoding=\"async\" width=\"2560\" height=\"1707\" src=\"https:\/\/www.casalbranco.com\/pt\/wp-content\/uploads\/2024\/12\/Enoturismo_5-scaled.jpg\" class=\"attachment-full\" alt=\"\" title=\"Enoturismo_5\" srcset=\"https:\/\/www.casalbranco.com\/pt\/wp-content\/uploads\/2024\/12\/Enoturismo_5-scaled.jpg 2560w, https:\/\/www.casalbranco.com\/pt\/wp-content\/uploads\/2024\/12\/Enoturismo_5-300x200.jpg 300w, https:\/\/www.casalbranco.com\/pt\/wp-content\/uploads\/2024\/12\/Enoturismo_5-1024x683.jpg 1024w, https:\/\/www.casalbranco.com\/pt\/wp-content\/uploads\/2024\/12\/Enoturismo_5-768x512.jpg 768w, https:\/\/www.casalbranco.com\/pt\/wp-content\/uploads\/2024\/12\/Enoturismo_5-1536x1024.jpg 1536w, https:\/\/www.casalbranco.com\/pt\/wp-content\/uploads\/2024\/12\/Enoturismo_5-2048x1365.jpg 2048w, https:\/\/www.casalbranco.com\/pt\/wp-content\/uploads\/2024\/12\/Enoturismo_5-18x12.jpg 18w, https:\/\/www.casalbranco.com\/pt\/wp-content\/uploads\/2024\/12\/Enoturismo_5-500x333.jpg 500w\" sizes=\"auto, (max-width: 2560px) 100vw, 2560px\" \/><\/a><\/div><\/div><div class=\"vc_item\"><div class=\"vc_inner\"><a class=\"\" href=\"https:\/\/www.casalbranco.com\/pt\/wp-content\/uploads\/2025\/01\/Enoturismo-1024x682.jpg\" data-lightbox=\"lightbox[rel-10906-2819253025]\"><img loading=\"lazy\" decoding=\"async\" width=\"1600\" height=\"1066\" src=\"https:\/\/www.casalbranco.com\/pt\/wp-content\/uploads\/2025\/01\/Enoturismo.jpg\" class=\"attachment-full\" alt=\"\" title=\"Enoturismo\" srcset=\"https:\/\/www.casalbranco.com\/pt\/wp-content\/uploads\/2025\/01\/Enoturismo.jpg 1600w, https:\/\/www.casalbranco.com\/pt\/wp-content\/uploads\/2025\/01\/Enoturismo-300x200.jpg 300w, https:\/\/www.casalbranco.com\/pt\/wp-content\/uploads\/2025\/01\/Enoturismo-1024x682.jpg 1024w, https:\/\/www.casalbranco.com\/pt\/wp-content\/uploads\/2025\/01\/Enoturismo-768x512.jpg 768w, https:\/\/www.casalbranco.com\/pt\/wp-content\/uploads\/2025\/01\/Enoturismo-1536x1023.jpg 1536w, https:\/\/www.casalbranco.com\/pt\/wp-content\/uploads\/2025\/01\/Enoturismo-18x12.jpg 18w, https:\/\/www.casalbranco.com\/pt\/wp-content\/uploads\/2025\/01\/Enoturismo-500x333.jpg 500w\" sizes=\"auto, (max-width: 1600px) 100vw, 1600px\" \/><\/a><\/div><\/div><div class=\"vc_item\"><div class=\"vc_inner\"><a class=\"\" href=\"https:\/\/www.casalbranco.com\/pt\/wp-content\/uploads\/2024\/12\/Enoturismo_4-1024x683.jpg\" data-lightbox=\"lightbox[rel-10906-2819253025]\"><img loading=\"lazy\" decoding=\"async\" width=\"2560\" height=\"1707\" src=\"https:\/\/www.casalbranco.com\/pt\/wp-content\/uploads\/2024\/12\/Enoturismo_4-scaled.jpg\" class=\"attachment-full\" alt=\"\" title=\"Enoturismo_4\" srcset=\"https:\/\/www.casalbranco.com\/pt\/wp-content\/uploads\/2024\/12\/Enoturismo_4-scaled.jpg 2560w, https:\/\/www.casalbranco.com\/pt\/wp-content\/uploads\/2024\/12\/Enoturismo_4-300x200.jpg 300w, https:\/\/www.casalbranco.com\/pt\/wp-content\/uploads\/2024\/12\/Enoturismo_4-1024x683.jpg 1024w, https:\/\/www.casalbranco.com\/pt\/wp-content\/uploads\/2024\/12\/Enoturismo_4-768x512.jpg 768w, https:\/\/www.casalbranco.com\/pt\/wp-content\/uploads\/2024\/12\/Enoturismo_4-1536x1024.jpg 1536w, https:\/\/www.casalbranco.com\/pt\/wp-content\/uploads\/2024\/12\/Enoturismo_4-2048x1365.jpg 2048w, https:\/\/www.casalbranco.com\/pt\/wp-content\/uploads\/2024\/12\/Enoturismo_4-18x12.jpg 18w, https:\/\/www.casalbranco.com\/pt\/wp-content\/uploads\/2024\/12\/Enoturismo_4-500x333.jpg 500w\" sizes=\"auto, (max-width: 2560px) 100vw, 2560px\" \/><\/a><\/div><\/div><div class=\"vc_item\"><div class=\"vc_inner\"><a class=\"\" href=\"https:\/\/www.casalbranco.com\/pt\/wp-content\/uploads\/2024\/12\/Enoturismo_6-1024x683.jpg\" data-lightbox=\"lightbox[rel-10906-2819253025]\"><img loading=\"lazy\" decoding=\"async\" width=\"2560\" height=\"1707\" src=\"https:\/\/www.casalbranco.com\/pt\/wp-content\/uploads\/2024\/12\/Enoturismo_6-scaled.jpg\" class=\"attachment-full\" alt=\"\" title=\"Enoturismo_6\" srcset=\"https:\/\/www.casalbranco.com\/pt\/wp-content\/uploads\/2024\/12\/Enoturismo_6-scaled.jpg 2560w, https:\/\/www.casalbranco.com\/pt\/wp-content\/uploads\/2024\/12\/Enoturismo_6-300x200.jpg 300w, https:\/\/www.casalbranco.com\/pt\/wp-content\/uploads\/2024\/12\/Enoturismo_6-1024x683.jpg 1024w, https:\/\/www.casalbranco.com\/pt\/wp-content\/uploads\/2024\/12\/Enoturismo_6-768x512.jpg 768w, https:\/\/www.casalbranco.com\/pt\/wp-content\/uploads\/2024\/12\/Enoturismo_6-1536x1024.jpg 1536w, https:\/\/www.casalbranco.com\/pt\/wp-content\/uploads\/2024\/12\/Enoturismo_6-2048x1365.jpg 2048w, https:\/\/www.casalbranco.com\/pt\/wp-content\/uploads\/2024\/12\/Enoturismo_6-18x12.jpg 18w, https:\/\/www.casalbranco.com\/pt\/wp-content\/uploads\/2024\/12\/Enoturismo_6-500x333.jpg 500w\" sizes=\"auto, (max-width: 2560px) 100vw, 2560px\" \/><\/a><\/div><\/div><div class=\"vc_item\"><div class=\"vc_inner\"><a class=\"\" href=\"https:\/\/www.casalbranco.com\/pt\/wp-content\/uploads\/2024\/12\/Enoturismo_2-1024x683.jpg\" data-lightbox=\"lightbox[rel-10906-2819253025]\"><img loading=\"lazy\" decoding=\"async\" width=\"2560\" height=\"1707\" src=\"https:\/\/www.casalbranco.com\/pt\/wp-content\/uploads\/2024\/12\/Enoturismo_2-scaled.jpg\" class=\"attachment-full\" alt=\"\" title=\"Enoturismo_2\" srcset=\"https:\/\/www.casalbranco.com\/pt\/wp-content\/uploads\/2024\/12\/Enoturismo_2-scaled.jpg 2560w, https:\/\/www.casalbranco.com\/pt\/wp-content\/uploads\/2024\/12\/Enoturismo_2-300x200.jpg 300w, https:\/\/www.casalbranco.com\/pt\/wp-content\/uploads\/2024\/12\/Enoturismo_2-1024x683.jpg 1024w, https:\/\/www.casalbranco.com\/pt\/wp-content\/uploads\/2024\/12\/Enoturismo_2-768x512.jpg 768w, https:\/\/www.casalbranco.com\/pt\/wp-content\/uploads\/2024\/12\/Enoturismo_2-1536x1024.jpg 1536w, https:\/\/www.casalbranco.com\/pt\/wp-content\/uploads\/2024\/12\/Enoturismo_2-2048x1365.jpg 2048w, https:\/\/www.casalbranco.com\/pt\/wp-content\/uploads\/2024\/12\/Enoturismo_2-18x12.jpg 18w, https:\/\/www.casalbranco.com\/pt\/wp-content\/uploads\/2024\/12\/Enoturismo_2-500x333.jpg 500w\" sizes=\"auto, (max-width: 2560px) 100vw, 2560px\" \/><\/a><\/div><\/div><div class=\"vc_item\"><div class=\"vc_inner\"><a class=\"\" href=\"https:\/\/www.casalbranco.com\/pt\/wp-content\/uploads\/2024\/12\/Enoturismo_7-1024x683.jpg\" data-lightbox=\"lightbox[rel-10906-2819253025]\"><img loading=\"lazy\" decoding=\"async\" width=\"2560\" height=\"1707\" src=\"https:\/\/www.casalbranco.com\/pt\/wp-content\/uploads\/2024\/12\/Enoturismo_7-scaled.jpg\" class=\"attachment-full\" alt=\"\" title=\"Enoturismo_7\" srcset=\"https:\/\/www.casalbranco.com\/pt\/wp-content\/uploads\/2024\/12\/Enoturismo_7-scaled.jpg 2560w, https:\/\/www.casalbranco.com\/pt\/wp-content\/uploads\/2024\/12\/Enoturismo_7-300x200.jpg 300w, https:\/\/www.casalbranco.com\/pt\/wp-content\/uploads\/2024\/12\/Enoturismo_7-1024x683.jpg 1024w, https:\/\/www.casalbranco.com\/pt\/wp-content\/uploads\/2024\/12\/Enoturismo_7-768x512.jpg 768w, https:\/\/www.casalbranco.com\/pt\/wp-content\/uploads\/2024\/12\/Enoturismo_7-1536x1024.jpg 1536w, https:\/\/www.casalbranco.com\/pt\/wp-content\/uploads\/2024\/12\/Enoturismo_7-2048x1365.jpg 2048w, https:\/\/www.casalbranco.com\/pt\/wp-content\/uploads\/2024\/12\/Enoturismo_7-18x12.jpg 18w, https:\/\/www.casalbranco.com\/pt\/wp-content\/uploads\/2024\/12\/Enoturismo_7-500x333.jpg 500w\" sizes=\"auto, (max-width: 2560px) 100vw, 2560px\" \/><\/a><\/div><\/div><\/div><\/div><\/div><a class=\"vc_left vc_carousel-control\" href=\"#vc_images-carousel-1-1776430882\" data-slide=\"prev\"><span class=\"icon-prev\"><\/span><\/a><a class=\"vc_right vc_carousel-control\" href=\"#vc_images-carousel-1-1776430882\" data-slide=\"next\"><span class=\"icon-next\"><\/span><\/a><\/div><\/div><\/div><\/div><\/div><\/div><\/div><div class=\"vc_row wpb_row vc_row-fluid\"><div class=\"wpb_column vc_column_container vc_col-sm-12\"><div class=\"vc_column-inner \"><div class=\"wpb_wrapper\"><div class=\"ult-spacer spacer-69e22f22d1f9f\" data-id=\"69e22f22d1f9f\" data-height=\"70\" data-height-mobile=\"70\" data-height-tab=\"70\" data-height-tab-portrait=\"\" data-height-mobile-landscape=\"\" style=\"clear:both;display:block;\"><\/div><\/div><\/div><\/div><\/div><div class=\"vc_row wpb_row vc_row-fluid\"><div class=\"wpb_column vc_column_container vc_col-sm-4\"><div class=\"vc_column-inner \"><div class=\"wpb_wrapper\"><\/div><\/div><\/div><div class=\"wpb_column vc_column_container vc_col-sm-1\"><div class=\"vc_column-inner \"><div class=\"wpb_wrapper\"><div class=\"ult-just-icon-wrapper  \"><div class=\"align-icon\" style=\"text-align:center;\">\n<a class=\"aio-tooltip 69e22f22d224e\" href=\"https:\/\/www.facebook.com\/quintadocasalbranco\/\" target=\"_blank\" rel=\"noopener\"  data-toggle=\"tooltip\" data-placement=\"\"><div class=\"aio-icon-img \" style=\"font-size:35px;display:inline-block;\" >\n\t<img decoding=\"async\" class=\"img-icon\" alt=\"null\" src=\"https:\/\/www.casalbranco.com\/pt\/wp-content\/uploads\/2024\/12\/facebook.png\"\/>\n<\/div><\/a><\/div><\/div><\/div><\/div><\/div><div class=\"wpb_column vc_column_container vc_col-sm-1\"><div class=\"vc_column-inner \"><div class=\"wpb_wrapper\"><div class=\"ult-just-icon-wrapper  \"><div class=\"align-icon\" style=\"text-align:center;\">\n<a class=\"aio-tooltip 69e22f22d25f5\" href=\"https:\/\/www.instagram.com\/quintadocasalbranco\/\" target=\"_blank\" rel=\"noopener\"  data-toggle=\"tooltip\" data-placement=\"\"><div class=\"aio-icon-img \" style=\"font-size:35px;display:inline-block;\" >\n\t<img decoding=\"async\" class=\"img-icon\" alt=\"null\" src=\"https:\/\/www.casalbranco.com\/pt\/wp-content\/uploads\/2024\/12\/instagram.png\"\/>\n<\/div><\/a><\/div><\/div><\/div><\/div><\/div><div class=\"wpb_column vc_column_container vc_col-sm-1\"><div class=\"vc_column-inner \"><div class=\"wpb_wrapper\"><div class=\"ult-just-icon-wrapper  \"><div class=\"align-icon\" style=\"text-align:center;\">\n<a class=\"aio-tooltip 69e22f22d293e\" href=\"https:\/\/www.linkedin.com\/company\/quinta-do-casal-branco\/\" target=\"_blank\" rel=\"noopener\"  data-toggle=\"tooltip\" data-placement=\"\"><div class=\"aio-icon-img \" style=\"font-size:35px;display:inline-block;\" >\n\t<img decoding=\"async\" class=\"img-icon\" alt=\"null\" src=\"https:\/\/www.casalbranco.com\/pt\/wp-content\/uploads\/2024\/12\/linkedin.png\"\/>\n<\/div><\/a><\/div><\/div><\/div><\/div><\/div><div class=\"wpb_column vc_column_container vc_col-sm-1\"><div class=\"vc_column-inner \"><div class=\"wpb_wrapper\"><div class=\"ult-just-icon-wrapper  \"><div class=\"align-icon\" style=\"text-align:center;\">\n<a class=\"aio-tooltip 69e22f22d2c71\" href=\"https:\/\/www.tripadvisor.pt\/Attraction_Review-g2589401-d10509049-Reviews-Quinta_do_Casal_Branco-Almeirim_Santarem_District_Central_Portugal.html\" target=\"_blank\" rel=\"noopener\"  data-toggle=\"tooltip\" data-placement=\"\"><div class=\"aio-icon-img \" style=\"font-size:35px;display:inline-block;\" >\n\t<img decoding=\"async\" class=\"img-icon\" alt=\"null\" src=\"https:\/\/www.casalbranco.com\/pt\/wp-content\/uploads\/2024\/12\/social.png\"\/>\n<\/div><\/a><\/div><\/div><\/div><\/div><\/div><div class=\"wpb_column vc_column_container vc_col-sm-3\"><div class=\"vc_column-inner \"><div class=\"wpb_wrapper\"><\/div><\/div><\/div><\/div><div class=\"vc_row wpb_row vc_row-fluid\"><div class=\"wpb_column vc_column_container vc_col-sm-12\"><div class=\"vc_column-inner \"><div class=\"wpb_wrapper\"><div class=\"ult-spacer spacer-69e22f22d3136\" data-id=\"69e22f22d3136\" data-height=\"50\" data-height-mobile=\"50\" data-height-tab=\"50\" data-height-tab-portrait=\"\" data-height-mobile-landscape=\"\" style=\"clear:both;display:block;\"><\/div><\/div><\/div><\/div><\/div><div class=\"vc_row wpb_row vc_row-fluid\"><div class=\"wpb_column vc_column_container vc_col-sm-8\"><div class=\"vc_column-inner \"><div class=\"wpb_wrapper\"><div class=\"ult-spacer spacer-69e22f22d336b\" data-id=\"69e22f22d336b\" data-height=\"100\" data-height-mobile=\"100\" data-height-tab=\"100\" data-height-tab-portrait=\"\" data-height-mobile-landscape=\"\" style=\"clear:both;display:block;\"><\/div>\n\t<div class=\"wpb_text_column wpb_content_element \" >\n\t\t<div class=\"wpb_wrapper\">\n\t\t\t<p style=\"font-size: 14px; text-align: right; font-family: 'montserrat';\"><a href=\"https:\/\/www.livroreclamacoes.pt\/inicio\" target=\"_blank\" rel=\"noopener noreferrer\"><strong>Livro de Reclama\u00e7\u00f5es<\/strong><\/a>\u00a0 \u00a0<a href=\"https:\/\/www.casalbranco.com\/pt\/politica-da-qualidade\/\" target=\"_blank\" rel=\"noopener noreferrer\"><strong>Pol\u00edtica da Qualidade<\/strong><\/a> \u00a0\u00a0 <a href=\"https:\/\/www.casalbranco.com\/pt\/politica-da-privacidade\/\" target=\"_blank\" rel=\"noopener noreferrer\"><strong>Pol\u00edtica da Privacidade<\/strong><\/a><\/p>\n\n\t\t<\/div>\n\t<\/div>\n\n\t<div class=\"wpb_text_column wpb_content_element  vc_custom_1761731311755\" >\n\t\t<div class=\"wpb_wrapper\">\n\t\t\t<p style=\"font-size: 14px; text-align: right; font-family: 'montserrat';\"><a href=\"https:\/\/www.casalbranco.com\/pt\/projectos-cofinanciados-pela-ue\/\" target=\"_blank\" rel=\"noopener noreferrer\"><strong>Projectos Cofinanciados pela UE<\/strong><\/a> \u00a0\u00a0 <a href=\"https:\/\/www.casalbranco.com\/ANEXOS\/QCB_RS_2024-FINAL.pdf\" target=\"_blank\" rel=\"noopener noreferrer\"><strong>Sustentabilidade<\/strong><\/a><\/p>\n\n\t\t<\/div>\n\t<\/div>\n<\/div><\/div><\/div><div class=\"wpb_column vc_column_container vc_col-sm-4\"><div class=\"vc_column-inner \"><div class=\"wpb_wrapper\"><div class=\"ult-spacer spacer-69e22f22d3558\" data-id=\"69e22f22d3558\" data-height=\"75\" data-height-mobile=\"75\" data-height-tab=\"75\" data-height-tab-portrait=\"\" data-height-mobile-landscape=\"\" style=\"clear:both;display:block;\"><\/div>\n\t<div class=\"wpb_text_column wpb_content_element \" >\n\t\t<div class=\"wpb_wrapper\">\n\t\t\t<p><img loading=\"lazy\" decoding=\"async\" class=\" wp-image-12450 aligncenter\" src=\"https:\/\/www.casalbranco.com\/pt\/wp-content\/uploads\/2019\/12\/barra_cofin_FEDER-1024x165-300x48.jpg\" alt=\"\" width=\"558\" height=\"89\" srcset=\"https:\/\/www.casalbranco.com\/pt\/wp-content\/uploads\/2019\/12\/barra_cofin_FEDER-1024x165-300x48.jpg 300w, https:\/\/www.casalbranco.com\/pt\/wp-content\/uploads\/2019\/12\/barra_cofin_FEDER-1024x165-500x81.jpg 500w, https:\/\/www.casalbranco.com\/pt\/wp-content\/uploads\/2019\/12\/barra_cofin_FEDER-1024x165-768x124.jpg 768w, https:\/\/www.casalbranco.com\/pt\/wp-content\/uploads\/2019\/12\/barra_cofin_FEDER-1024x165.jpg 1024w\" sizes=\"auto, (max-width: 558px) 100vw, 558px\" \/><\/p>\n\n\t\t<\/div>\n\t<\/div>\n<\/div><\/div><\/div><\/div><div class=\"vc_row wpb_row vc_row-fluid\"><div class=\"wpb_column vc_column_container vc_col-sm-7\"><div class=\"vc_column-inner \"><div class=\"wpb_wrapper\"><\/div><\/div><\/div><div class=\"wpb_column vc_column_container vc_col-sm-1\"><div class=\"vc_column-inner \"><div class=\"wpb_wrapper\"><div class=\"ult-just-icon-wrapper  \"><div class=\"align-icon\" style=\"text-align:center;\">\n<a class=\"aio-tooltip 69e22f22d3805\" href=\"https:\/\/www.festivalentrequintas.com\/\" target=\"_blank\" rel=\"noopener\"  data-toggle=\"tooltip\" data-placement=\"\"><div class=\"aio-icon-img \" style=\"font-size:200px;display:inline-block;\" >\n\t<img decoding=\"async\" class=\"img-icon\" alt=\"null\" src=\"https:\/\/www.casalbranco.com\/pt\/wp-content\/uploads\/2024\/12\/Entre-Quintas.png\"\/>\n<\/div><\/a><\/div><\/div><\/div><\/div><\/div><div class=\"wpb_column vc_column_container vc_col-sm-1\"><div class=\"vc_column-inner \"><div class=\"wpb_wrapper\"><div class=\"ult-just-icon-wrapper  \"><div class=\"align-icon\" style=\"text-align:center;\">\n<a class=\"aio-tooltip 69e22f22d3b61\" href=\"https:\/\/www.jardinshistoricos.pt\/ad\/624\" target=\"_blank\" rel=\"noopener\"  data-toggle=\"tooltip\" data-placement=\"\"><div class=\"aio-icon-img \" style=\"font-size:200px;display:inline-block;\" >\n\t<img decoding=\"async\" class=\"img-icon\" alt=\"null\" src=\"https:\/\/www.casalbranco.com\/pt\/wp-content\/uploads\/2024\/12\/Rota-dos-Jardins-Historicos-do-Tejo.png\"\/>\n<\/div><\/a><\/div><\/div><\/div><\/div><\/div><div class=\"wpb_column vc_column_container vc_col-sm-1\"><div class=\"vc_column-inner \"><div class=\"wpb_wrapper\"><div class=\"ult-just-icon-wrapper  \"><div class=\"align-icon\" style=\"text-align:center;\">\n<div class=\"aio-icon-img \" style=\"font-size:200px;display:inline-block;\" >\n\t<img decoding=\"async\" class=\"img-icon\" alt=\"null\" src=\"https:\/\/www.casalbranco.com\/pt\/wp-content\/uploads\/2024\/12\/Rota-dos-Vinhos-do-Tejo.png\"\/>\n<\/div><\/div><\/div><\/div><\/div><\/div><div class=\"wpb_column vc_column_container vc_col-sm-1\"><div class=\"vc_column-inner \"><div class=\"wpb_wrapper\"><div class=\"ult-just-icon-wrapper  \"><div class=\"align-icon\" style=\"text-align:center;\">\n<div class=\"aio-icon-img \" style=\"font-size:200px;display:inline-block;\" >\n\t<img decoding=\"async\" class=\"img-icon\" alt=\"null\" src=\"https:\/\/www.casalbranco.com\/pt\/wp-content\/uploads\/2024\/12\/WiM_Baseline-outside_Black.png\"\/>\n<\/div><\/div><\/div><\/div><\/div><\/div><div class=\"wpb_column vc_column_container vc_col-sm-1\"><div class=\"vc_column-inner \"><div class=\"wpb_wrapper\"><div class=\"ult-just-icon-wrapper  \"><div class=\"align-icon\" style=\"text-align:center;\">\n<div class=\"aio-icon-img \" style=\"font-size:200px;display:inline-block;\" >\n\t<img decoding=\"async\" class=\"img-icon\" alt=\"null\" src=\"https:\/\/www.casalbranco.com\/pt\/wp-content\/uploads\/2024\/12\/Portugal-Sou-Eu.png\"\/>\n<\/div><\/div><\/div><\/div><\/div><\/div><\/div>\n<\/div>","protected":false},"excerpt":{"rendered":"Enoturismo Conhecer o Tejo passa por uma visita \u00e0 Quinta do Casal Branco - refer\u00eancia incontorn\u00e1vel\u00a0 no enoturismo em Portugal - \u00e9 uma viagem \u00e0 descoberta de um universo \u00fanico e m\u00e1gico, de um lugar marcado pelo tempo. Encontra em cada recanto, sabores intensos, aromas envolventes e lugares que fazem parte da hist\u00f3ria e identidade [...]","protected":false},"author":1,"featured_media":0,"parent":0,"menu_order":0,"comment_status":"closed","ping_status":"closed","template":"","meta":{"footnotes":""},"class_list":["post-10906","page","type-page","status-publish","hentry"],"_links":{"self":[{"href":"https:\/\/www.casalbranco.com\/pt\/wp-json\/wp\/v2\/pages\/10906","targetHints":{"allow":["GET"]}}],"collection":[{"href":"https:\/\/www.casalbranco.com\/pt\/wp-json\/wp\/v2\/pages"}],"about":[{"href":"https:\/\/www.casalbranco.com\/pt\/wp-json\/wp\/v2\/types\/page"}],"author":[{"embeddable":true,"href":"https:\/\/www.casalbranco.com\/pt\/wp-json\/wp\/v2\/users\/1"}],"replies":[{"embeddable":true,"href":"https:\/\/www.casalbranco.com\/pt\/wp-json\/wp\/v2\/comments?post=10906"}],"version-history":[{"count":21,"href":"https:\/\/www.casalbranco.com\/pt\/wp-json\/wp\/v2\/pages\/10906\/revisions"}],"predecessor-version":[{"id":15131,"href":"https:\/\/www.casalbranco.com\/pt\/wp-json\/wp\/v2\/pages\/10906\/revisions\/15131"}],"wp:attachment":[{"href":"https:\/\/www.casalbranco.com\/pt\/wp-json\/wp\/v2\/media?parent=10906"}],"curies":[{"name":"wp","href":"https:\/\/api.w.org\/{rel}","templated":true}]}}