{"id":11651,"date":"2019-10-23T11:28:17","date_gmt":"2019-10-23T11:28:17","guid":{"rendered":"https:\/\/www.casalbranco.com\/pt\/?page_id=11651"},"modified":"2023-08-11T17:10:32","modified_gmt":"2023-08-11T17:10:32","slug":"enologos","status":"publish","type":"page","link":"https:\/\/www.casalbranco.com\/pt\/enologos\/","title":{"rendered":"En\u00f3logos"},"content":{"rendered":"<div class=\"wpb-content-wrapper\"><div class=\"vc_row wpb_row vc_row-fluid\"><div class=\"wpb_column vc_column_container vc_col-sm-12\"><div class=\"vc_column-inner \"><div class=\"wpb_wrapper\"><div class=\"vc_row wpb_row vc_inner vc_row-fluid vc_custom_1573039737320 vc_row-has-fill\"><div class=\"wpb_column vc_column_container vc_col-sm-12\"><div class=\"vc_column-inner \"><div class=\"wpb_wrapper\"><div class='dt-sc-title script-with-sub-title aligncenter'><h2>Os nossos En\u00f3logos<\/h2><h3><\/h3><\/div>\n\t<div class=\"wpb_text_column wpb_content_element  vc_custom_1573574222454\" >\n\t\t<div class=\"wpb_wrapper\">\n\t\t\t<p style=\"text-align: justify;\"><span style=\"color: #000000;\">Os nossos en\u00f3logos partilham a mesma paix\u00e3o e fazem a equipa perfeita, conjugando\u00a0dedica\u00e7\u00e3o, arte e prazer na hora de criar os nossos vinhos. Aceitaram o desafio capaz de elevar os vinhos da regi\u00e3o do Tejo a um patamar que atinge os palatos mais requintados e exigentes.<\/span><\/p>\n<p style=\"text-align: left;\"><span style=\"color: #000000;\">Dois en\u00f3logos e toda uma equipa envolvente que fazem deste trabalho, a mesma paix\u00e3o: produzir vinhos de excel\u00eancia para os consumidores mais exigentes.<\/span><\/p>\n\n\t\t<\/div>\n\t<\/div>\n<div class=\"ult-spacer spacer-69e185c5476e8\" data-id=\"69e185c5476e8\" data-height=\"50\" data-height-mobile=\"50\" data-height-tab=\"50\" data-height-tab-portrait=\"\" data-height-mobile-landscape=\"\" style=\"clear:both;display:block;\"><\/div><\/div><\/div><\/div><\/div><div class=\"ult-animation  ult-animate-viewport  ult-no-mobile \" data-animate=\"fadeInDown\" data-animation-delay=\"1\" data-animation-duration=\"1\" data-animation-iteration=\"1\" style=\"opacity:0;\" data-opacity_start_effect=\"\"><div class=\"vc_row wpb_row vc_inner vc_row-fluid vc_custom_1573039898215 vc_row-has-fill\"><div class=\"wpb_column vc_column_container vc_col-sm-6\"><div class=\"vc_column-inner \"><div class=\"wpb_wrapper\">\n\t<div  class=\"wpb_single_image wpb_content_element vc_align_center wpb_content_element\">\n\t\t\n\t\t<figure class=\"wpb_wrapper vc_figure\">\n\t\t\t<div class=\"vc_single_image-wrapper vc_box_circle  vc_box_border_grey\"><img decoding=\"async\" class=\"vc_single_image-img \" src=\"https:\/\/www.casalbranco.com\/pt\/wp-content\/uploads\/2023\/08\/joana_lopes-scaled-200x200.jpg\" width=\"200\" height=\"200\" alt=\"joana_lopes\" title=\"joana_lopes\" loading=\"lazy\" \/><\/div>\n\t\t<\/figure>\n\t<\/div>\n\n\t<div class=\"wpb_text_column wpb_content_element \" >\n\t\t<div class=\"wpb_wrapper\">\n\t\t\t<p style=\"text-align: center;\"><strong>Joana Lopes<\/strong><\/p>\n<p style=\"text-align: center;\"><span style=\"color: #000000;\">En\u00f3loga Residente<\/span><\/p>\n\n\t\t<\/div>\n\t<\/div>\n<\/div><\/div><\/div><div class=\"wpb_column vc_column_container vc_col-sm-6\"><div class=\"vc_column-inner \"><div class=\"wpb_wrapper\">\n\t<div  class=\"wpb_single_image wpb_content_element vc_align_center wpb_content_element\">\n\t\t\n\t\t<figure class=\"wpb_wrapper vc_figure\">\n\t\t\t<div class=\"vc_single_image-wrapper vc_box_circle  vc_box_border_grey\"><img decoding=\"async\" class=\"vc_single_image-img \" src=\"https:\/\/www.casalbranco.com\/pt\/wp-content\/uploads\/2023\/08\/manuel_lobo-200x200.jpg\" width=\"200\" height=\"200\" alt=\"manuel_lobo\" title=\"manuel_lobo\" loading=\"lazy\" \/><\/div>\n\t\t<\/figure>\n\t<\/div>\n\n\t<div class=\"wpb_text_column wpb_content_element \" >\n\t\t<div class=\"wpb_wrapper\">\n\t\t\t<p style=\"text-align: center;\"><strong>Manuel Lobo<\/strong><\/p>\n<p style=\"text-align: center;\"><span style=\"color: #000000;\">En\u00f3logo Consultor<\/span><\/p>\n\n\t\t<\/div>\n\t<\/div>\n<\/div><\/div><\/div><\/div><\/div><\/div><\/div><\/div><\/div><!-- Row Backgrounds --><div class=\"upb_color\" data-bg-override=\"0\" data-bg-color=\"#ffffff\" data-fadeout=\"\" data-fadeout-percentage=\"30\" data-parallax-content=\"\" data-parallax-content-sense=\"30\" data-row-effect-mobile-disable=\"true\" data-img-parallax-mobile-disable=\"true\" data-rtl=\"false\"  data-custom-vc-row=\"\"  data-vc=\"8.6.1\"  data-is_old_vc=\"\"  data-theme-support=\"\"   data-overlay=\"false\" data-overlay-color=\"\" data-overlay-pattern=\"\" data-overlay-pattern-opacity=\"\" data-overlay-pattern-size=\"\"    ><\/div><!-- Row Backgrounds --><!-- Row Backgrounds --><div class=\"upb_bg_img\" data-ultimate-bg=\"url(https:\/\/www.casalbranco.com\/pt\/wp-content\/uploads\/2017\/06\/9.jpg)\" data-image-id=\"id^9713|url^http:\/\/localhost\/casalbranco\/wp-content\/uploads\/2017\/06\/9.jpg|caption^null|alt^null|title^9|description^null\" data-ultimate-bg-style=\"vcpb-vz-jquery\" data-bg-img-repeat=\"repeat\" data-bg-img-size=\"cover\" data-bg-img-position=\"\" data-parallx_sense=\"30\" data-bg-override=\"0\" data-bg_img_attach=\"scroll\" data-upb-overlay-color=\"rgba(249,239,230,0.9)\" data-upb-bg-animation=\"\" data-fadeout=\"\" data-bg-animation=\"left-animation\" data-bg-animation-type=\"h\" data-animation-repeat=\"repeat\" data-fadeout-percentage=\"30\" data-parallax-content=\"\" data-parallax-content-sense=\"30\" data-row-effect-mobile-disable=\"true\" data-img-parallax-mobile-disable=\"true\" data-rtl=\"false\"  data-custom-vc-row=\"\"  data-vc=\"8.6.1\"  data-is_old_vc=\"\"  data-theme-support=\"\"   data-overlay=\"true\" data-overlay-color=\"rgba(249,239,230,0.9)\" data-overlay-pattern=\"\" data-overlay-pattern-opacity=\"0.8\" data-overlay-pattern-size=\"\" data-overlay-pattern-attachment=\"scroll\"    ><\/div><div class=\"vc_row wpb_row vc_row-fluid\"><div class=\"wpb_column vc_column_container vc_col-sm-12\"><div class=\"vc_column-inner \"><div class=\"wpb_wrapper\"><\/div><\/div><\/div><\/div><div class=\"vc_row wpb_row vc_row-fluid\"><div class=\"wpb_column vc_column_container vc_col-sm-12\"><div class=\"vc_column-inner \"><div class=\"wpb_wrapper\"><\/div><\/div><\/div><\/div>\n<\/div>","protected":false},"excerpt":{"rendered":"Os nossos En\u00f3logos Os nossos en\u00f3logos partilham a mesma paix\u00e3o e fazem a equipa perfeita, conjugando\u00a0dedica\u00e7\u00e3o, arte e prazer na hora de criar os nossos vinhos. Aceitaram o desafio capaz de elevar os vinhos da regi\u00e3o do Tejo a um patamar que atinge os palatos mais requintados e exigentes. Dois en\u00f3logos e toda uma equipa [...]","protected":false},"author":1,"featured_media":0,"parent":0,"menu_order":0,"comment_status":"closed","ping_status":"closed","template":"","meta":{"footnotes":""},"class_list":["post-11651","page","type-page","status-publish","hentry"],"_links":{"self":[{"href":"https:\/\/www.casalbranco.com\/pt\/wp-json\/wp\/v2\/pages\/11651","targetHints":{"allow":["GET"]}}],"collection":[{"href":"https:\/\/www.casalbranco.com\/pt\/wp-json\/wp\/v2\/pages"}],"about":[{"href":"https:\/\/www.casalbranco.com\/pt\/wp-json\/wp\/v2\/types\/page"}],"author":[{"embeddable":true,"href":"https:\/\/www.casalbranco.com\/pt\/wp-json\/wp\/v2\/users\/1"}],"replies":[{"embeddable":true,"href":"https:\/\/www.casalbranco.com\/pt\/wp-json\/wp\/v2\/comments?post=11651"}],"version-history":[{"count":23,"href":"https:\/\/www.casalbranco.com\/pt\/wp-json\/wp\/v2\/pages\/11651\/revisions"}],"predecessor-version":[{"id":14246,"href":"https:\/\/www.casalbranco.com\/pt\/wp-json\/wp\/v2\/pages\/11651\/revisions\/14246"}],"wp:attachment":[{"href":"https:\/\/www.casalbranco.com\/pt\/wp-json\/wp\/v2\/media?parent=11651"}],"curies":[{"name":"wp","href":"https:\/\/api.w.org\/{rel}","templated":true}]}}