{"id":12432,"date":"2019-12-09T15:18:37","date_gmt":"2019-12-09T15:18:37","guid":{"rendered":"https:\/\/www.casalbranco.com\/pt\/?page_id=12432"},"modified":"2019-12-09T17:47:25","modified_gmt":"2019-12-09T17:47:25","slug":"politica-da-privacidade","status":"publish","type":"page","link":"https:\/\/www.casalbranco.com\/pt\/politica-da-privacidade\/","title":{"rendered":"Pol\u00edtica da Privacidade"},"content":{"rendered":"<div class=\"wpb-content-wrapper\"><div class=\"vc_row wpb_row vc_row-fluid\"><div class=\"wpb_column vc_column_container vc_col-sm-12\"><div class=\"vc_column-inner \"><div class=\"wpb_wrapper\"><div class=\"ult-animation  ult-animate-viewport  ult-no-mobile \" data-animate=\"fadeInDown\" data-animation-delay=\"1\" data-animation-duration=\"1\" data-animation-iteration=\"1\" style=\"opacity:0;\" data-opacity_start_effect=\"\"><div class='dt-sc-title script-with-sub-title aligncenter'><h2><\/h2><h3><\/h3><\/div>\n\t<div class=\"wpb_text_column wpb_content_element \" >\n\t\t<div class=\"wpb_wrapper\">\n\t\t\t<p><img loading=\"lazy\" decoding=\"async\" class=\"wp-image-12377 alignleft\" src=\"https:\/\/www.casalbranco.com\/pt\/wp-content\/uploads\/2019\/12\/logo_cb_home-300x70.png\" alt=\"\" width=\"309\" height=\"72\" \/> <img loading=\"lazy\" decoding=\"async\" class=\"size-medium wp-image-12439 alignright\" src=\"https:\/\/www.casalbranco.com\/pt\/wp-content\/uploads\/2019\/12\/politica_privacidade-300x109.jpg\" alt=\"\" width=\"300\" height=\"109\" srcset=\"https:\/\/www.casalbranco.com\/pt\/wp-content\/uploads\/2019\/12\/politica_privacidade-300x109.jpg 300w, https:\/\/www.casalbranco.com\/pt\/wp-content\/uploads\/2019\/12\/politica_privacidade.jpg 324w\" sizes=\"auto, (max-width: 300px) 100vw, 300px\" \/><\/p>\n<p>&nbsp;<\/p>\n<p>&nbsp;<\/p>\n<p>&nbsp;<\/p>\n<p>&nbsp;<\/p>\n<p>&nbsp;<\/p>\n<p style=\"text-align: justify;\"><span style=\"color: #000000;\">O Regulamento Geral de Prote\u00e7\u00e3o de Dados (RGPD) entrou em vigor a 25 de Maio de 2018 e substituiu a diretiva e lei de prote\u00e7\u00e3o de dados em vigor. Leia, por favor, esta Politica de Privacidade com aten\u00e7\u00e3o, pois o tratamento dos dados pessoais que nos disponibiliza implica o conhecimento e aceita\u00e7\u00e3o das condi\u00e7\u00f5es constantes.<\/span><\/p>\n<p>&nbsp;<\/p>\n<p style=\"text-align: justify;\"><span style=\"color: #000000;\"><strong>ANTES DE MAIS, O QUE S\u00c3O DADOS PESSOAIS?<\/strong><\/span><\/p>\n<p style=\"text-align: justify;\"><span style=\"color: #000000;\">Os dados pessoais s\u00e3o a Informa\u00e7\u00e3o relativa a uma pessoa singular identificada ou identific\u00e1vel (\u00abtitular dos dados\u00bb). \u00c9 considerada identific\u00e1vel, uma pessoa singular que possa ser identificada, direta ou indiretamente, por refer\u00eancia a um nome, um n\u00famero de identifica\u00e7\u00e3o, dados de localiza\u00e7\u00e3o, identificadores por via eletr\u00f3nica (E-mail) ou a um ou mais elementos espec\u00edficos da identidade f\u00edsica, fisiol\u00f3gica, gen\u00e9tica,mental, econ\u00f3mica, cultural ou social dessa pessoa singular.<\/span><\/p>\n<p>&nbsp;<\/p>\n<p style=\"text-align: justify;\"><span style=\"color: #000000;\"><strong>QUEM \u00c9 O RESPONS\u00c1VEL PELA RECOLHA E TRATAMENTO DOS DADOS?<\/strong><\/span><\/p>\n<p style=\"text-align: justify;\"><span style=\"color: #000000;\"><strong>Casal Branco \u2013 Sociedade de Vinhos, SA<\/strong> assume o papel de controlador dos processos de seguran\u00e7a para garantir a prote\u00e7\u00e3o de dados no dia-a-dia da empresa. Recolhe os dados pessoais e faz o tratamento dos mesmos. Podendo, recorrer a entidades por si subcontratadas para a prossecu\u00e7\u00e3o das finalidades aqui indicadas.<\/span><\/p>\n<p>&nbsp;<\/p>\n<p style=\"text-align: justify;\"><span style=\"color: #000000;\"><strong>QUE DADOS PESSOAIS S\u00c3O RECOLHIDOS E TRATADOS?<\/strong><\/span><\/p>\n<p style=\"text-align: justify;\"><span style=\"color: #000000;\">Mediante a utiliza\u00e7\u00e3o do site da Quinta do Casal Branco, o utilizador consente na recolha e tratamento da informa\u00e7\u00e3o mencionada nesta Pol\u00edtica de Privacidade e, reconhece que, esta poder\u00e1 ser alterada pela entidade respons\u00e1vel sem necessidade de qualquer comunica\u00e7\u00e3o pr\u00e9via ou posterior. Pode navegar no website da Quinta do Casal Branco sem ser necess\u00e1rio disponibilizar quaisquer dados pessoais. No entanto, para aceder a algumas funcionalidades do website a Quinta do Casal Branco procede \u00e0 recolha e ao tratamento, entre outros, dos seguintes dados pessoais para as seguintes finalidades:<\/span><\/p>\n<ul style=\"text-align: left;\">\n<li><span style=\"color: #000000;\">Subscri\u00e7\u00e3o de Newsletters: endere\u00e7o de correio eletr\u00f3nico do subscritor;<\/span><\/li>\n<li><span style=\"color: #000000;\">Solicita\u00e7\u00e3o de contacto: endere\u00e7o de correio eletr\u00f3nico, n\u00famero de telefone, nome e apelido;<\/span><\/li>\n<li><span style=\"color: #000000;\">Login e password ou Cria\u00e7\u00e3o de Conta: endere\u00e7o de correio eletr\u00f3nico, password, nome e apelido;<\/span><\/li>\n<li><span style=\"color: #000000;\">Loja Online: endere\u00e7o de correio eletr\u00f3nico, n\u00famero de telefone, nome e apelido, morada, localidade, c\u00f3digo postal, pa\u00eds, NIF e meio de pagamento.<\/span><\/li>\n<\/ul>\n<p style=\"text-align: justify;\"><span style=\"color: #000000;\">Ao navegar no website, a Quinta do Casal Branco, poder\u00e1 tamb\u00e9m recolher informa\u00e7\u00e3o sobre o computador, incluindo endere\u00e7o de IP, sistema operativo e browser usado, para fins administrativos e de agrega\u00e7\u00e3o de informa\u00e7\u00e3o para os seus anunciantes. Em qualquer caso, a Quinta do Casal Branco, recolhe os dados necess\u00e1rios para responder \u00e0s suas solicita\u00e7\u00f5es.<\/span><\/p>\n<p style=\"text-align: justify;\"><span style=\"color: #000000;\">Os dados pessoais recolhidos neste website n\u00e3o ser\u00e3o em caso algum disponibilizado, vendidos, partilhados ou revelados a terceiros, nem usados para quaisquer outros fins que n\u00e3o aqueles que s\u00e3o descritos no momento da sua recolha ou no \u00e2mbito desta politica.<\/span><\/p>\n<p style=\"text-align: justify;\"><span style=\"color: #000000;\">A Quinta do Casal Branco assume que os dados foram fornecidos pelo titular dos mesmos ou que este deu autoriza\u00e7\u00e3o para o efeito e presume que os mesmos s\u00e3o verdadeiros e se encontram atualizados.<\/span><\/p>\n<p>&nbsp;<\/p>\n<p style=\"text-align: justify;\"><span style=\"color: #000000;\"><strong>DE QUE FORMA S\u00c3O RECOLHIDOS OS SEUS DADOS?<\/strong><\/span><\/p>\n<p style=\"text-align: justify;\"><span style=\"color: #000000;\">Os dados pessoais podem ser recolhidos atrav\u00e9s dos seguintes meios:<\/span><\/p>\n<ul style=\"text-align: left;\">\n<li><span style=\"color: #000000;\">Correio eletr\u00f3nico<\/span><\/li>\n<li><span style=\"color: #000000;\"><em>Website<\/em><\/span><\/li>\n<li><span style=\"color: #000000;\">Chamadas telef\u00f3nicas<\/span><\/li>\n<li><span style=\"color: #000000;\">Presencialmente<\/span><\/li>\n<\/ul>\n<p style=\"text-align: justify;\"><span style=\"color: #000000;\">Os dados recolhidos s\u00e3o processados e armazenados informaticamente e no escrito cumprimento da legisla\u00e7\u00e3o de prote\u00e7\u00e3o de dados pessoais, sendo armazenados e, base de dados espec\u00edficos, criadas para o efeito, pela Quinta do Casal Branco ou por entidades por esta subcontratada. Alguns dados pessoais recolhidos no <em>website<\/em> s\u00e3o de preenchimento obrigat\u00f3rio e, em caso de falta ou de insufici\u00eancia desses dados, a Quinta do Casal Branco poder\u00e1 n\u00e3o conseguir prestar-lhe os servi\u00e7os ou as informa\u00e7\u00f5es por si solicitadas. Em cada caso concreto, a Quinta do Casal Branco inform\u00e1-lo-\u00e1 da natureza obrigat\u00f3ria do fornecimento dos dados pessoais em causa.<\/span><\/p>\n<p>&nbsp;<\/p>\n<p style=\"text-align: justify;\"><span style=\"color: #000000;\"><strong>QUAIS AS FINALIDADES E FUNDAMENTOS PARA O TRATAMENTO DOS SEUS DADOS?<\/strong><\/span><\/p>\n<p style=\"text-align: justify;\"><span style=\"color: #000000;\">De acordo com os princ\u00edpios da Prote\u00e7\u00e3o de Dados, a Quinta do Casal Branco s\u00f3 poder\u00e1 proceder ao tratamento dos seus dados pessoais para finalidades determinada se se tiver base legal para o fazer. Porque \u00e9 nosso cliente e temos interesse leg\u00edtimo em querer prestar-lhe, cada vez mais, um servi\u00e7o melhor, a Quinta do Casal Branco utiliza os seus dados para os seguintes fins:<\/span><\/p>\n<ul style=\"text-align: left;\">\n<li><span style=\"color: #000000;\">Envio dos produtos adquiridos;<\/span><\/li>\n<li><span style=\"color: #000000;\">Fatura\u00e7\u00e3o e pagamento;<\/span><\/li>\n<li><span style=\"color: #000000;\">Fornecimento de informa\u00e7\u00f5es;<\/span><\/li>\n<li><span style=\"color: #000000;\">Apoio ao cliente;<\/span><\/li>\n<li><span style=\"color: #000000;\">Gest\u00e3o de reclama\u00e7\u00f5es;<\/span><\/li>\n<li><span style=\"color: #000000;\">Cumprimento de outras obriga\u00e7\u00f5es legais ou regulamentares;<\/span><\/li>\n<li><span style=\"color: #000000;\">Sugest\u00f5es;<\/span><\/li>\n<li><span style=\"color: #000000;\">Pedidos de Informa\u00e7\u00e3o;<\/span><\/li>\n<li><span style=\"color: #000000;\">Realiza\u00e7\u00e3o de estudos de mercado, inqu\u00e9ritos de avalia\u00e7\u00e3o e an\u00e1lises estat\u00edsticas;<\/span><\/li>\n<li><span style=\"color: #000000;\">Envio de newsletters;<\/span><\/li>\n<li><span style=\"color: #000000;\">Envio de a\u00e7\u00f5es de marketing e campanhas publicit\u00e1rias.<\/span><\/li>\n<\/ul>\n<p>&nbsp;<\/p>\n<p style=\"text-align: justify;\"><strong><span style=\"color: #000000;\">COM QUEM S\u00c3O PARTILHADOS OS SEUS DADOS?<\/span><\/strong><\/p>\n<p style=\"text-align: justify;\"><span style=\"color: #000000;\">Os dados recolhidos e detidos pela Quinta do Casal Branco poder\u00e3o ser transmitidos, com respeito pelo dever de confidencialidade e pelo princ\u00edpio da finalidade que presidiu \u00e0 sua recolha, para as seguintes entidades:<\/span><\/p>\n<ul style=\"text-align: left;\">\n<li><span style=\"color: #000000;\">Autoridades judiciais ou administrativas, nos casos em que tal ced\u00eancia seja obrigat\u00f3ria;<\/span><\/li>\n<li><span style=\"color: #000000;\">Empresa de transporte;<\/span><\/li>\n<li><span style=\"color: #000000;\">Subcontratantes que proceder\u00e3o ao tratamento dos dados por conta da Quinta do Casal Branco com as finalidades por esta determinadas.<\/span><\/li>\n<\/ul>\n<p>&nbsp;<\/p>\n<p style=\"text-align: justify;\"><span style=\"color: #000000;\"><strong>COOKIES<\/strong><\/span><\/p>\n<p style=\"text-align: justify;\"><span style=\"color: #000000;\">Existem dois grupos cookies que podem ser utilizados:<\/span><\/p>\n<ul style=\"text-align: justify;\">\n<li><span style=\"color: #000000;\"><strong>Cookies permanentes<\/strong> &#8211; s\u00e3o cookies que ficam armazenados ao n\u00edvel do browser nos seus equipamentos de acesso (PC, mobile e tablet) e que s\u00e3o utilizados sempre que faz uma nova visita a um dos nossos <em>websites<\/em>. S\u00e3o utilizados, geralmente, para direcionar a navega\u00e7\u00e3o aos interesses do utilizador, permitindo-nos prestar um servi\u00e7o mais personalizado.<\/span><\/li>\n<li><span style=\"color: #000000;\"><strong>Cookies de sess\u00e3o<\/strong> &#8211; s\u00e3o cookies tempor\u00e1rios que permanecem no arquivo de cookies do seu browser at\u00e9 sair do <em>website<\/em>. A informa\u00e7\u00e3o obtida por estes cookies serve para analisar padr\u00f5es de tr\u00e1fego na web, permitindo-nos identificar problemas e fornecer uma melhor experi\u00eancia de navega\u00e7\u00e3o.<\/span><\/li>\n<\/ul>\n<p>&nbsp;<\/p>\n<p style=\"text-align: justify;\"><span style=\"color: #000000;\"><strong>PARA QUE FINS UTILIZAMOS COOKIES?<\/strong><\/span><\/p>\n<ul style=\"text-align: justify;\">\n<li><span style=\"color: #000000;\"><strong>Cookies estritamente necess\u00e1rios<\/strong> &#8211; Permitem que navegue no <em>website<\/em> e utilize as suas aplica\u00e7\u00f5es, bem como aceder a \u00e1reas seguras do <em>website<\/em>. Sem estes cookies, os servi\u00e7os que tenha requerido n\u00e3o podem ser prestados.<\/span><\/li>\n<li><span style=\"color: #000000;\"><strong>Cookies anal\u00edticos<\/strong> &#8211; S\u00e3o utilizados anonimamente para efeitos de cria\u00e7\u00e3o e an\u00e1lise de estat\u00edsticas, no sentido de melhorar o funcionamento do website.<\/span><\/li>\n<li><span style=\"color: #000000;\"><strong>Cookies de funcionalidade<\/strong> &#8211; Guardam as prefer\u00eancias do utilizador relativamente \u00e0 utiliza\u00e7\u00e3o do site, para que n\u00e3o seja necess\u00e1rio voltar a configurar o site cada vez que o visita.<\/span><\/li>\n<li><span style=\"color: #000000;\"><strong>Cookies de terceiros<\/strong> &#8211; Medem o sucesso de aplica\u00e7\u00f5es e a efic\u00e1cia da publicidade de terceiros. Podem tamb\u00e9m ser utilizados no sentido de personalizar um widget com dados do utilizador.<\/span><\/li>\n<li><span style=\"color: #000000;\"><strong>Cookies de publicidade<\/strong> &#8211; Direcionam a publicidade em fun\u00e7\u00e3o dos interesses de cada utilizador, por forma a direcionar as campanhas publicit\u00e1rias tendo em conta os gostos dos utilizadores, sendo que, al\u00e9m disso, limitam a quantidade de vezes que v\u00ea o an\u00fancio, ajudando a medir a efic\u00e1cia da publicidade e o sucesso da organiza\u00e7\u00e3o do <em>website<\/em>.<\/span><\/li>\n<\/ul>\n<p>&nbsp;<\/p>\n<p style=\"text-align: justify;\"><strong><span style=\"color: #000000;\">QUAIS S\u00c3O OS SEUS DIREITOS?<\/span><\/strong><\/p>\n<p style=\"text-align: justify;\"><span style=\"color: #000000;\">Nos termos da Legisla\u00e7\u00e3o sobre a Prote\u00e7\u00e3o de Dados Pessoais, garantimos-lhe o direito de acesso, atualiza\u00e7\u00e3o, retifica\u00e7\u00e3o, elimina\u00e7\u00e3o, portabilidade e apagamento dos seus dados pessoais. Poder\u00e1 ainda apresentar reclama\u00e7\u00f5es perante a Comiss\u00e3o nacional da Prote\u00e7\u00e3o de Dados.<\/span><\/p>\n<p style=\"text-align: justify;\"><span style=\"color: #000000;\">Conferimos-lhe, tamb\u00e9m, o direito de retirar o consentimento ou opor-se \u00e0 utiliza\u00e7\u00e3o dos dados facultados para fins de marketing, para o envio de comunica\u00e7\u00e3o informativa, de inclus\u00e3o em listas ou servi\u00e7os informativos. Caso n\u00e3o o tenha efetuado aquando da recolha dos dados, poder\u00e1 enviar um pedido posteriormente.<\/span><\/p>\n<p style=\"text-align: justify;\"><span style=\"color: #000000;\">O exerc\u00edcio destes direitos dever\u00e1 ser realizado atrav\u00e9s do seguinte endere\u00e7o de correio eletr\u00f3nico info@casalbranco.com ou da seguinte morada:<\/span><\/p>\n<p style=\"text-align: justify;\"><span style=\"color: #000000;\">Casal Branco \u2013Sociedade de Vinhos, SA<\/span><\/p>\n<p style=\"text-align: justify;\"><span style=\"color: #000000;\">Quinta do Casal Branco<\/span><\/p>\n<p style=\"text-align: justify;\"><span style=\"color: #000000;\">EN 118, KM 692080-187 Almeirim<\/span><\/p>\n<p>&nbsp;<\/p>\n<p style=\"text-align: justify;\"><span style=\"color: #000000;\"><strong>POR QUANTO TEMPO S\u00c3O ARMAZENADOS OS SEUS DADOS?<\/strong><\/span><\/p>\n<p style=\"text-align: justify;\"><span style=\"color: #000000;\">O per\u00edodo de tempo durante o qual os dados s\u00e3o armazenados e conservados varia de acordo com a finalidade para a qual a informa\u00e7\u00e3o \u00e9 tratada. Sempre que n\u00e3o exista uma exig\u00eancia legal especifica, os dados ser\u00e3o armazenados e conservados apenas pelo per\u00edodo m\u00ednimo necess\u00e1rio para as finalidades que motivaram a sua recolha ou o seu posterior tratamento, findo o qual os mesmos ser\u00e3o eliminados.<\/span><\/p>\n<p>&nbsp;<\/p>\n<p style=\"text-align: justify;\"><span style=\"color: #000000;\"><strong>OS SEUS DADOS S\u00c3O TRATADOS DE FORMA SEGURA?<\/strong><\/span><\/p>\n<p style=\"text-align: justify;\"><span style=\"color: #000000;\">A Quinta do Casal Branco assume o compromisso de garantir a prote\u00e7\u00e3o da seguran\u00e7a dos seus dados. Para o efeito, adotou diversas medidas de seguran\u00e7a, de car\u00e1cter t\u00e9cnico e organizativo, de forma a proteger os dados pessoais que nos disponibiliza contra a sua difus\u00e3o, perda, uso indevido, altera\u00e7\u00e3o, tratamento ou acesso n\u00e3o autorizado, bem como contra qualquer outra forma de tratamento il\u00edcito.<\/span><\/p>\n<p style=\"text-align: justify;\"><span style=\"color: #000000;\">A Quinta do Casal Branco exige os seus subcontratantes e dos seus parceiros a ado\u00e7\u00e3o de medidas de seguran\u00e7a equivalentes aquelas que pr\u00e1tica.<\/span><\/p>\n<p>&nbsp;<\/p>\n<p style=\"text-align: justify;\"><span style=\"color: #000000;\"><strong>ALTERA\u00c7\u00d5ES \u00c0 POLITICA DE PRIVACIDADE<\/strong><\/span><\/p>\n<p style=\"text-align: justify;\"><span style=\"color: #000000;\">A Quinta do Casal Branco reserva-se o direito de, a qualquer altura, proceder a reajustamentos ou altera\u00e7\u00f5es \u00e0 presente Politica de Privacidade, sendo essas altera\u00e7\u00f5es devidamente publicitadas em www.casalbranco.com\/politica-de-privacidade<\/span><\/p>\n\n\t\t<\/div>\n\t<\/div>\n<\/div><\/div><\/div><\/div><\/div>\n<\/div>","protected":false},"excerpt":{"rendered":"&nbsp; &nbsp; &nbsp; &nbsp; &nbsp; O Regulamento Geral de Prote\u00e7\u00e3o de Dados (RGPD) entrou em vigor a 25 de Maio de 2018 e substituiu a diretiva e lei de prote\u00e7\u00e3o de dados em vigor. Leia, por favor, esta Politica de Privacidade com aten\u00e7\u00e3o, pois o tratamento dos dados pessoais que nos disponibiliza implica o conhecimento [...]","protected":false},"author":1,"featured_media":0,"parent":0,"menu_order":0,"comment_status":"closed","ping_status":"closed","template":"","meta":{"footnotes":""},"class_list":["post-12432","page","type-page","status-publish","hentry"],"_links":{"self":[{"href":"https:\/\/www.casalbranco.com\/pt\/wp-json\/wp\/v2\/pages\/12432","targetHints":{"allow":["GET"]}}],"collection":[{"href":"https:\/\/www.casalbranco.com\/pt\/wp-json\/wp\/v2\/pages"}],"about":[{"href":"https:\/\/www.casalbranco.com\/pt\/wp-json\/wp\/v2\/types\/page"}],"author":[{"embeddable":true,"href":"https:\/\/www.casalbranco.com\/pt\/wp-json\/wp\/v2\/users\/1"}],"replies":[{"embeddable":true,"href":"https:\/\/www.casalbranco.com\/pt\/wp-json\/wp\/v2\/comments?post=12432"}],"version-history":[{"count":12,"href":"https:\/\/www.casalbranco.com\/pt\/wp-json\/wp\/v2\/pages\/12432\/revisions"}],"predecessor-version":[{"id":12446,"href":"https:\/\/www.casalbranco.com\/pt\/wp-json\/wp\/v2\/pages\/12432\/revisions\/12446"}],"wp:attachment":[{"href":"https:\/\/www.casalbranco.com\/pt\/wp-json\/wp\/v2\/media?parent=12432"}],"curies":[{"name":"wp","href":"https:\/\/api.w.org\/{rel}","templated":true}]}}