{"id":14439,"date":"2024-12-09T09:23:03","date_gmt":"2024-12-09T09:23:03","guid":{"rendered":"https:\/\/www.casalbranco.com\/pt\/?page_id=14439"},"modified":"2025-10-28T17:57:37","modified_gmt":"2025-10-28T17:57:37","slug":"terroir","status":"publish","type":"page","link":"https:\/\/www.casalbranco.com\/pt\/terroir\/","title":{"rendered":"Terroir"},"content":{"rendered":"<div class=\"wpb-content-wrapper\"><div class=\"vc_row wpb_row vc_row-fluid\"><div class=\"wpb_column vc_column_container vc_col-sm-12\"><div class=\"vc_column-inner \"><div class=\"wpb_wrapper\"><h2 class=\"align left\">Terroir<\/h2><div class=\"vc_empty_space\"   style=\"height: 32px\"><span class=\"vc_empty_space_inner\"><\/span><\/div>\n\t<div class=\"wpb_text_column wpb_content_element  align left\" >\n\t\t<div class=\"wpb_wrapper\">\n\t\t\t<p><span style=\"font-weight: 100; font-size: 16px; color: #000000; font-family: 'montserrat';\">Num <em>terroir<\/em> \u00fanico de charneca em solos franco arenosos, temos 130 hectares de vinha. Onde preservamos vinhas centen\u00e1rias. Unimos a tradi\u00e7\u00e3o a t\u00e9cnicas modernas e sustent\u00e1veis que garantem a produ\u00e7\u00e3o de vinhos elegantes de qualidade excecional, mantendo um compromisso firme com a sustentabilidade.<\/span><\/p>\n<p><span style=\"font-weight: 100; font-size: 16px; color: #000000; font-family: 'montserrat';\">As vinhas de castas aut\u00f3ctones, tal como Fern\u00e3o Pires com mais de 70 anos, Castel\u00e3o com 100 anos e Touriga Nacional, juntamente com algumas castas internacionais reconhecidas, plantadas nas famosas areias do Mioc\u00e9nico, beneficiam dum clima singular, apresenta clima moderado, com temperaturas m\u00e9dias compreendidas entre os 15\u00ba C e 16,5\u00ba C. O valor da insola\u00e7\u00e3o situa-se cerca das 2800 horas\/ano e a m\u00e9dia anual de precipita\u00e7\u00e3o \u00e9 de 750 mm, que se classifica entre Mediterr\u00e2neo e Atl\u00e2ntico, onde se verificam dias quentes e noites frescas que proporcionam \u00e0s nossas uvas matura\u00e7\u00f5es completas e um perfeito equil\u00edbrio.<\/span><\/p>\n\n\t\t<\/div>\n\t<\/div>\n<div class=\"wpb_images_carousel wpb_content_element vc_clearfix wpb_content_element\"><div class=\"wpb_wrapper\"><div id=\"vc_images-carousel-1-1776426169\" data-ride=\"vc_carousel\" data-wrap=\"true\" style=\"width: 100%;\" data-interval=\"2000\" data-auto-height=\"yes\" data-mode=\"horizontal\" data-partial=\"false\" data-per-view=\"2\" data-hide-on-end=\"false\" class=\"vc_slide vc_images_carousel\"><ol class=\"vc_carousel-indicators\"><li data-target=\"#vc_images-carousel-1-1776426169\" data-slide-to=\"0\"><\/li><li data-target=\"#vc_images-carousel-1-1776426169\" data-slide-to=\"1\"><\/li><li data-target=\"#vc_images-carousel-1-1776426169\" data-slide-to=\"2\"><\/li><li data-target=\"#vc_images-carousel-1-1776426169\" data-slide-to=\"3\"><\/li><\/ol><div class=\"vc_carousel-inner\"><div class=\"vc_carousel-slideline\"><div class=\"vc_carousel-slideline-inner\"><div class=\"vc_item\"><div class=\"vc_inner\"><a class=\"\" href=\"https:\/\/www.casalbranco.com\/pt\/wp-content\/uploads\/2024\/12\/Terroir_1-1024x683.jpg\" data-lightbox=\"lightbox[rel-14439-1949099150]\"><img loading=\"lazy\" decoding=\"async\" width=\"2560\" height=\"1707\" src=\"https:\/\/www.casalbranco.com\/pt\/wp-content\/uploads\/2024\/12\/Terroir_1-scaled.jpg\" class=\"attachment-full\" alt=\"\" title=\"Terroir_1\" srcset=\"https:\/\/www.casalbranco.com\/pt\/wp-content\/uploads\/2024\/12\/Terroir_1-scaled.jpg 2560w, https:\/\/www.casalbranco.com\/pt\/wp-content\/uploads\/2024\/12\/Terroir_1-300x200.jpg 300w, https:\/\/www.casalbranco.com\/pt\/wp-content\/uploads\/2024\/12\/Terroir_1-1024x683.jpg 1024w, https:\/\/www.casalbranco.com\/pt\/wp-content\/uploads\/2024\/12\/Terroir_1-768x512.jpg 768w, https:\/\/www.casalbranco.com\/pt\/wp-content\/uploads\/2024\/12\/Terroir_1-1536x1024.jpg 1536w, https:\/\/www.casalbranco.com\/pt\/wp-content\/uploads\/2024\/12\/Terroir_1-2048x1365.jpg 2048w, https:\/\/www.casalbranco.com\/pt\/wp-content\/uploads\/2024\/12\/Terroir_1-18x12.jpg 18w, https:\/\/www.casalbranco.com\/pt\/wp-content\/uploads\/2024\/12\/Terroir_1-500x333.jpg 500w\" sizes=\"auto, (max-width: 2560px) 100vw, 2560px\" \/><\/a><\/div><\/div><div class=\"vc_item\"><div class=\"vc_inner\"><a class=\"\" href=\"https:\/\/www.casalbranco.com\/pt\/wp-content\/uploads\/2024\/12\/Terroir_2-1024x683.jpg\" data-lightbox=\"lightbox[rel-14439-1949099150]\"><img loading=\"lazy\" decoding=\"async\" width=\"2560\" height=\"1707\" src=\"https:\/\/www.casalbranco.com\/pt\/wp-content\/uploads\/2024\/12\/Terroir_2-scaled.jpg\" class=\"attachment-full\" alt=\"\" title=\"Terroir_2\" srcset=\"https:\/\/www.casalbranco.com\/pt\/wp-content\/uploads\/2024\/12\/Terroir_2-scaled.jpg 2560w, https:\/\/www.casalbranco.com\/pt\/wp-content\/uploads\/2024\/12\/Terroir_2-300x200.jpg 300w, https:\/\/www.casalbranco.com\/pt\/wp-content\/uploads\/2024\/12\/Terroir_2-1024x683.jpg 1024w, https:\/\/www.casalbranco.com\/pt\/wp-content\/uploads\/2024\/12\/Terroir_2-768x512.jpg 768w, https:\/\/www.casalbranco.com\/pt\/wp-content\/uploads\/2024\/12\/Terroir_2-1536x1024.jpg 1536w, https:\/\/www.casalbranco.com\/pt\/wp-content\/uploads\/2024\/12\/Terroir_2-2048x1365.jpg 2048w, https:\/\/www.casalbranco.com\/pt\/wp-content\/uploads\/2024\/12\/Terroir_2-18x12.jpg 18w, https:\/\/www.casalbranco.com\/pt\/wp-content\/uploads\/2024\/12\/Terroir_2-500x333.jpg 500w\" sizes=\"auto, (max-width: 2560px) 100vw, 2560px\" \/><\/a><\/div><\/div><div class=\"vc_item\"><div class=\"vc_inner\"><a class=\"\" href=\"https:\/\/www.casalbranco.com\/pt\/wp-content\/uploads\/2024\/12\/Terroir_3-1024x683.jpg\" data-lightbox=\"lightbox[rel-14439-1949099150]\"><img loading=\"lazy\" decoding=\"async\" width=\"2560\" height=\"1707\" src=\"https:\/\/www.casalbranco.com\/pt\/wp-content\/uploads\/2024\/12\/Terroir_3-scaled.jpg\" class=\"attachment-full\" alt=\"\" title=\"Terroir_3\" srcset=\"https:\/\/www.casalbranco.com\/pt\/wp-content\/uploads\/2024\/12\/Terroir_3-scaled.jpg 2560w, https:\/\/www.casalbranco.com\/pt\/wp-content\/uploads\/2024\/12\/Terroir_3-300x200.jpg 300w, https:\/\/www.casalbranco.com\/pt\/wp-content\/uploads\/2024\/12\/Terroir_3-1024x683.jpg 1024w, https:\/\/www.casalbranco.com\/pt\/wp-content\/uploads\/2024\/12\/Terroir_3-768x512.jpg 768w, https:\/\/www.casalbranco.com\/pt\/wp-content\/uploads\/2024\/12\/Terroir_3-1536x1024.jpg 1536w, https:\/\/www.casalbranco.com\/pt\/wp-content\/uploads\/2024\/12\/Terroir_3-2048x1365.jpg 2048w, https:\/\/www.casalbranco.com\/pt\/wp-content\/uploads\/2024\/12\/Terroir_3-18x12.jpg 18w, https:\/\/www.casalbranco.com\/pt\/wp-content\/uploads\/2024\/12\/Terroir_3-500x333.jpg 500w\" sizes=\"auto, (max-width: 2560px) 100vw, 2560px\" \/><\/a><\/div><\/div><div class=\"vc_item\"><div class=\"vc_inner\"><a class=\"\" href=\"https:\/\/www.casalbranco.com\/pt\/wp-content\/uploads\/2024\/12\/Terroir_4-1024x683.jpg\" data-lightbox=\"lightbox[rel-14439-1949099150]\"><img loading=\"lazy\" decoding=\"async\" width=\"2560\" height=\"1707\" src=\"https:\/\/www.casalbranco.com\/pt\/wp-content\/uploads\/2024\/12\/Terroir_4-scaled.jpg\" class=\"attachment-full\" alt=\"\" title=\"Terroir_4\" srcset=\"https:\/\/www.casalbranco.com\/pt\/wp-content\/uploads\/2024\/12\/Terroir_4-scaled.jpg 2560w, https:\/\/www.casalbranco.com\/pt\/wp-content\/uploads\/2024\/12\/Terroir_4-300x200.jpg 300w, https:\/\/www.casalbranco.com\/pt\/wp-content\/uploads\/2024\/12\/Terroir_4-1024x683.jpg 1024w, https:\/\/www.casalbranco.com\/pt\/wp-content\/uploads\/2024\/12\/Terroir_4-768x512.jpg 768w, https:\/\/www.casalbranco.com\/pt\/wp-content\/uploads\/2024\/12\/Terroir_4-1536x1024.jpg 1536w, https:\/\/www.casalbranco.com\/pt\/wp-content\/uploads\/2024\/12\/Terroir_4-2048x1365.jpg 2048w, https:\/\/www.casalbranco.com\/pt\/wp-content\/uploads\/2024\/12\/Terroir_4-18x12.jpg 18w, https:\/\/www.casalbranco.com\/pt\/wp-content\/uploads\/2024\/12\/Terroir_4-500x333.jpg 500w\" sizes=\"auto, (max-width: 2560px) 100vw, 2560px\" \/><\/a><\/div><\/div><\/div><\/div><\/div><a class=\"vc_left vc_carousel-control\" href=\"#vc_images-carousel-1-1776426169\" data-slide=\"prev\"><span class=\"icon-prev\"><\/span><\/a><a class=\"vc_right vc_carousel-control\" href=\"#vc_images-carousel-1-1776426169\" data-slide=\"next\"><span class=\"icon-next\"><\/span><\/a><\/div><\/div><\/div><\/div><\/div><\/div><\/div><div class=\"vc_row wpb_row vc_row-fluid\"><div class=\"wpb_column vc_column_container vc_col-sm-12\"><div class=\"vc_column-inner \"><div class=\"wpb_wrapper\"><div class=\"ult-spacer spacer-69e21cb937002\" data-id=\"69e21cb937002\" data-height=\"50\" data-height-mobile=\"50\" data-height-tab=\"50\" data-height-tab-portrait=\"\" data-height-mobile-landscape=\"\" style=\"clear:both;display:block;\"><\/div><\/div><\/div><\/div><\/div><div class=\"vc_row wpb_row vc_row-fluid\"><div class=\"wpb_column vc_column_container vc_col-sm-4\"><div class=\"vc_column-inner \"><div class=\"wpb_wrapper\"><\/div><\/div><\/div><div class=\"wpb_column vc_column_container vc_col-sm-1\"><div class=\"vc_column-inner \"><div class=\"wpb_wrapper\"><div class=\"ult-just-icon-wrapper  \"><div class=\"align-icon\" style=\"text-align:center;\">\n<a class=\"aio-tooltip 69e21cb9372a2\" href=\"https:\/\/www.facebook.com\/quintadocasalbranco\/\" target=\"_blank\" rel=\"noopener\"  data-toggle=\"tooltip\" data-placement=\"\"><div class=\"aio-icon-img \" style=\"font-size:35px;display:inline-block;\" >\n\t<img decoding=\"async\" class=\"img-icon\" alt=\"null\" src=\"https:\/\/www.casalbranco.com\/pt\/wp-content\/uploads\/2024\/12\/facebook.png\"\/>\n<\/div><\/a><\/div><\/div><\/div><\/div><\/div><div class=\"wpb_column vc_column_container vc_col-sm-1\"><div class=\"vc_column-inner \"><div class=\"wpb_wrapper\"><div class=\"ult-just-icon-wrapper  \"><div class=\"align-icon\" style=\"text-align:center;\">\n<a class=\"aio-tooltip 69e21cb937b3e\" href=\"https:\/\/www.instagram.com\/quintadocasalbranco\/\" target=\"_blank\" rel=\"noopener\"  data-toggle=\"tooltip\" data-placement=\"\"><div class=\"aio-icon-img \" style=\"font-size:35px;display:inline-block;\" >\n\t<img decoding=\"async\" class=\"img-icon\" alt=\"null\" src=\"https:\/\/www.casalbranco.com\/pt\/wp-content\/uploads\/2024\/12\/instagram.png\"\/>\n<\/div><\/a><\/div><\/div><\/div><\/div><\/div><div class=\"wpb_column vc_column_container vc_col-sm-1\"><div class=\"vc_column-inner \"><div class=\"wpb_wrapper\"><div class=\"ult-just-icon-wrapper  \"><div class=\"align-icon\" style=\"text-align:center;\">\n<a class=\"aio-tooltip 69e21cb937efd\" href=\"https:\/\/www.linkedin.com\/company\/quinta-do-casal-branco\/\" target=\"_blank\" rel=\"noopener\"  data-toggle=\"tooltip\" data-placement=\"\"><div class=\"aio-icon-img \" style=\"font-size:35px;display:inline-block;\" >\n\t<img decoding=\"async\" class=\"img-icon\" alt=\"null\" src=\"https:\/\/www.casalbranco.com\/pt\/wp-content\/uploads\/2024\/12\/linkedin.png\"\/>\n<\/div><\/a><\/div><\/div><\/div><\/div><\/div><div class=\"wpb_column vc_column_container vc_col-sm-1\"><div class=\"vc_column-inner \"><div class=\"wpb_wrapper\"><div class=\"ult-just-icon-wrapper  \"><div class=\"align-icon\" style=\"text-align:center;\">\n<a class=\"aio-tooltip 69e21cb93827d\" href=\"https:\/\/www.tripadvisor.pt\/Attraction_Review-g2589401-d10509049-Reviews-Quinta_do_Casal_Branco-Almeirim_Santarem_District_Central_Portugal.html\" target=\"_blank\" rel=\"noopener\"  data-toggle=\"tooltip\" data-placement=\"\"><div class=\"aio-icon-img \" style=\"font-size:35px;display:inline-block;\" >\n\t<img decoding=\"async\" class=\"img-icon\" alt=\"null\" src=\"https:\/\/www.casalbranco.com\/pt\/wp-content\/uploads\/2024\/12\/social.png\"\/>\n<\/div><\/a><\/div><\/div><\/div><\/div><\/div><div class=\"wpb_column vc_column_container vc_col-sm-3\"><div class=\"vc_column-inner \"><div class=\"wpb_wrapper\"><\/div><\/div><\/div><\/div><div class=\"vc_row wpb_row vc_row-fluid\"><div class=\"wpb_column vc_column_container vc_col-sm-12\"><div class=\"vc_column-inner \"><div class=\"wpb_wrapper\"><div class=\"ult-spacer spacer-69e21cb938739\" data-id=\"69e21cb938739\" data-height=\"50\" data-height-mobile=\"50\" data-height-tab=\"50\" data-height-tab-portrait=\"\" data-height-mobile-landscape=\"\" style=\"clear:both;display:block;\"><\/div><\/div><\/div><\/div><\/div><div class=\"vc_row wpb_row vc_row-fluid\"><div class=\"wpb_column vc_column_container vc_col-sm-8\"><div class=\"vc_column-inner \"><div class=\"wpb_wrapper\"><div class=\"ult-spacer spacer-69e21cb9389c7\" data-id=\"69e21cb9389c7\" data-height=\"100\" data-height-mobile=\"100\" data-height-tab=\"100\" data-height-tab-portrait=\"\" data-height-mobile-landscape=\"\" style=\"clear:both;display:block;\"><\/div>\n\t<div class=\"wpb_text_column wpb_content_element \" >\n\t\t<div class=\"wpb_wrapper\">\n\t\t\t<p style=\"font-size: 14px; text-align: right; font-family: 'montserrat';\"><a href=\"https:\/\/www.livroreclamacoes.pt\/inicio\" target=\"_blank\" rel=\"noopener noreferrer\"><strong>Livro de Reclama\u00e7\u00f5es<\/strong><\/a>\u00a0 \u00a0<a href=\"https:\/\/www.casalbranco.com\/pt\/politica-da-qualidade\/\" target=\"_blank\" rel=\"noopener noreferrer\"><strong>Pol\u00edtica da Qualidade<\/strong><\/a> \u00a0\u00a0 <a href=\"https:\/\/www.casalbranco.com\/pt\/politica-da-privacidade\/\" target=\"_blank\" rel=\"noopener noreferrer\"><strong>Pol\u00edtica da Privacidade<\/strong><\/a><\/p>\n\n\t\t<\/div>\n\t<\/div>\n\n\t<div class=\"wpb_text_column wpb_content_element  vc_custom_1761674257695\" >\n\t\t<div class=\"wpb_wrapper\">\n\t\t\t<p style=\"font-size: 14px; text-align: right; font-family: 'montserrat';\"><a href=\"https:\/\/www.casalbranco.com\/pt\/projectos-cofinanciados-pela-ue\/\" target=\"_blank\" rel=\"noopener noreferrer\"><strong>Projectos Cofinanciados pela UE<\/strong><\/a> \u00a0\u00a0 <a href=\"https:\/\/www.casalbranco.com\/ANEXOS\/QCB_RS_2024-FINAL.pdf\" target=\"_blank\" rel=\"noopener noreferrer\"><strong>Sustentabilidade<\/strong><\/a><\/p>\n\n\t\t<\/div>\n\t<\/div>\n<\/div><\/div><\/div><div class=\"wpb_column vc_column_container vc_col-sm-4\"><div class=\"vc_column-inner \"><div class=\"wpb_wrapper\"><div class=\"ult-spacer spacer-69e21cb938c08\" data-id=\"69e21cb938c08\" data-height=\"75\" data-height-mobile=\"75\" data-height-tab=\"75\" data-height-tab-portrait=\"\" data-height-mobile-landscape=\"\" style=\"clear:both;display:block;\"><\/div>\n\t<div class=\"wpb_text_column wpb_content_element \" >\n\t\t<div class=\"wpb_wrapper\">\n\t\t\t<p><img loading=\"lazy\" decoding=\"async\" class=\" wp-image-12450 aligncenter\" src=\"https:\/\/www.casalbranco.com\/pt\/wp-content\/uploads\/2019\/12\/barra_cofin_FEDER-1024x165-300x48.jpg\" alt=\"\" width=\"558\" height=\"89\" srcset=\"https:\/\/www.casalbranco.com\/pt\/wp-content\/uploads\/2019\/12\/barra_cofin_FEDER-1024x165-300x48.jpg 300w, https:\/\/www.casalbranco.com\/pt\/wp-content\/uploads\/2019\/12\/barra_cofin_FEDER-1024x165-500x81.jpg 500w, https:\/\/www.casalbranco.com\/pt\/wp-content\/uploads\/2019\/12\/barra_cofin_FEDER-1024x165-768x124.jpg 768w, https:\/\/www.casalbranco.com\/pt\/wp-content\/uploads\/2019\/12\/barra_cofin_FEDER-1024x165.jpg 1024w\" sizes=\"auto, (max-width: 558px) 100vw, 558px\" \/><\/p>\n\n\t\t<\/div>\n\t<\/div>\n<\/div><\/div><\/div><\/div><div class=\"vc_row wpb_row vc_row-fluid\"><div class=\"wpb_column vc_column_container vc_col-sm-7\"><div class=\"vc_column-inner \"><div class=\"wpb_wrapper\"><\/div><\/div><\/div><div class=\"wpb_column vc_column_container vc_col-sm-1\"><div class=\"vc_column-inner \"><div class=\"wpb_wrapper\"><div class=\"ult-just-icon-wrapper  \"><div class=\"align-icon\" style=\"text-align:center;\">\n<a class=\"aio-tooltip 69e21cb938ed0\" href=\"https:\/\/www.festivalentrequintas.com\/\" target=\"_blank\" rel=\"noopener\"  data-toggle=\"tooltip\" data-placement=\"\"><div class=\"aio-icon-img \" style=\"font-size:200px;display:inline-block;\" >\n\t<img decoding=\"async\" class=\"img-icon\" alt=\"null\" src=\"https:\/\/www.casalbranco.com\/pt\/wp-content\/uploads\/2024\/12\/Entre-Quintas.png\"\/>\n<\/div><\/a><\/div><\/div><\/div><\/div><\/div><div class=\"wpb_column vc_column_container vc_col-sm-1\"><div class=\"vc_column-inner \"><div class=\"wpb_wrapper\"><div class=\"ult-just-icon-wrapper  \"><div class=\"align-icon\" style=\"text-align:center;\">\n<a class=\"aio-tooltip 69e21cb93924f\" href=\"https:\/\/www.jardinshistoricos.pt\/ad\/624\" target=\"_blank\" rel=\"noopener\"  data-toggle=\"tooltip\" data-placement=\"\"><div class=\"aio-icon-img \" style=\"font-size:200px;display:inline-block;\" >\n\t<img decoding=\"async\" class=\"img-icon\" alt=\"null\" src=\"https:\/\/www.casalbranco.com\/pt\/wp-content\/uploads\/2024\/12\/Rota-dos-Jardins-Historicos-do-Tejo.png\"\/>\n<\/div><\/a><\/div><\/div><\/div><\/div><\/div><div class=\"wpb_column vc_column_container vc_col-sm-1\"><div class=\"vc_column-inner \"><div class=\"wpb_wrapper\"><div class=\"ult-just-icon-wrapper  \"><div class=\"align-icon\" style=\"text-align:center;\">\n<div class=\"aio-icon-img \" style=\"font-size:200px;display:inline-block;\" >\n\t<img decoding=\"async\" class=\"img-icon\" alt=\"null\" src=\"https:\/\/www.casalbranco.com\/pt\/wp-content\/uploads\/2024\/12\/Rota-dos-Vinhos-do-Tejo.png\"\/>\n<\/div><\/div><\/div><\/div><\/div><\/div><div class=\"wpb_column vc_column_container vc_col-sm-1\"><div class=\"vc_column-inner \"><div class=\"wpb_wrapper\"><div class=\"ult-just-icon-wrapper  \"><div class=\"align-icon\" style=\"text-align:center;\">\n<div class=\"aio-icon-img \" style=\"font-size:200px;display:inline-block;\" >\n\t<img decoding=\"async\" class=\"img-icon\" alt=\"null\" src=\"https:\/\/www.casalbranco.com\/pt\/wp-content\/uploads\/2024\/12\/WiM_Baseline-outside_Black.png\"\/>\n<\/div><\/div><\/div><\/div><\/div><\/div><div class=\"wpb_column vc_column_container vc_col-sm-1\"><div class=\"vc_column-inner \"><div class=\"wpb_wrapper\"><div class=\"ult-just-icon-wrapper  \"><div class=\"align-icon\" style=\"text-align:center;\">\n<div class=\"aio-icon-img \" style=\"font-size:200px;display:inline-block;\" >\n\t<img decoding=\"async\" class=\"img-icon\" alt=\"null\" src=\"https:\/\/www.casalbranco.com\/pt\/wp-content\/uploads\/2024\/12\/Portugal-Sou-Eu.png\"\/>\n<\/div><\/div><\/div><\/div><\/div><\/div><\/div>\n<\/div>","protected":false},"excerpt":{"rendered":"Terroir Num terroir \u00fanico de charneca em solos franco arenosos, temos 130 hectares de vinha. Onde preservamos vinhas centen\u00e1rias. Unimos a tradi\u00e7\u00e3o a t\u00e9cnicas modernas e sustent\u00e1veis que garantem a produ\u00e7\u00e3o de vinhos elegantes de qualidade excecional, mantendo um compromisso firme com a sustentabilidade. As vinhas de castas aut\u00f3ctones, tal como Fern\u00e3o Pires com mais [...]","protected":false},"author":2,"featured_media":0,"parent":0,"menu_order":0,"comment_status":"closed","ping_status":"closed","template":"","meta":{"footnotes":""},"class_list":["post-14439","page","type-page","status-publish","hentry"],"_links":{"self":[{"href":"https:\/\/www.casalbranco.com\/pt\/wp-json\/wp\/v2\/pages\/14439","targetHints":{"allow":["GET"]}}],"collection":[{"href":"https:\/\/www.casalbranco.com\/pt\/wp-json\/wp\/v2\/pages"}],"about":[{"href":"https:\/\/www.casalbranco.com\/pt\/wp-json\/wp\/v2\/types\/page"}],"author":[{"embeddable":true,"href":"https:\/\/www.casalbranco.com\/pt\/wp-json\/wp\/v2\/users\/2"}],"replies":[{"embeddable":true,"href":"https:\/\/www.casalbranco.com\/pt\/wp-json\/wp\/v2\/comments?post=14439"}],"version-history":[{"count":8,"href":"https:\/\/www.casalbranco.com\/pt\/wp-json\/wp\/v2\/pages\/14439\/revisions"}],"predecessor-version":[{"id":15121,"href":"https:\/\/www.casalbranco.com\/pt\/wp-json\/wp\/v2\/pages\/14439\/revisions\/15121"}],"wp:attachment":[{"href":"https:\/\/www.casalbranco.com\/pt\/wp-json\/wp\/v2\/media?parent=14439"}],"curies":[{"name":"wp","href":"https:\/\/api.w.org\/{rel}","templated":true}]}}