{"id":14516,"date":"2024-12-16T22:53:17","date_gmt":"2024-12-16T22:53:17","guid":{"rendered":"https:\/\/www.casalbranco.com\/pt\/?page_id=14516"},"modified":"2025-10-29T09:17:16","modified_gmt":"2025-10-29T09:17:16","slug":"terra-de-lobos","status":"publish","type":"page","link":"https:\/\/www.casalbranco.com\/pt\/vinhos\/terra-de-lobos\/","title":{"rendered":"Terra De Lobos"},"content":{"rendered":"<div class=\"wpb-content-wrapper\"><div class=\"vc_row wpb_row vc_row-fluid\"><div class=\"wpb_column vc_column_container vc_col-sm-12\"><div class=\"vc_column-inner \"><div class=\"wpb_wrapper\"><h2 class=\"align left\">Terra De Lobos<\/h2><div class=\"vc_empty_space\"   style=\"height: 32px\"><span class=\"vc_empty_space_inner\"><\/span><\/div>\n\t<div class=\"wpb_text_column wpb_content_element  align left\" >\n\t\t<div class=\"wpb_wrapper\">\n\t\t\t<p><span style=\"font-weight: 100; font-size: 16px; color: #000000; font-family: 'montserrat';\">Terra de Lobos s\u00e3o vinhos com um perfil jovem, frutado, moderno e genu\u00edno. Vinhos onde se conjuga sempre uma casta portuguesa e uma casta internacional. <\/span><\/p>\n\n\t\t<\/div>\n\t<\/div>\n<div class=\"vc_empty_space\"   style=\"height: 32px\"><span class=\"vc_empty_space_inner\"><\/span><\/div><div class=\"vc_row wpb_row vc_inner vc_row-fluid\"><div class=\"wpb_column vc_column_container vc_col-sm-1\/5\"><div class=\"vc_column-inner \"><div class=\"wpb_wrapper\"><\/div><\/div><\/div><div class=\"wpb_column vc_column_container vc_col-sm-1\/5\"><div class=\"vc_column-inner \"><div class=\"wpb_wrapper\">\n\t<div  class=\"wpb_single_image wpb_content_element vc_align_center wpb_content_element\">\n\t\t\n\t\t<figure class=\"wpb_wrapper vc_figure\">\n\t\t\t<a href=\"https:\/\/www.casalbranco.com\/pt\/produto\/terra-de-lobos-rose\/\" target=\"_self\" class=\"vc_single_image-wrapper   vc_box_border_grey\"><img loading=\"lazy\" decoding=\"async\" width=\"1080\" height=\"1080\" src=\"https:\/\/www.casalbranco.com\/pt\/wp-content\/uploads\/2024\/12\/Terra-de-Lobos-Rose.png\" class=\"vc_single_image-img attachment-full\" alt=\"\" title=\"Terra de Lobos Ros\u00e9\" srcset=\"https:\/\/www.casalbranco.com\/pt\/wp-content\/uploads\/2024\/12\/Terra-de-Lobos-Rose.png 1080w, https:\/\/www.casalbranco.com\/pt\/wp-content\/uploads\/2024\/12\/Terra-de-Lobos-Rose-300x300.png 300w, https:\/\/www.casalbranco.com\/pt\/wp-content\/uploads\/2024\/12\/Terra-de-Lobos-Rose-1024x1024.png 1024w, https:\/\/www.casalbranco.com\/pt\/wp-content\/uploads\/2024\/12\/Terra-de-Lobos-Rose-150x150.png 150w, https:\/\/www.casalbranco.com\/pt\/wp-content\/uploads\/2024\/12\/Terra-de-Lobos-Rose-768x768.png 768w, https:\/\/www.casalbranco.com\/pt\/wp-content\/uploads\/2024\/12\/Terra-de-Lobos-Rose-12x12.png 12w, https:\/\/www.casalbranco.com\/pt\/wp-content\/uploads\/2024\/12\/Terra-de-Lobos-Rose-500x500.png 500w, https:\/\/www.casalbranco.com\/pt\/wp-content\/uploads\/2024\/12\/Terra-de-Lobos-Rose-100x100.png 100w\" sizes=\"auto, (max-width: 1080px) 100vw, 1080px\" \/><\/a>\n\t\t<\/figure>\n\t<\/div>\n\n\t<div class=\"wpb_text_column wpb_content_element \" >\n\t\t<div class=\"wpb_wrapper\">\n\t\t\t<p style=\"text-align: center;\"><strong><span style=\"font-size: 14px; color: #000000; font-family: montserrat;\">TOURIGA NACIONAL<br \/>\nSYRAH<\/span><\/strong><\/p>\n\n\t\t<\/div>\n\t<\/div>\n<\/div><\/div><\/div><div class=\"wpb_column vc_column_container vc_col-sm-1\/5\"><div class=\"vc_column-inner \"><div class=\"wpb_wrapper\">\n\t<div  class=\"wpb_single_image wpb_content_element vc_align_center wpb_content_element\">\n\t\t\n\t\t<figure class=\"wpb_wrapper vc_figure\">\n\t\t\t<a href=\"https:\/\/www.casalbranco.com\/pt\/produto\/terra-de-lobos-branco\" target=\"_self\" class=\"vc_single_image-wrapper   vc_box_border_grey\"><img loading=\"lazy\" decoding=\"async\" width=\"1080\" height=\"1080\" src=\"https:\/\/www.casalbranco.com\/pt\/wp-content\/uploads\/2024\/12\/Terra-De-Lobos_branco.png\" class=\"vc_single_image-img attachment-full\" alt=\"\" title=\"Terra De Lobos_branco\" srcset=\"https:\/\/www.casalbranco.com\/pt\/wp-content\/uploads\/2024\/12\/Terra-De-Lobos_branco.png 1080w, https:\/\/www.casalbranco.com\/pt\/wp-content\/uploads\/2024\/12\/Terra-De-Lobos_branco-300x300.png 300w, https:\/\/www.casalbranco.com\/pt\/wp-content\/uploads\/2024\/12\/Terra-De-Lobos_branco-1024x1024.png 1024w, https:\/\/www.casalbranco.com\/pt\/wp-content\/uploads\/2024\/12\/Terra-De-Lobos_branco-150x150.png 150w, https:\/\/www.casalbranco.com\/pt\/wp-content\/uploads\/2024\/12\/Terra-De-Lobos_branco-768x768.png 768w, https:\/\/www.casalbranco.com\/pt\/wp-content\/uploads\/2024\/12\/Terra-De-Lobos_branco-12x12.png 12w, https:\/\/www.casalbranco.com\/pt\/wp-content\/uploads\/2024\/12\/Terra-De-Lobos_branco-500x500.png 500w, https:\/\/www.casalbranco.com\/pt\/wp-content\/uploads\/2024\/12\/Terra-De-Lobos_branco-100x100.png 100w\" sizes=\"auto, (max-width: 1080px) 100vw, 1080px\" \/><\/a>\n\t\t<\/figure>\n\t<\/div>\n\n\t<div class=\"wpb_text_column wpb_content_element \" >\n\t\t<div class=\"wpb_wrapper\">\n\t\t\t<p style=\"text-align: center;\"><strong><span style=\"font-size: 14px; color: #000000; font-family: montserrat;\">FERN\u00c3O PIRES<br \/>\nSAUVIGNON BLANC<\/span><\/strong><\/p>\n\n\t\t<\/div>\n\t<\/div>\n<\/div><\/div><\/div><div class=\"wpb_column vc_column_container vc_col-sm-1\/5\"><div class=\"vc_column-inner \"><div class=\"wpb_wrapper\">\n\t<div  class=\"wpb_single_image wpb_content_element vc_align_center wpb_content_element\">\n\t\t\n\t\t<figure class=\"wpb_wrapper vc_figure\">\n\t\t\t<a href=\"https:\/\/www.casalbranco.com\/pt\/produto\/terra-de-lobos-tinto\" target=\"_self\" class=\"vc_single_image-wrapper   vc_box_border_grey\"><img loading=\"lazy\" decoding=\"async\" width=\"1080\" height=\"1080\" src=\"https:\/\/www.casalbranco.com\/pt\/wp-content\/uploads\/2024\/12\/Terra-de-Lobos-Tinto_sub.png\" class=\"vc_single_image-img attachment-full\" alt=\"\" title=\"Terra de Lobos Tinto_sub\" srcset=\"https:\/\/www.casalbranco.com\/pt\/wp-content\/uploads\/2024\/12\/Terra-de-Lobos-Tinto_sub.png 1080w, https:\/\/www.casalbranco.com\/pt\/wp-content\/uploads\/2024\/12\/Terra-de-Lobos-Tinto_sub-300x300.png 300w, https:\/\/www.casalbranco.com\/pt\/wp-content\/uploads\/2024\/12\/Terra-de-Lobos-Tinto_sub-1024x1024.png 1024w, https:\/\/www.casalbranco.com\/pt\/wp-content\/uploads\/2024\/12\/Terra-de-Lobos-Tinto_sub-150x150.png 150w, https:\/\/www.casalbranco.com\/pt\/wp-content\/uploads\/2024\/12\/Terra-de-Lobos-Tinto_sub-768x768.png 768w, https:\/\/www.casalbranco.com\/pt\/wp-content\/uploads\/2024\/12\/Terra-de-Lobos-Tinto_sub-12x12.png 12w, https:\/\/www.casalbranco.com\/pt\/wp-content\/uploads\/2024\/12\/Terra-de-Lobos-Tinto_sub-500x500.png 500w, https:\/\/www.casalbranco.com\/pt\/wp-content\/uploads\/2024\/12\/Terra-de-Lobos-Tinto_sub-100x100.png 100w\" sizes=\"auto, (max-width: 1080px) 100vw, 1080px\" \/><\/a>\n\t\t<\/figure>\n\t<\/div>\n\n\t<div class=\"wpb_text_column wpb_content_element \" >\n\t\t<div class=\"wpb_wrapper\">\n\t\t\t<p style=\"text-align: center;\"><strong><span style=\"font-size: 14px; color: #000000; font-family: montserrat;\">CASTEL\u00c3O<br \/>\nCABERNET SAUVIGNON<\/span><\/strong><\/p>\n\n\t\t<\/div>\n\t<\/div>\n<\/div><\/div><\/div><div class=\"wpb_column vc_column_container vc_col-sm-1\/5\"><div class=\"vc_column-inner \"><div class=\"wpb_wrapper\"><\/div><\/div><\/div><\/div><\/div><\/div><\/div><\/div><div class=\"vc_row wpb_row vc_row-fluid\"><div class=\"wpb_column vc_column_container vc_col-sm-12\"><div class=\"vc_column-inner \"><div class=\"wpb_wrapper\"><div class=\"ult-spacer spacer-69e75ba9b9fef\" data-id=\"69e75ba9b9fef\" data-height=\"70\" data-height-mobile=\"70\" data-height-tab=\"70\" data-height-tab-portrait=\"\" data-height-mobile-landscape=\"\" style=\"clear:both;display:block;\"><\/div><\/div><\/div><\/div><\/div><div class=\"vc_row wpb_row vc_row-fluid\"><div class=\"wpb_column vc_column_container vc_col-sm-4\"><div class=\"vc_column-inner \"><div class=\"wpb_wrapper\"><\/div><\/div><\/div><div class=\"wpb_column vc_column_container vc_col-sm-1\"><div class=\"vc_column-inner \"><div class=\"wpb_wrapper\"><div class=\"ult-just-icon-wrapper  \"><div class=\"align-icon\" style=\"text-align:center;\">\n<a class=\"aio-tooltip 69e75ba9ba2a6\" href=\"https:\/\/www.facebook.com\/quintadocasalbranco\/\" target=\"_blank\" rel=\"noopener\"  data-toggle=\"tooltip\" data-placement=\"\"><div class=\"aio-icon-img \" style=\"font-size:35px;display:inline-block;\" >\n\t<img decoding=\"async\" class=\"img-icon\" alt=\"null\" src=\"https:\/\/www.casalbranco.com\/pt\/wp-content\/uploads\/2024\/12\/facebook.png\"\/>\n<\/div><\/a><\/div><\/div><\/div><\/div><\/div><div class=\"wpb_column vc_column_container vc_col-sm-1\"><div class=\"vc_column-inner \"><div class=\"wpb_wrapper\"><div class=\"ult-just-icon-wrapper  \"><div class=\"align-icon\" style=\"text-align:center;\">\n<a class=\"aio-tooltip 69e75ba9ba630\" href=\"https:\/\/www.instagram.com\/quintadocasalbranco\/\" target=\"_blank\" rel=\"noopener\"  data-toggle=\"tooltip\" data-placement=\"\"><div class=\"aio-icon-img \" style=\"font-size:35px;display:inline-block;\" >\n\t<img decoding=\"async\" class=\"img-icon\" alt=\"null\" src=\"https:\/\/www.casalbranco.com\/pt\/wp-content\/uploads\/2024\/12\/instagram.png\"\/>\n<\/div><\/a><\/div><\/div><\/div><\/div><\/div><div class=\"wpb_column vc_column_container vc_col-sm-1\"><div class=\"vc_column-inner \"><div class=\"wpb_wrapper\"><div class=\"ult-just-icon-wrapper  \"><div class=\"align-icon\" style=\"text-align:center;\">\n<a class=\"aio-tooltip 69e75ba9ba924\" href=\"https:\/\/www.linkedin.com\/company\/quinta-do-casal-branco\/\" target=\"_blank\" rel=\"noopener\"  data-toggle=\"tooltip\" data-placement=\"\"><div class=\"aio-icon-img \" style=\"font-size:35px;display:inline-block;\" >\n\t<img decoding=\"async\" class=\"img-icon\" alt=\"null\" src=\"https:\/\/www.casalbranco.com\/pt\/wp-content\/uploads\/2024\/12\/linkedin.png\"\/>\n<\/div><\/a><\/div><\/div><\/div><\/div><\/div><div class=\"wpb_column vc_column_container vc_col-sm-1\"><div class=\"vc_column-inner \"><div class=\"wpb_wrapper\"><div class=\"ult-just-icon-wrapper  \"><div class=\"align-icon\" style=\"text-align:center;\">\n<a class=\"aio-tooltip 69e75ba9bac2b\" href=\"https:\/\/www.tripadvisor.pt\/Attraction_Review-g2589401-d10509049-Reviews-Quinta_do_Casal_Branco-Almeirim_Santarem_District_Central_Portugal.html\" target=\"_blank\" rel=\"noopener\"  data-toggle=\"tooltip\" data-placement=\"\"><div class=\"aio-icon-img \" style=\"font-size:35px;display:inline-block;\" >\n\t<img decoding=\"async\" class=\"img-icon\" alt=\"null\" src=\"https:\/\/www.casalbranco.com\/pt\/wp-content\/uploads\/2024\/12\/social.png\"\/>\n<\/div><\/a><\/div><\/div><\/div><\/div><\/div><div class=\"wpb_column vc_column_container vc_col-sm-3\"><div class=\"vc_column-inner \"><div class=\"wpb_wrapper\"><\/div><\/div><\/div><\/div><div class=\"vc_row wpb_row vc_row-fluid\"><div class=\"wpb_column vc_column_container vc_col-sm-12\"><div class=\"vc_column-inner \"><div class=\"wpb_wrapper\"><div class=\"ult-spacer spacer-69e75ba9bb0a8\" data-id=\"69e75ba9bb0a8\" data-height=\"50\" data-height-mobile=\"50\" data-height-tab=\"50\" data-height-tab-portrait=\"\" data-height-mobile-landscape=\"\" style=\"clear:both;display:block;\"><\/div><\/div><\/div><\/div><\/div><div class=\"vc_row wpb_row vc_row-fluid\"><div class=\"wpb_column vc_column_container vc_col-sm-8\"><div class=\"vc_column-inner \"><div class=\"wpb_wrapper\"><div class=\"ult-spacer spacer-69e75ba9bb2f9\" data-id=\"69e75ba9bb2f9\" data-height=\"100\" data-height-mobile=\"100\" data-height-tab=\"100\" data-height-tab-portrait=\"\" data-height-mobile-landscape=\"\" style=\"clear:both;display:block;\"><\/div>\n\t<div class=\"wpb_text_column wpb_content_element \" >\n\t\t<div class=\"wpb_wrapper\">\n\t\t\t<p style=\"font-size: 14px; text-align: right; font-family: 'montserrat';\"><a href=\"https:\/\/www.livroreclamacoes.pt\/inicio\" target=\"_blank\" rel=\"noopener noreferrer\"><strong>Livro de Reclama\u00e7\u00f5es<\/strong><\/a>\u00a0 \u00a0<a href=\"https:\/\/www.casalbranco.com\/pt\/politica-da-qualidade\/\" target=\"_blank\" rel=\"noopener noreferrer\"><strong>Pol\u00edtica da Qualidade<\/strong><\/a> \u00a0\u00a0 <a href=\"https:\/\/www.casalbranco.com\/pt\/politica-da-privacidade\/\" target=\"_blank\" rel=\"noopener noreferrer\"><strong>Pol\u00edtica da Privacidade<\/strong><\/a><\/p>\n\n\t\t<\/div>\n\t<\/div>\n\n\t<div class=\"wpb_text_column wpb_content_element  vc_custom_1761729435989\" >\n\t\t<div class=\"wpb_wrapper\">\n\t\t\t<p style=\"font-size: 14px; text-align: right; font-family: 'montserrat';\"><a href=\"https:\/\/www.casalbranco.com\/pt\/projectos-cofinanciados-pela-ue\/\" target=\"_blank\" rel=\"noopener noreferrer\"><strong>Projectos Cofinanciados pela UE<\/strong><\/a> \u00a0\u00a0 <a href=\"https:\/\/www.casalbranco.com\/ANEXOS\/QCB_RS_2024-FINAL.pdf\" target=\"_blank\" rel=\"noopener noreferrer\"><strong>Sustentabilidade<\/strong><\/a><\/p>\n\n\t\t<\/div>\n\t<\/div>\n<\/div><\/div><\/div><div class=\"wpb_column vc_column_container vc_col-sm-4\"><div class=\"vc_column-inner \"><div class=\"wpb_wrapper\"><div class=\"ult-spacer spacer-69e75ba9bb4e0\" data-id=\"69e75ba9bb4e0\" data-height=\"75\" data-height-mobile=\"75\" data-height-tab=\"75\" data-height-tab-portrait=\"\" data-height-mobile-landscape=\"\" style=\"clear:both;display:block;\"><\/div>\n\t<div class=\"wpb_text_column wpb_content_element \" >\n\t\t<div class=\"wpb_wrapper\">\n\t\t\t<p><img loading=\"lazy\" decoding=\"async\" class=\" wp-image-12450 aligncenter\" src=\"https:\/\/www.casalbranco.com\/pt\/wp-content\/uploads\/2019\/12\/barra_cofin_FEDER-1024x165-300x48.jpg\" alt=\"\" width=\"558\" height=\"89\" srcset=\"https:\/\/www.casalbranco.com\/pt\/wp-content\/uploads\/2019\/12\/barra_cofin_FEDER-1024x165-300x48.jpg 300w, https:\/\/www.casalbranco.com\/pt\/wp-content\/uploads\/2019\/12\/barra_cofin_FEDER-1024x165-500x81.jpg 500w, https:\/\/www.casalbranco.com\/pt\/wp-content\/uploads\/2019\/12\/barra_cofin_FEDER-1024x165-768x124.jpg 768w, https:\/\/www.casalbranco.com\/pt\/wp-content\/uploads\/2019\/12\/barra_cofin_FEDER-1024x165.jpg 1024w\" sizes=\"auto, (max-width: 558px) 100vw, 558px\" \/><\/p>\n\n\t\t<\/div>\n\t<\/div>\n<\/div><\/div><\/div><\/div><div class=\"vc_row wpb_row vc_row-fluid\"><div class=\"wpb_column vc_column_container vc_col-sm-7\"><div class=\"vc_column-inner \"><div class=\"wpb_wrapper\"><\/div><\/div><\/div><div class=\"wpb_column vc_column_container vc_col-sm-1\"><div class=\"vc_column-inner \"><div class=\"wpb_wrapper\"><div class=\"ult-just-icon-wrapper  \"><div class=\"align-icon\" style=\"text-align:center;\">\n<a class=\"aio-tooltip 69e75ba9bb7a5\" href=\"https:\/\/www.festivalentrequintas.com\/\" target=\"_blank\" rel=\"noopener\"  data-toggle=\"tooltip\" data-placement=\"\"><div class=\"aio-icon-img \" style=\"font-size:200px;display:inline-block;\" >\n\t<img decoding=\"async\" class=\"img-icon\" alt=\"null\" src=\"https:\/\/www.casalbranco.com\/pt\/wp-content\/uploads\/2024\/12\/Entre-Quintas.png\"\/>\n<\/div><\/a><\/div><\/div><\/div><\/div><\/div><div class=\"wpb_column vc_column_container vc_col-sm-1\"><div class=\"vc_column-inner \"><div class=\"wpb_wrapper\"><div class=\"ult-just-icon-wrapper  \"><div class=\"align-icon\" style=\"text-align:center;\">\n<a class=\"aio-tooltip 69e75ba9bbb29\" href=\"https:\/\/www.jardinshistoricos.pt\/ad\/624\" target=\"_blank\" rel=\"noopener\"  data-toggle=\"tooltip\" data-placement=\"\"><div class=\"aio-icon-img \" style=\"font-size:200px;display:inline-block;\" >\n\t<img decoding=\"async\" class=\"img-icon\" alt=\"null\" src=\"https:\/\/www.casalbranco.com\/pt\/wp-content\/uploads\/2024\/12\/Rota-dos-Jardins-Historicos-do-Tejo.png\"\/>\n<\/div><\/a><\/div><\/div><\/div><\/div><\/div><div class=\"wpb_column vc_column_container vc_col-sm-1\"><div class=\"vc_column-inner \"><div class=\"wpb_wrapper\"><div class=\"ult-just-icon-wrapper  \"><div class=\"align-icon\" style=\"text-align:center;\">\n<div class=\"aio-icon-img \" style=\"font-size:200px;display:inline-block;\" >\n\t<img decoding=\"async\" class=\"img-icon\" alt=\"null\" src=\"https:\/\/www.casalbranco.com\/pt\/wp-content\/uploads\/2024\/12\/Rota-dos-Vinhos-do-Tejo.png\"\/>\n<\/div><\/div><\/div><\/div><\/div><\/div><div class=\"wpb_column vc_column_container vc_col-sm-1\"><div class=\"vc_column-inner \"><div class=\"wpb_wrapper\"><div class=\"ult-just-icon-wrapper  \"><div class=\"align-icon\" style=\"text-align:center;\">\n<div class=\"aio-icon-img \" style=\"font-size:200px;display:inline-block;\" >\n\t<img decoding=\"async\" class=\"img-icon\" alt=\"null\" src=\"https:\/\/www.casalbranco.com\/pt\/wp-content\/uploads\/2024\/12\/WiM_Baseline-outside_Black.png\"\/>\n<\/div><\/div><\/div><\/div><\/div><\/div><div class=\"wpb_column vc_column_container vc_col-sm-1\"><div class=\"vc_column-inner \"><div class=\"wpb_wrapper\"><div class=\"ult-just-icon-wrapper  \"><div class=\"align-icon\" style=\"text-align:center;\">\n<div class=\"aio-icon-img \" style=\"font-size:200px;display:inline-block;\" >\n\t<img decoding=\"async\" class=\"img-icon\" alt=\"null\" src=\"https:\/\/www.casalbranco.com\/pt\/wp-content\/uploads\/2024\/12\/Portugal-Sou-Eu.png\"\/>\n<\/div><\/div><\/div><\/div><\/div><\/div><\/div>\n<\/div>","protected":false},"excerpt":{"rendered":"Terra De Lobos Terra de Lobos s\u00e3o vinhos com um perfil jovem, frutado, moderno e genu\u00edno. Vinhos onde se conjuga sempre uma casta portuguesa e uma casta internacional. TOURIGA NACIONAL SYRAH FERN\u00c3O PIRES SAUVIGNON BLANC CASTEL\u00c3O CABERNET SAUVIGNON Livro de Reclama\u00e7\u00f5es\u00a0 \u00a0Pol\u00edtica da Qualidade \u00a0\u00a0 Pol\u00edtica da Privacidade Projectos Cofinanciados pela UE \u00a0\u00a0 Sustentabilidade","protected":false},"author":2,"featured_media":0,"parent":7896,"menu_order":0,"comment_status":"closed","ping_status":"closed","template":"","meta":{"footnotes":""},"class_list":["post-14516","page","type-page","status-publish","hentry"],"_links":{"self":[{"href":"https:\/\/www.casalbranco.com\/pt\/wp-json\/wp\/v2\/pages\/14516","targetHints":{"allow":["GET"]}}],"collection":[{"href":"https:\/\/www.casalbranco.com\/pt\/wp-json\/wp\/v2\/pages"}],"about":[{"href":"https:\/\/www.casalbranco.com\/pt\/wp-json\/wp\/v2\/types\/page"}],"author":[{"embeddable":true,"href":"https:\/\/www.casalbranco.com\/pt\/wp-json\/wp\/v2\/users\/2"}],"replies":[{"embeddable":true,"href":"https:\/\/www.casalbranco.com\/pt\/wp-json\/wp\/v2\/comments?post=14516"}],"version-history":[{"count":12,"href":"https:\/\/www.casalbranco.com\/pt\/wp-json\/wp\/v2\/pages\/14516\/revisions"}],"predecessor-version":[{"id":15127,"href":"https:\/\/www.casalbranco.com\/pt\/wp-json\/wp\/v2\/pages\/14516\/revisions\/15127"}],"up":[{"embeddable":true,"href":"https:\/\/www.casalbranco.com\/pt\/wp-json\/wp\/v2\/pages\/7896"}],"wp:attachment":[{"href":"https:\/\/www.casalbranco.com\/pt\/wp-json\/wp\/v2\/media?parent=14516"}],"curies":[{"name":"wp","href":"https:\/\/api.w.org\/{rel}","templated":true}]}}