{"id":14556,"date":"2024-12-17T08:56:55","date_gmt":"2024-12-17T08:56:55","guid":{"rendered":"https:\/\/www.casalbranco.com\/pt\/?page_id=14556"},"modified":"2025-10-28T18:01:56","modified_gmt":"2025-10-28T18:01:56","slug":"sustentabilidade","status":"publish","type":"page","link":"https:\/\/www.casalbranco.com\/pt\/sustentabilidade\/","title":{"rendered":"Sustentabilidade"},"content":{"rendered":"<div class=\"wpb-content-wrapper\"><div class=\"vc_row wpb_row vc_row-fluid\"><div class=\"wpb_column vc_column_container vc_col-sm-12\"><div class=\"vc_column-inner \"><div class=\"wpb_wrapper\"><h2 class=\"align left\">Sustentabilidade<\/h2><div class=\"vc_empty_space\"   style=\"height: 32px\"><span class=\"vc_empty_space_inner\"><\/span><\/div>\n\t<div class=\"wpb_text_column wpb_content_element  align left\" >\n\t\t<div class=\"wpb_wrapper\">\n\t\t\t<p><span style=\"font-weight: 100; font-size: 16px; color: #000000; font-family: 'montserrat';\">O Referencial Nacional de Sustentabilidade do Setor Vitivin\u00edcola, desenvolvido pela VINIPORTUGAL, representa um compromisso dos produtores nacionais com a produ\u00e7\u00e3o sustent\u00e1vel. Baseado em auditorias realizadas por entidades acreditadas, avalia a gest\u00e3o sustent\u00e1vel das organiza\u00e7\u00f5es atrav\u00e9s de 86 indicadores, distribu\u00eddos pelos dom\u00ednios ambiental, social e econ\u00f3mico. Este referencial destaca-se pela abrang\u00eancia, transpar\u00eancia e credibilidade, garantindo a qualidade e a confiabilidade dos vinhos portugueses nos mercados internacionais.<\/span><\/p>\n<p><span style=\"font-weight: 100; font-size: 16px; color: #000000; font-family: 'montserrat';\">Segundo Jos\u00e9 Lobo Vasconcelos, propriet\u00e1rio da Quinta do Casal Branco, este reconhecimento reflete o compromisso da quinta com o futuro: &#8220;<em>Temos a miss\u00e3o de deixar um legado, por isso assumimos a lideran\u00e7a na sustentabilidade. Queremos continuar a ser uma refer\u00eancia na produ\u00e7\u00e3o de vinhos de qualidade. O futuro depende de n\u00f3s e das a\u00e7\u00f5es que hoje praticamos.<\/em>&#8220;<\/span><\/p>\n\n\t\t<\/div>\n\t<\/div>\n<div class=\"ult-content-box-container \" >\t\t<div class=\"ult-content-box\" style=\"background-color:#ffffff;box-shadow: px px px px none;min-height:100px;-webkit-transition: all 700ms ease;-moz-transition: all 700ms ease;-ms-transition: all 700ms ease;-o-transition: all 700ms ease;transition: all 700ms ease;\"  data-hover_box_shadow=\"none\"     data-bg=\"#ffffff\" >\n\t<div class=\"wpb_text_column wpb_content_element \" >\n\t\t<div class=\"wpb_wrapper\">\n\t\t\t<p><span style=\"font-weight: 100; font-size: 16px; color: #000000; font-family: 'montserrat';\">Foram implementadas v\u00e1rias estrat\u00e9gias inovadoras que refletem o compromisso com a sustentabilidade. Entre as pr\u00e1ticas adotadas, destacam-se:<\/span><\/p>\n\n\t\t<\/div>\n\t<\/div>\n<div id=\"ult-carousel-169487580669e21cbea80ff\" class=\"ult-carousel-wrapper   ult_horizontal\" data-gutter=\"15\" data-rtl=\"false\" ><div class=\"ult-carousel-241987939169e21cbea7f92 \" ><div class=\"ult-item-wrap\" data-animation=\"animated no-animation\">\n\t<div class=\"wpb_text_column wpb_content_element  vc_custom_1735248609213\" >\n\t\t<div class=\"wpb_wrapper\">\n\t\t\t<p><span style=\"font-weight: 100; font-size: 16px; color: #000000; font-family: 'montserrat';\">Reaproveitamento de subprodutos agr\u00edcolas: Compostagem de enga\u00e7os, lenha de poda e folhas, utilizados como adubo org\u00e2nico;<\/span><\/p>\n\n\t\t<\/div>\n\t<\/div>\n<\/div><div class=\"ult-item-wrap\" data-animation=\"animated no-animation\">\n\t<div class=\"wpb_text_column wpb_content_element  vc_custom_1735248761879\" >\n\t\t<div class=\"wpb_wrapper\">\n\t\t\t<p><span style=\"font-weight: 100; font-size: 16px; color: #000000; font-family: 'montserrat';\">Promo\u00e7\u00e3o da biodiversidade: Cria\u00e7\u00e3o de abrigos na vinha e incentivo \u00e0s condi\u00e7\u00f5es de nidifica\u00e7\u00e3o;<\/span><\/p>\n\n\t\t<\/div>\n\t<\/div>\n<\/div><div class=\"ult-item-wrap\" data-animation=\"animated no-animation\">\n\t<div class=\"wpb_text_column wpb_content_element  vc_custom_1735248829240\" >\n\t\t<div class=\"wpb_wrapper\">\n\t\t\t<p><span style=\"font-weight: 100; font-size: 16px; color: #000000; font-family: 'montserrat';\">Utiliza\u00e7\u00e3o de fontes de energia renov\u00e1vel;<\/span><\/p>\n\n\t\t<\/div>\n\t<\/div>\n<\/div><div class=\"ult-item-wrap\" data-animation=\"animated no-animation\">\n\t<div class=\"wpb_text_column wpb_content_element  vc_custom_1735248865455\" >\n\t\t<div class=\"wpb_wrapper\">\n\t\t\t<p><span style=\"font-weight: 100; font-size: 16px; color: #000000; font-family: 'montserrat';\">Gest\u00e3o eficiente dos recursos h\u00eddricos;<\/span><\/p>\n\n\t\t<\/div>\n\t<\/div>\n<\/div><div class=\"ult-item-wrap\" data-animation=\"animated no-animation\">\n\t<div class=\"wpb_text_column wpb_content_element  vc_custom_1735248685673\" >\n\t\t<div class=\"wpb_wrapper\">\n\t\t\t<p><span style=\"font-weight: 100; font-size: 16px; color: #000000; font-family: 'montserrat';\">Redu\u00e7\u00e3o da pegada de carbono: Uso de garrafas mais leves e com maior percentagem de vidro reciclado;<\/span><\/p>\n\n\t\t<\/div>\n\t<\/div>\n<\/div><div class=\"ult-item-wrap\" data-animation=\"animated no-animation\">\n\t<div class=\"wpb_text_column wpb_content_element  vc_custom_1735248698123\" >\n\t\t<div class=\"wpb_wrapper\">\n\t\t\t<p><span style=\"font-weight: 100; font-size: 16px; color: #000000; font-family: 'montserrat';\">Valoriza\u00e7\u00e3o cultural regional: Organiza\u00e7\u00e3o de eventos como o Festival de M\u00fasica Entre Quintas.<\/span><\/p>\n\n\t\t<\/div>\n\t<\/div>\n<\/div><\/div><\/div>\t\t\t<script type=\"text\/javascript\">\n\t\t\t\tjQuery(document).ready(function ($) {\n\t\t\t\t\tif( typeof jQuery('.ult-carousel-241987939169e21cbea7f92').slick == \"function\"){\n\t\t\t\t\t\t$('.ult-carousel-241987939169e21cbea7f92').slick({dots: true,autoplaySpeed: \"5000\",speed: \"300\",infinite: false,arrows: true,nextArrow: '<button type=\"button\" role=\"button\" aria-label=\"Next\" style=\"color:#333333; font-size:20px;background:;\" class=\"slick-next circle-bg\"><i class=\"ultsl-arrow-right4\"><\/i><\/button>',prevArrow: '<button type=\"button\" role=\"button\" aria-label=\"Previous\" style=\"color:#333333; font-size:20px;background:;\" class=\"slick-prev circle-bg\"><i class=\"ultsl-arrow-left4\"><\/i><\/button>',slidesToScroll:3,slidesToShow:3,swipe: true,draggable: true,touchMove: true,pauseOnHover: true,pauseOnFocus: false,responsive: [\n\t\t\t\t\t\t\t{\n\t\t\t\t\t\t\t  breakpoint: 1026,\n\t\t\t\t\t\t\t  settings: {\n\t\t\t\t\t\t\t\tslidesToShow: 3,\n\t\t\t\t\t\t\t\tslidesToScroll: 3,  \n\t\t\t\t\t\t\t  }\n\t\t\t\t\t\t\t},\n\t\t\t\t\t\t\t{\n\t\t\t\t\t\t\t  breakpoint: 1025,\n\t\t\t\t\t\t\t  settings: {\n\t\t\t\t\t\t\t\tslidesToShow: 3,\n\t\t\t\t\t\t\t\tslidesToScroll: 3\n\t\t\t\t\t\t\t  }\n\t\t\t\t\t\t\t},\n\t\t\t\t\t\t\t{\n\t\t\t\t\t\t\t  breakpoint: 760,\n\t\t\t\t\t\t\t  settings: {\n\t\t\t\t\t\t\t\tslidesToShow: 2,\n\t\t\t\t\t\t\t\tslidesToScroll: 2\n\t\t\t\t\t\t\t  }\n\t\t\t\t\t\t\t}\n\t\t\t\t\t\t],pauseOnDotsHover: true,customPaging: function(slider, i) {\n                   return '<i type=\"button\" style= \"color:#b7b7b7;\" class=\"ultsl-radio-unchecked\" data-role=\"none\"><\/i>';\n                },});\n\t\t\t\t\t}\n\t\t\t\t});\n\t\t\t<\/script>\n\t\t\t\t\t<\/div><\/div><div class=\"vc_empty_space\"   style=\"height: 15px\"><span class=\"vc_empty_space_inner\"><\/span><\/div>\n\t<div class=\"wpb_text_column wpb_content_element \" >\n\t\t<div class=\"wpb_wrapper\">\n\t\t\t<p><span style=\"font-weight: 100; font-size: 16px; color: #000000; font-family: 'montserrat';\">A Quinta do Casal Branco demonstra que, com dedica\u00e7\u00e3o e inova\u00e7\u00e3o, \u00e9 poss\u00edvel alinhar tradi\u00e7\u00e3o, qualidade e respeito pelo ambiente, contribuindo para um futuro mais sustent\u00e1vel no setor vitivin\u00edcola.<\/span><\/p>\n\n\t\t<\/div>\n\t<\/div>\n<div class=\"wpb_images_carousel wpb_content_element vc_clearfix wpb_content_element\"><div class=\"wpb_wrapper\"><div id=\"vc_images-carousel-1-1776426174\" data-ride=\"vc_carousel\" data-wrap=\"true\" style=\"width: 100%;\" data-interval=\"2000\" data-auto-height=\"yes\" data-mode=\"horizontal\" data-partial=\"false\" data-per-view=\"4\" data-hide-on-end=\"false\" class=\"vc_slide vc_images_carousel\"><ol class=\"vc_carousel-indicators\"><li data-target=\"#vc_images-carousel-1-1776426174\" data-slide-to=\"0\"><\/li><li data-target=\"#vc_images-carousel-1-1776426174\" data-slide-to=\"1\"><\/li><li data-target=\"#vc_images-carousel-1-1776426174\" data-slide-to=\"2\"><\/li><li data-target=\"#vc_images-carousel-1-1776426174\" data-slide-to=\"3\"><\/li><\/ol><div class=\"vc_carousel-inner\"><div class=\"vc_carousel-slideline\"><div class=\"vc_carousel-slideline-inner\"><div class=\"vc_item\"><div class=\"vc_inner\"><a class=\"\" href=\"https:\/\/www.casalbranco.com\/pt\/wp-content\/uploads\/2024\/12\/Sustentabilidade_1-1024x683.jpg\" data-lightbox=\"lightbox[rel-14556-2824793306]\"><img loading=\"lazy\" decoding=\"async\" width=\"2560\" height=\"1707\" src=\"https:\/\/www.casalbranco.com\/pt\/wp-content\/uploads\/2024\/12\/Sustentabilidade_1-scaled.jpg\" class=\"attachment-full\" alt=\"\" title=\"Sustentabilidade_1\" srcset=\"https:\/\/www.casalbranco.com\/pt\/wp-content\/uploads\/2024\/12\/Sustentabilidade_1-scaled.jpg 2560w, https:\/\/www.casalbranco.com\/pt\/wp-content\/uploads\/2024\/12\/Sustentabilidade_1-300x200.jpg 300w, https:\/\/www.casalbranco.com\/pt\/wp-content\/uploads\/2024\/12\/Sustentabilidade_1-1024x683.jpg 1024w, https:\/\/www.casalbranco.com\/pt\/wp-content\/uploads\/2024\/12\/Sustentabilidade_1-768x512.jpg 768w, https:\/\/www.casalbranco.com\/pt\/wp-content\/uploads\/2024\/12\/Sustentabilidade_1-1536x1024.jpg 1536w, https:\/\/www.casalbranco.com\/pt\/wp-content\/uploads\/2024\/12\/Sustentabilidade_1-2048x1365.jpg 2048w, https:\/\/www.casalbranco.com\/pt\/wp-content\/uploads\/2024\/12\/Sustentabilidade_1-18x12.jpg 18w, https:\/\/www.casalbranco.com\/pt\/wp-content\/uploads\/2024\/12\/Sustentabilidade_1-500x333.jpg 500w\" sizes=\"auto, (max-width: 2560px) 100vw, 2560px\" \/><\/a><\/div><\/div><div class=\"vc_item\"><div class=\"vc_inner\"><a class=\"\" href=\"https:\/\/www.casalbranco.com\/pt\/wp-content\/uploads\/2024\/12\/Sustentabilidade_2-1024x683.jpg\" data-lightbox=\"lightbox[rel-14556-2824793306]\"><img loading=\"lazy\" decoding=\"async\" width=\"2560\" height=\"1707\" src=\"https:\/\/www.casalbranco.com\/pt\/wp-content\/uploads\/2024\/12\/Sustentabilidade_2-scaled.jpg\" class=\"attachment-full\" alt=\"\" title=\"Sustentabilidade_2\" srcset=\"https:\/\/www.casalbranco.com\/pt\/wp-content\/uploads\/2024\/12\/Sustentabilidade_2-scaled.jpg 2560w, https:\/\/www.casalbranco.com\/pt\/wp-content\/uploads\/2024\/12\/Sustentabilidade_2-300x200.jpg 300w, https:\/\/www.casalbranco.com\/pt\/wp-content\/uploads\/2024\/12\/Sustentabilidade_2-1024x683.jpg 1024w, https:\/\/www.casalbranco.com\/pt\/wp-content\/uploads\/2024\/12\/Sustentabilidade_2-768x512.jpg 768w, https:\/\/www.casalbranco.com\/pt\/wp-content\/uploads\/2024\/12\/Sustentabilidade_2-1536x1024.jpg 1536w, https:\/\/www.casalbranco.com\/pt\/wp-content\/uploads\/2024\/12\/Sustentabilidade_2-2048x1365.jpg 2048w, https:\/\/www.casalbranco.com\/pt\/wp-content\/uploads\/2024\/12\/Sustentabilidade_2-18x12.jpg 18w, https:\/\/www.casalbranco.com\/pt\/wp-content\/uploads\/2024\/12\/Sustentabilidade_2-500x333.jpg 500w\" sizes=\"auto, (max-width: 2560px) 100vw, 2560px\" \/><\/a><\/div><\/div><div class=\"vc_item\"><div class=\"vc_inner\"><a class=\"\" href=\"https:\/\/www.casalbranco.com\/pt\/wp-content\/uploads\/2024\/12\/Sustentabilidade-1-1024x682.jpg\" data-lightbox=\"lightbox[rel-14556-2824793306]\"><img loading=\"lazy\" decoding=\"async\" width=\"1600\" height=\"1066\" src=\"https:\/\/www.casalbranco.com\/pt\/wp-content\/uploads\/2024\/12\/Sustentabilidade-1.jpg\" class=\"attachment-full\" alt=\"\" title=\"Sustentabilidade\" srcset=\"https:\/\/www.casalbranco.com\/pt\/wp-content\/uploads\/2024\/12\/Sustentabilidade-1.jpg 1600w, https:\/\/www.casalbranco.com\/pt\/wp-content\/uploads\/2024\/12\/Sustentabilidade-1-300x200.jpg 300w, https:\/\/www.casalbranco.com\/pt\/wp-content\/uploads\/2024\/12\/Sustentabilidade-1-1024x682.jpg 1024w, https:\/\/www.casalbranco.com\/pt\/wp-content\/uploads\/2024\/12\/Sustentabilidade-1-768x512.jpg 768w, https:\/\/www.casalbranco.com\/pt\/wp-content\/uploads\/2024\/12\/Sustentabilidade-1-1536x1023.jpg 1536w, https:\/\/www.casalbranco.com\/pt\/wp-content\/uploads\/2024\/12\/Sustentabilidade-1-18x12.jpg 18w, https:\/\/www.casalbranco.com\/pt\/wp-content\/uploads\/2024\/12\/Sustentabilidade-1-500x333.jpg 500w\" sizes=\"auto, (max-width: 1600px) 100vw, 1600px\" \/><\/a><\/div><\/div><div class=\"vc_item\"><div class=\"vc_inner\"><a class=\"\" href=\"https:\/\/www.casalbranco.com\/pt\/wp-content\/uploads\/2024\/12\/DSC0712-1024x683.jpg\" data-lightbox=\"lightbox[rel-14556-2824793306]\"><img loading=\"lazy\" decoding=\"async\" width=\"2560\" height=\"1707\" src=\"https:\/\/www.casalbranco.com\/pt\/wp-content\/uploads\/2024\/12\/DSC0712-scaled.jpg\" class=\"attachment-full\" alt=\"\" title=\"_DSC0712\" srcset=\"https:\/\/www.casalbranco.com\/pt\/wp-content\/uploads\/2024\/12\/DSC0712-scaled.jpg 2560w, https:\/\/www.casalbranco.com\/pt\/wp-content\/uploads\/2024\/12\/DSC0712-300x200.jpg 300w, https:\/\/www.casalbranco.com\/pt\/wp-content\/uploads\/2024\/12\/DSC0712-1024x683.jpg 1024w, https:\/\/www.casalbranco.com\/pt\/wp-content\/uploads\/2024\/12\/DSC0712-768x512.jpg 768w, https:\/\/www.casalbranco.com\/pt\/wp-content\/uploads\/2024\/12\/DSC0712-1536x1024.jpg 1536w, https:\/\/www.casalbranco.com\/pt\/wp-content\/uploads\/2024\/12\/DSC0712-2048x1365.jpg 2048w, https:\/\/www.casalbranco.com\/pt\/wp-content\/uploads\/2024\/12\/DSC0712-18x12.jpg 18w, https:\/\/www.casalbranco.com\/pt\/wp-content\/uploads\/2024\/12\/DSC0712-500x333.jpg 500w\" sizes=\"auto, (max-width: 2560px) 100vw, 2560px\" \/><\/a><\/div><\/div><\/div><\/div><\/div><a class=\"vc_left vc_carousel-control\" href=\"#vc_images-carousel-1-1776426174\" data-slide=\"prev\"><span class=\"icon-prev\"><\/span><\/a><a class=\"vc_right vc_carousel-control\" href=\"#vc_images-carousel-1-1776426174\" data-slide=\"next\"><span class=\"icon-next\"><\/span><\/a><\/div><\/div><\/div><div class=\" ubtn-ctn-center \"><a class=\"ubtn-link ult-adjust-bottom-margin ubtn-center ubtn-normal \" href=\"https:\/\/www.casalbranco.com\/ANEXOS\/QCB_RS_2024-FINAL.pdf\" target=\"_blank\" rel=\"noopener\" ><button type=\"button\" id=\"ubtn-3399\"  class=\"ubtn ult-adjust-bottom-margin ult-responsive ubtn-normal ubtn-no-hover-bg  none  ubtn-center   tooltip-69e21cbea9ba2\"  data-hover=\"\" data-border-color=\"\" data-bg=\"#a53e4c\" data-hover-bg=\"\" data-border-hover=\"\" data-shadow-hover=\"\" data-shadow-click=\"none\" data-shadow=\"\" data-shd-shadow=\"\"  data-ultimate-target='#ubtn-3399'  data-responsive-json-new='{\"font-size\":\"\",\"line-height\":\"\"}'  style=\"font-weight:normal;border:none;background: #a53e4c;color: #ffffff;\"><span class=\"ubtn-hover\" style=\"background-color:\"><\/span><span class=\"ubtn-data ubtn-text \" >Ver Relat\u00f3rio de Sustentabilidade<\/span><\/button><\/a><\/div><\/div><\/div><\/div><\/div><div class=\"vc_row wpb_row vc_row-fluid\"><div class=\"wpb_column vc_column_container vc_col-sm-12\"><div class=\"vc_column-inner \"><div class=\"wpb_wrapper\"><div class=\"ult-spacer spacer-69e21cbeaa109\" data-id=\"69e21cbeaa109\" data-height=\"70\" data-height-mobile=\"70\" data-height-tab=\"70\" data-height-tab-portrait=\"\" data-height-mobile-landscape=\"\" style=\"clear:both;display:block;\"><\/div><\/div><\/div><\/div><\/div><div class=\"vc_row wpb_row vc_row-fluid\"><div class=\"wpb_column vc_column_container vc_col-sm-4\"><div class=\"vc_column-inner \"><div class=\"wpb_wrapper\"><\/div><\/div><\/div><div class=\"wpb_column vc_column_container vc_col-sm-1\"><div class=\"vc_column-inner \"><div class=\"wpb_wrapper\"><div class=\"ult-just-icon-wrapper  \"><div class=\"align-icon\" style=\"text-align:center;\">\n<a class=\"aio-tooltip 69e21cbeaa343\" href=\"https:\/\/www.facebook.com\/quintadocasalbranco\/\" target=\"_blank\" rel=\"noopener\"  data-toggle=\"tooltip\" data-placement=\"\"><div class=\"aio-icon-img \" style=\"font-size:35px;display:inline-block;\" >\n\t<img decoding=\"async\" class=\"img-icon\" alt=\"null\" src=\"https:\/\/www.casalbranco.com\/pt\/wp-content\/uploads\/2024\/12\/facebook.png\"\/>\n<\/div><\/a><\/div><\/div><\/div><\/div><\/div><div class=\"wpb_column vc_column_container vc_col-sm-1\"><div class=\"vc_column-inner \"><div class=\"wpb_wrapper\"><div class=\"ult-just-icon-wrapper  \"><div class=\"align-icon\" style=\"text-align:center;\">\n<a class=\"aio-tooltip 69e21cbeaa6ce\" href=\"https:\/\/www.instagram.com\/quintadocasalbranco\/\" target=\"_blank\" rel=\"noopener\"  data-toggle=\"tooltip\" data-placement=\"\"><div class=\"aio-icon-img \" style=\"font-size:35px;display:inline-block;\" >\n\t<img decoding=\"async\" class=\"img-icon\" alt=\"null\" src=\"https:\/\/www.casalbranco.com\/pt\/wp-content\/uploads\/2024\/12\/instagram.png\"\/>\n<\/div><\/a><\/div><\/div><\/div><\/div><\/div><div class=\"wpb_column vc_column_container vc_col-sm-1\"><div class=\"vc_column-inner \"><div class=\"wpb_wrapper\"><div class=\"ult-just-icon-wrapper  \"><div class=\"align-icon\" style=\"text-align:center;\">\n<a class=\"aio-tooltip 69e21cbeaaa45\" href=\"https:\/\/www.linkedin.com\/company\/quinta-do-casal-branco\/\" target=\"_blank\" rel=\"noopener\"  data-toggle=\"tooltip\" data-placement=\"\"><div class=\"aio-icon-img \" style=\"font-size:35px;display:inline-block;\" >\n\t<img decoding=\"async\" class=\"img-icon\" alt=\"null\" src=\"https:\/\/www.casalbranco.com\/pt\/wp-content\/uploads\/2024\/12\/linkedin.png\"\/>\n<\/div><\/a><\/div><\/div><\/div><\/div><\/div><div class=\"wpb_column vc_column_container vc_col-sm-1\"><div class=\"vc_column-inner \"><div class=\"wpb_wrapper\"><div class=\"ult-just-icon-wrapper  \"><div class=\"align-icon\" style=\"text-align:center;\">\n<a class=\"aio-tooltip 69e21cbeaadc0\" href=\"https:\/\/www.tripadvisor.pt\/Attraction_Review-g2589401-d10509049-Reviews-Quinta_do_Casal_Branco-Almeirim_Santarem_District_Central_Portugal.html\" target=\"_blank\" rel=\"noopener\"  data-toggle=\"tooltip\" data-placement=\"\"><div class=\"aio-icon-img \" style=\"font-size:35px;display:inline-block;\" >\n\t<img decoding=\"async\" class=\"img-icon\" alt=\"null\" src=\"https:\/\/www.casalbranco.com\/pt\/wp-content\/uploads\/2024\/12\/social.png\"\/>\n<\/div><\/a><\/div><\/div><\/div><\/div><\/div><div class=\"wpb_column vc_column_container vc_col-sm-3\"><div class=\"vc_column-inner \"><div class=\"wpb_wrapper\"><\/div><\/div><\/div><\/div><div class=\"vc_row wpb_row vc_row-fluid\"><div class=\"wpb_column vc_column_container vc_col-sm-12\"><div class=\"vc_column-inner \"><div class=\"wpb_wrapper\"><div class=\"ult-spacer spacer-69e21cbeab31b\" data-id=\"69e21cbeab31b\" data-height=\"50\" data-height-mobile=\"50\" data-height-tab=\"50\" data-height-tab-portrait=\"\" data-height-mobile-landscape=\"\" style=\"clear:both;display:block;\"><\/div><\/div><\/div><\/div><\/div><div class=\"vc_row wpb_row vc_row-fluid\"><div class=\"wpb_column vc_column_container vc_col-sm-8\"><div class=\"vc_column-inner \"><div class=\"wpb_wrapper\"><div class=\"ult-spacer spacer-69e21cbeab519\" data-id=\"69e21cbeab519\" data-height=\"100\" data-height-mobile=\"100\" data-height-tab=\"100\" data-height-tab-portrait=\"\" data-height-mobile-landscape=\"\" style=\"clear:both;display:block;\"><\/div>\n\t<div class=\"wpb_text_column wpb_content_element \" >\n\t\t<div class=\"wpb_wrapper\">\n\t\t\t<p style=\"font-size: 14px; text-align: right; font-family: 'montserrat';\"><a href=\"https:\/\/www.livroreclamacoes.pt\/inicio\" target=\"_blank\" rel=\"noopener noreferrer\"><strong>Livro de Reclama\u00e7\u00f5es<\/strong><\/a>\u00a0 \u00a0<a href=\"https:\/\/www.casalbranco.com\/pt\/politica-da-qualidade\/\" target=\"_blank\" rel=\"noopener noreferrer\"><strong>Pol\u00edtica da Qualidade<\/strong><\/a> \u00a0\u00a0 <a href=\"https:\/\/www.casalbranco.com\/pt\/politica-da-privacidade\/\" target=\"_blank\" rel=\"noopener noreferrer\"><strong>Pol\u00edtica da Privacidade<\/strong><\/a><\/p>\n\n\t\t<\/div>\n\t<\/div>\n\n\t<div class=\"wpb_text_column wpb_content_element  vc_custom_1761674517127\" >\n\t\t<div class=\"wpb_wrapper\">\n\t\t\t<p style=\"font-size: 14px; text-align: right; font-family: 'montserrat';\"><a href=\"https:\/\/www.casalbranco.com\/pt\/projectos-cofinanciados-pela-ue\/\" target=\"_blank\" rel=\"noopener noreferrer\"><strong>Projectos Cofinanciados pela UE<\/strong><\/a> \u00a0\u00a0 <a href=\"https:\/\/www.casalbranco.com\/ANEXOS\/QCB_RS_2024-FINAL.pdf\" target=\"_blank\" rel=\"noopener noreferrer\"><strong>Sustentabilidade<\/strong><\/a><\/p>\n\n\t\t<\/div>\n\t<\/div>\n<\/div><\/div><\/div><div class=\"wpb_column vc_column_container vc_col-sm-4\"><div class=\"vc_column-inner \"><div class=\"wpb_wrapper\"><div class=\"ult-spacer spacer-69e21cbeab71a\" data-id=\"69e21cbeab71a\" data-height=\"75\" data-height-mobile=\"75\" data-height-tab=\"75\" data-height-tab-portrait=\"\" data-height-mobile-landscape=\"\" style=\"clear:both;display:block;\"><\/div>\n\t<div class=\"wpb_text_column wpb_content_element \" >\n\t\t<div class=\"wpb_wrapper\">\n\t\t\t<p><img loading=\"lazy\" decoding=\"async\" class=\" wp-image-12450 aligncenter\" src=\"https:\/\/www.casalbranco.com\/pt\/wp-content\/uploads\/2019\/12\/barra_cofin_FEDER-1024x165-300x48.jpg\" alt=\"\" width=\"558\" height=\"89\" srcset=\"https:\/\/www.casalbranco.com\/pt\/wp-content\/uploads\/2019\/12\/barra_cofin_FEDER-1024x165-300x48.jpg 300w, https:\/\/www.casalbranco.com\/pt\/wp-content\/uploads\/2019\/12\/barra_cofin_FEDER-1024x165-500x81.jpg 500w, https:\/\/www.casalbranco.com\/pt\/wp-content\/uploads\/2019\/12\/barra_cofin_FEDER-1024x165-768x124.jpg 768w, https:\/\/www.casalbranco.com\/pt\/wp-content\/uploads\/2019\/12\/barra_cofin_FEDER-1024x165.jpg 1024w\" sizes=\"auto, (max-width: 558px) 100vw, 558px\" \/><\/p>\n\n\t\t<\/div>\n\t<\/div>\n<\/div><\/div><\/div><\/div><div class=\"vc_row wpb_row vc_row-fluid\"><div class=\"wpb_column vc_column_container vc_col-sm-7\"><div class=\"vc_column-inner \"><div class=\"wpb_wrapper\"><\/div><\/div><\/div><div class=\"wpb_column vc_column_container vc_col-sm-1\"><div class=\"vc_column-inner \"><div class=\"wpb_wrapper\"><div class=\"ult-just-icon-wrapper  \"><div class=\"align-icon\" style=\"text-align:center;\">\n<a class=\"aio-tooltip 69e21cbeaba1c\" href=\"https:\/\/www.festivalentrequintas.com\/\" target=\"_blank\" rel=\"noopener\"  data-toggle=\"tooltip\" data-placement=\"\"><div class=\"aio-icon-img \" style=\"font-size:200px;display:inline-block;\" >\n\t<img decoding=\"async\" class=\"img-icon\" alt=\"null\" src=\"https:\/\/www.casalbranco.com\/pt\/wp-content\/uploads\/2024\/12\/Entre-Quintas.png\"\/>\n<\/div><\/a><\/div><\/div><\/div><\/div><\/div><div class=\"wpb_column vc_column_container vc_col-sm-1\"><div class=\"vc_column-inner \"><div class=\"wpb_wrapper\"><div class=\"ult-just-icon-wrapper  \"><div class=\"align-icon\" style=\"text-align:center;\">\n<a class=\"aio-tooltip 69e21cbeabd6a\" href=\"https:\/\/www.jardinshistoricos.pt\/ad\/624\" target=\"_blank\" rel=\"noopener\"  data-toggle=\"tooltip\" data-placement=\"\"><div class=\"aio-icon-img \" style=\"font-size:200px;display:inline-block;\" >\n\t<img decoding=\"async\" class=\"img-icon\" alt=\"null\" src=\"https:\/\/www.casalbranco.com\/pt\/wp-content\/uploads\/2024\/12\/Rota-dos-Jardins-Historicos-do-Tejo.png\"\/>\n<\/div><\/a><\/div><\/div><\/div><\/div><\/div><div class=\"wpb_column vc_column_container vc_col-sm-1\"><div class=\"vc_column-inner \"><div class=\"wpb_wrapper\"><div class=\"ult-just-icon-wrapper  \"><div class=\"align-icon\" style=\"text-align:center;\">\n<div class=\"aio-icon-img \" style=\"font-size:200px;display:inline-block;\" >\n\t<img decoding=\"async\" class=\"img-icon\" alt=\"null\" src=\"https:\/\/www.casalbranco.com\/pt\/wp-content\/uploads\/2024\/12\/Rota-dos-Vinhos-do-Tejo.png\"\/>\n<\/div><\/div><\/div><\/div><\/div><\/div><div class=\"wpb_column vc_column_container vc_col-sm-1\"><div class=\"vc_column-inner \"><div class=\"wpb_wrapper\"><div class=\"ult-just-icon-wrapper  \"><div class=\"align-icon\" style=\"text-align:center;\">\n<div class=\"aio-icon-img \" style=\"font-size:200px;display:inline-block;\" >\n\t<img decoding=\"async\" class=\"img-icon\" alt=\"null\" src=\"https:\/\/www.casalbranco.com\/pt\/wp-content\/uploads\/2024\/12\/WiM_Baseline-outside_Black.png\"\/>\n<\/div><\/div><\/div><\/div><\/div><\/div><div class=\"wpb_column vc_column_container vc_col-sm-1\"><div class=\"vc_column-inner \"><div class=\"wpb_wrapper\"><div class=\"ult-just-icon-wrapper  \"><div class=\"align-icon\" style=\"text-align:center;\">\n<div class=\"aio-icon-img \" style=\"font-size:200px;display:inline-block;\" >\n\t<img decoding=\"async\" class=\"img-icon\" alt=\"null\" src=\"https:\/\/www.casalbranco.com\/pt\/wp-content\/uploads\/2024\/12\/Portugal-Sou-Eu.png\"\/>\n<\/div><\/div><\/div><\/div><\/div><\/div><\/div>\n<\/div>","protected":false},"excerpt":{"rendered":"Sustentabilidade O Referencial Nacional de Sustentabilidade do Setor Vitivin\u00edcola, desenvolvido pela VINIPORTUGAL, representa um compromisso dos produtores nacionais com a produ\u00e7\u00e3o sustent\u00e1vel. Baseado em auditorias realizadas por entidades acreditadas, avalia a gest\u00e3o sustent\u00e1vel das organiza\u00e7\u00f5es atrav\u00e9s de 86 indicadores, distribu\u00eddos pelos dom\u00ednios ambiental, social e econ\u00f3mico. Este referencial destaca-se pela abrang\u00eancia, transpar\u00eancia e credibilidade, garantindo [...]","protected":false},"author":2,"featured_media":0,"parent":0,"menu_order":0,"comment_status":"closed","ping_status":"closed","template":"","meta":{"footnotes":""},"class_list":["post-14556","page","type-page","status-publish","hentry"],"_links":{"self":[{"href":"https:\/\/www.casalbranco.com\/pt\/wp-json\/wp\/v2\/pages\/14556","targetHints":{"allow":["GET"]}}],"collection":[{"href":"https:\/\/www.casalbranco.com\/pt\/wp-json\/wp\/v2\/pages"}],"about":[{"href":"https:\/\/www.casalbranco.com\/pt\/wp-json\/wp\/v2\/types\/page"}],"author":[{"embeddable":true,"href":"https:\/\/www.casalbranco.com\/pt\/wp-json\/wp\/v2\/users\/2"}],"replies":[{"embeddable":true,"href":"https:\/\/www.casalbranco.com\/pt\/wp-json\/wp\/v2\/comments?post=14556"}],"version-history":[{"count":15,"href":"https:\/\/www.casalbranco.com\/pt\/wp-json\/wp\/v2\/pages\/14556\/revisions"}],"predecessor-version":[{"id":15123,"href":"https:\/\/www.casalbranco.com\/pt\/wp-json\/wp\/v2\/pages\/14556\/revisions\/15123"}],"wp:attachment":[{"href":"https:\/\/www.casalbranco.com\/pt\/wp-json\/wp\/v2\/media?parent=14556"}],"curies":[{"name":"wp","href":"https:\/\/api.w.org\/{rel}","templated":true}]}}