{"id":10499,"date":"2018-08-27T08:45:52","date_gmt":"2018-08-27T08:45:52","guid":{"rendered":"http:\/\/www.casalbranco.com\/SITE\/?post_type=product&#038;p=10499"},"modified":"2025-10-29T10:27:15","modified_gmt":"2025-10-29T10:27:15","slug":"falcoaria-vinhas-velhas","status":"publish","type":"product","link":"https:\/\/www.casalbranco.com\/pt\/produto\/falcoaria-vinhas-velhas\/","title":{"rendered":"Falcoaria Branco Vinhas Velhas 2022 <\/br><\/br>"},"content":{"rendered":"","protected":false},"excerpt":{"rendered":"<table>\n<tbody>\n<tr>\n<td>\n<h6 style=\"text-align: left;\"><strong>DENOMINA\u00c7\u00c3O DE ORIGEM: <\/strong>DOC TEJO<\/h6>\n<h6 style=\"text-align: left;\"><strong>CASTAS: <\/strong>100% Fern\u00e3o Pires<\/h6>\n<h6 style=\"text-align: left;\"><strong>\u00c1LCOOL:<\/strong>12.0% vol.<\/h6>\n<h6 style=\"text-align: left;\"><strong>NOTAS DE PROVA<\/strong><\/h6>\n<h6 style=\"text-align: left;\"><strong>Cor:<\/strong> Citrino brilhante.<\/h6>\n<h6 style=\"text-align: left;\"><strong>Nariz<\/strong>: Notas c\u00edtricas e tropicais, em evid\u00eancia em rela\u00e7\u00e3o \u00e0s notas de tosta da madeira onde estagiou.<\/h6>\n<h6 style=\"text-align: left;\"><strong>Boca<\/strong>: Marcadamente mineral e notas de salinidade expressando totalmente o Terroir. Destaque para a fruta em conjuga\u00e7\u00e3o perfeita com a madeira, com uma \u00f3ptima acidez natural que lhe d\u00e1 um grande equil\u00edbrio e longevidade no est\u00e1gio em garrafa.<\/h6>\n<h6 style=\"text-align: left;\"><strong>SOLO e TOPOGRAFIA: <\/strong>Arenoso. Charneca. Sem declive.<\/h6>\n<h6 style=\"text-align: left;\"><strong>IDADE DAS VINHAS: <\/strong>Vinhas Velhas com mais de 65 anos.<\/h6>\n<h6 style=\"text-align: left;\"><strong>EXPOSI\u00c7\u00c3O SOLAR: <\/strong>Este \u2013 Oeste<\/h6>\n<h6 style=\"text-align: left;\"><strong>ENOLOGIA:<\/strong>Manuel Lobo e Joana Silva Lopes<\/h6>\n<h6 style=\"text-align: left;\"><strong>NOTA DE ENCOMENDA: Caixa de 6 Unidades<\/strong><\/h6>\n<h6 style=\"text-align: left;\"><strong>Cont\u00e9m sulfitos<\/strong><\/h6>\n<\/td>\n<td>\n<h6 style=\"text-align: center;\"><\/h6>\n<p>&nbsp;<\/p>\n<p>&nbsp;<\/p>\n<p>&nbsp;<\/td>\n<\/tr>\n<\/tbody>\n<\/table>\n","protected":false},"featured_media":15115,"template":"","meta":[],"product_brand":[],"product_cat":[46,92],"product_tag":[],"class_list":{"0":"post-10499","1":"product","2":"type-product","3":"status-publish","4":"has-post-thumbnail","6":"product_cat-falcoaria","7":"product_cat-vinhos","9":"first","10":"instock","11":"taxable","12":"shipping-taxable","13":"purchasable","14":"product-type-variable"},"_links":{"self":[{"href":"https:\/\/www.casalbranco.com\/pt\/wp-json\/wp\/v2\/product\/10499","targetHints":{"allow":["GET"]}}],"collection":[{"href":"https:\/\/www.casalbranco.com\/pt\/wp-json\/wp\/v2\/product"}],"about":[{"href":"https:\/\/www.casalbranco.com\/pt\/wp-json\/wp\/v2\/types\/product"}],"wp:featuredmedia":[{"embeddable":true,"href":"https:\/\/www.casalbranco.com\/pt\/wp-json\/wp\/v2\/media\/15115"}],"wp:attachment":[{"href":"https:\/\/www.casalbranco.com\/pt\/wp-json\/wp\/v2\/media?parent=10499"}],"wp:term":[{"taxonomy":"product_brand","embeddable":true,"href":"https:\/\/www.casalbranco.com\/pt\/wp-json\/wp\/v2\/product_brand?post=10499"},{"taxonomy":"product_cat","embeddable":true,"href":"https:\/\/www.casalbranco.com\/pt\/wp-json\/wp\/v2\/product_cat?post=10499"},{"taxonomy":"product_tag","embeddable":true,"href":"https:\/\/www.casalbranco.com\/pt\/wp-json\/wp\/v2\/product_tag?post=10499"}],"curies":[{"name":"wp","href":"https:\/\/api.w.org\/{rel}","templated":true}]}}