{"id":10518,"date":"2018-08-27T11:01:34","date_gmt":"2018-08-27T11:01:34","guid":{"rendered":"http:\/\/www.casalbranco.com\/SITE\/?post_type=product&#038;p=10518"},"modified":"2025-10-28T16:12:17","modified_gmt":"2025-10-28T16:12:17","slug":"quinta-do-casal-branco-alvarinho","status":"publish","type":"product","link":"https:\/\/www.casalbranco.com\/pt\/produto\/quinta-do-casal-branco-alvarinho\/","title":{"rendered":"Quinta do Casal Branco Alvarinho 2024"},"content":{"rendered":"","protected":false},"excerpt":{"rendered":"<table>\n<tbody>\n<tr>\n<td>\n<h6 style=\"text-align: left;\"><strong>DENOMINA\u00c7\u00c3O DE ORIGEM:<\/strong> DOC TEJO<\/h6>\n<h6 style=\"text-align: left;\"><strong>CASTAS:<\/strong> 100% Alvarinho<\/h6>\n<h6 style=\"text-align: left;\"><strong>\u00c1LCOOL:<\/strong> 12,5% vol.<\/h6>\n<h6 style=\"text-align: left;\"><strong>NOTAS DE PROVA:<\/strong><\/h6>\n<h6 style=\"text-align: left;\"><strong>Cor:<\/strong> Citrino com notas esverdeadas<\/h6>\n<h6 style=\"text-align: left;\"><strong>Nariz:<\/strong> Caracter varietal: notas tropicais \u2013 alperce, p\u00eassego, maracuj\u00e1 e lima. Notas florais, sem ser exuberantes, mas presentes.<\/h6>\n<h6 style=\"text-align: left;\"><strong>Boca:<\/strong> \u00d3ptima acidez natural, muito vivo e fresco. Muito equilibrado, com um final longo. Repetem se os aromas.<\/h6>\n<h6 style=\"text-align: left;\"><strong>SOLO e TOPOGRAFIA: <\/strong>Arenoso. Charneca. Sem declive.<\/h6>\n<h6 style=\"text-align: left;\"><strong>EXPOSI\u00c7\u00c3O SOLAR:\u00a0<\/strong>Este \u2013 Oeste<\/h6>\n<h6 style=\"text-align: left;\"><strong>ENOLOGIA:<\/strong> Manuel Lobo e Joana Silva Lopes<\/h6>\n<h6 style=\"text-align: left;\"><strong>Cont\u00e9m sulfitos<\/strong><\/h6>\n<p style=\"text-align: left;\">Nota: Estamos em fase de atualiza\u00e7\u00e3o de imagem. As garrafas e r\u00f3tulos podem sofrer altera\u00e7\u00f5es. A nova imagem ainda n\u00e3o est\u00e1 dispon\u00edvel.<\/p>\n<\/td>\n<td><\/td>\n<\/tr>\n<\/tbody>\n<\/table>\n","protected":false},"featured_media":15088,"template":"","meta":[],"product_brand":[],"product_cat":[77,92],"product_tag":[],"class_list":{"0":"post-10518","1":"product","2":"type-product","3":"status-publish","4":"has-post-thumbnail","6":"product_cat-quinta-do-casal-branco","7":"product_cat-vinhos","9":"first","10":"instock","11":"taxable","12":"shipping-taxable","13":"purchasable","14":"product-type-variable"},"_links":{"self":[{"href":"https:\/\/www.casalbranco.com\/pt\/wp-json\/wp\/v2\/product\/10518","targetHints":{"allow":["GET"]}}],"collection":[{"href":"https:\/\/www.casalbranco.com\/pt\/wp-json\/wp\/v2\/product"}],"about":[{"href":"https:\/\/www.casalbranco.com\/pt\/wp-json\/wp\/v2\/types\/product"}],"wp:featuredmedia":[{"embeddable":true,"href":"https:\/\/www.casalbranco.com\/pt\/wp-json\/wp\/v2\/media\/15088"}],"wp:attachment":[{"href":"https:\/\/www.casalbranco.com\/pt\/wp-json\/wp\/v2\/media?parent=10518"}],"wp:term":[{"taxonomy":"product_brand","embeddable":true,"href":"https:\/\/www.casalbranco.com\/pt\/wp-json\/wp\/v2\/product_brand?post=10518"},{"taxonomy":"product_cat","embeddable":true,"href":"https:\/\/www.casalbranco.com\/pt\/wp-json\/wp\/v2\/product_cat?post=10518"},{"taxonomy":"product_tag","embeddable":true,"href":"https:\/\/www.casalbranco.com\/pt\/wp-json\/wp\/v2\/product_tag?post=10518"}],"curies":[{"name":"wp","href":"https:\/\/api.w.org\/{rel}","templated":true}]}}