{"id":10524,"date":"2018-08-27T11:26:36","date_gmt":"2018-08-27T11:26:36","guid":{"rendered":"http:\/\/www.casalbranco.com\/SITE\/?post_type=product&#038;p=10524"},"modified":"2025-11-10T16:28:52","modified_gmt":"2025-11-10T16:28:52","slug":"quinta-do-casal-branco-touriga-nacional","status":"publish","type":"product","link":"https:\/\/www.casalbranco.com\/pt\/produto\/quinta-do-casal-branco-touriga-nacional\/","title":{"rendered":"Quinta do Casal Branco Touriga Nacional 2023 <\/br><\/br>"},"content":{"rendered":"<p>Tamb\u00e9m Sugerimos:<\/p>\n","protected":false},"excerpt":{"rendered":"<table>\n<tbody>\n<tr>\n<td>\n<h6 style=\"text-align: left;\"><strong>DENOMINA\u00c7\u00c3O DE ORIGEM:<\/strong> DOC TEJO<\/h6>\n<h6 style=\"text-align: left;\"><strong>CASTAS:<\/strong> 100% Touriga Nacional<\/h6>\n<h6 style=\"text-align: left;\"><strong>\u00c1LCOOL:<\/strong> 14% vol.<\/h6>\n<h6 style=\"text-align: left;\"><strong>NOTAS DE PROVA<\/strong><\/h6>\n<h6 style=\"text-align: left;\"><strong>Cor:<\/strong> Cor vermelha viva.<\/h6>\n<h6 style=\"text-align: left;\"><strong>Nariz:<\/strong> Notas florais, violeta, cassis. Intenso.<\/h6>\n<h6 style=\"text-align: left;\"><strong>Boca:<\/strong> Repetem-se as notas florais, nos aromas retronasais, em conjun\u00e7\u00e3o com um vinho de taninos suaves, medianamente encorpado e persistente. Bom exemplo das caracter\u00edsticas arom\u00e1ticas da casta.<\/h6>\n<h6 style=\"text-align: left;\"><strong>SOLO e TOPOGRAFIA:<\/strong> Arenoso. Charneca. Sem declive.<\/h6>\n<h6 style=\"text-align: left;\"><strong>IDADE DAS VINHAS:<\/strong> 15 anos<\/h6>\n<h6 style=\"text-align: left;\"><strong>EXPOSI\u00c7\u00c3O SOLAR:<\/strong> Sul \u2013 Norte<\/h6>\n<h6 style=\"text-align: left;\"><strong>ENOLOGIA:<\/strong> Manuel Lobo e Joana Silva Lopes<\/h6>\n<h6 style=\"text-align: left;\"><strong>Cont\u00e9m sulfitos<\/strong><\/h6>\n<\/td>\n<\/tr>\n<\/tbody>\n<\/table>\n","protected":false},"featured_media":15169,"template":"","meta":[],"product_brand":[],"product_cat":[77,92],"product_tag":[],"class_list":{"0":"post-10524","1":"product","2":"type-product","3":"status-publish","4":"has-post-thumbnail","6":"product_cat-quinta-do-casal-branco","7":"product_cat-vinhos","9":"first","10":"instock","11":"taxable","12":"shipping-taxable","13":"purchasable","14":"product-type-variable"},"_links":{"self":[{"href":"https:\/\/www.casalbranco.com\/pt\/wp-json\/wp\/v2\/product\/10524","targetHints":{"allow":["GET"]}}],"collection":[{"href":"https:\/\/www.casalbranco.com\/pt\/wp-json\/wp\/v2\/product"}],"about":[{"href":"https:\/\/www.casalbranco.com\/pt\/wp-json\/wp\/v2\/types\/product"}],"wp:featuredmedia":[{"embeddable":true,"href":"https:\/\/www.casalbranco.com\/pt\/wp-json\/wp\/v2\/media\/15169"}],"wp:attachment":[{"href":"https:\/\/www.casalbranco.com\/pt\/wp-json\/wp\/v2\/media?parent=10524"}],"wp:term":[{"taxonomy":"product_brand","embeddable":true,"href":"https:\/\/www.casalbranco.com\/pt\/wp-json\/wp\/v2\/product_brand?post=10524"},{"taxonomy":"product_cat","embeddable":true,"href":"https:\/\/www.casalbranco.com\/pt\/wp-json\/wp\/v2\/product_cat?post=10524"},{"taxonomy":"product_tag","embeddable":true,"href":"https:\/\/www.casalbranco.com\/pt\/wp-json\/wp\/v2\/product_tag?post=10524"}],"curies":[{"name":"wp","href":"https:\/\/api.w.org\/{rel}","templated":true}]}}