{"id":10528,"date":"2018-08-27T11:42:21","date_gmt":"2018-08-27T11:42:21","guid":{"rendered":"http:\/\/www.casalbranco.com\/SITE\/?post_type=product&#038;p=10528"},"modified":"2025-11-06T10:27:40","modified_gmt":"2025-11-06T10:27:40","slug":"terra-de-lobos-branco","status":"publish","type":"product","link":"https:\/\/www.casalbranco.com\/pt\/produto\/terra-de-lobos-branco\/","title":{"rendered":"Terra de Lobos Branco 2024"},"content":{"rendered":"<h3>Tamb\u00e9m sugerimos:<\/h3>\n","protected":false},"excerpt":{"rendered":"<table>\n<tbody>\n<tr>\n<td>\n<h6 style=\"text-align: left;\"><strong>DENOMINA\u00c7\u00c3O DE ORIGEM:<\/strong> IGP TEJO<\/h6>\n<h6 style=\"text-align: left;\"><strong>CASTAS:<\/strong> Fern\u00e3o Pires e Sauvignon Blanc<\/h6>\n<h6 style=\"text-align: left;\"><strong>\u00c1LCOOL:<\/strong> 12% vol.<\/h6>\n<h6 style=\"text-align: left;\"><strong>NOTAS DE PROVA<\/strong><\/h6>\n<h6 style=\"text-align: left;\"><strong>Cor:<\/strong> Citrina<\/h6>\n<h6 style=\"text-align: left;\"><strong>Nariz:<\/strong> Explos\u00e3o de aromas, com destaque para notas de maracuj\u00e1 e alperce, conjugadas com um car\u00e1cter mais fresco e vegetal, dado pelo Sauvignon Blanc.<\/h6>\n<h6 style=\"text-align: left;\"><strong>Boca:<\/strong> Destaque para a \u00f3tima frescura e acidez, dando a este vinho equil\u00edbrio, eleg\u00e2ncia e uma persist\u00eancia media-longa.<\/h6>\n<h6 style=\"text-align: left;\"><strong>SOLO e TOPOGRAFIA: <\/strong>Arenoso. Charneca. Sem declive.<\/h6>\n<h6 style=\"text-align: left;\"><strong>IDADE DAS VINHAS:\u00a0<\/strong>Entre os 10 e os 40 anos<\/h6>\n<h6 style=\"text-align: left;\"><strong>EXPOSI\u00c7\u00c3O SOLAR:\u00a0<\/strong>Este \u2013 Oeste<\/h6>\n<h6 style=\"text-align: left;\"><strong>ENOLOGIA:<\/strong> Manuel Lobo e Joana Silva Lopes<\/h6>\n<h6 style=\"text-align: left;\"><strong>Cont\u00e9m sulfitos<\/strong><\/h6>\n<\/td>\n<td>\n<h6 style=\"text-align: left;\"><\/h6>\n<p>&nbsp;<\/td>\n<\/tr>\n<\/tbody>\n<\/table>\n","protected":false},"featured_media":14052,"template":"","meta":[],"product_brand":[],"product_cat":[48,92],"product_tag":[],"class_list":{"0":"post-10528","1":"product","2":"type-product","3":"status-publish","4":"has-post-thumbnail","6":"product_cat-terra-de-lobos","7":"product_cat-vinhos","9":"first","10":"instock","11":"taxable","12":"shipping-taxable","13":"purchasable","14":"product-type-variable"},"_links":{"self":[{"href":"https:\/\/www.casalbranco.com\/pt\/wp-json\/wp\/v2\/product\/10528","targetHints":{"allow":["GET"]}}],"collection":[{"href":"https:\/\/www.casalbranco.com\/pt\/wp-json\/wp\/v2\/product"}],"about":[{"href":"https:\/\/www.casalbranco.com\/pt\/wp-json\/wp\/v2\/types\/product"}],"wp:featuredmedia":[{"embeddable":true,"href":"https:\/\/www.casalbranco.com\/pt\/wp-json\/wp\/v2\/media\/14052"}],"wp:attachment":[{"href":"https:\/\/www.casalbranco.com\/pt\/wp-json\/wp\/v2\/media?parent=10528"}],"wp:term":[{"taxonomy":"product_brand","embeddable":true,"href":"https:\/\/www.casalbranco.com\/pt\/wp-json\/wp\/v2\/product_brand?post=10528"},{"taxonomy":"product_cat","embeddable":true,"href":"https:\/\/www.casalbranco.com\/pt\/wp-json\/wp\/v2\/product_cat?post=10528"},{"taxonomy":"product_tag","embeddable":true,"href":"https:\/\/www.casalbranco.com\/pt\/wp-json\/wp\/v2\/product_tag?post=10528"}],"curies":[{"name":"wp","href":"https:\/\/api.w.org\/{rel}","templated":true}]}}