{"id":10530,"date":"2018-08-27T11:52:32","date_gmt":"2018-08-27T11:52:32","guid":{"rendered":"http:\/\/www.casalbranco.com\/SITE\/?post_type=product&#038;p=10530"},"modified":"2025-10-28T12:46:56","modified_gmt":"2025-10-28T12:46:56","slug":"terra-de-lobos-tinto","status":"publish","type":"product","link":"https:\/\/www.casalbranco.com\/pt\/produto\/terra-de-lobos-tinto\/","title":{"rendered":"Terra de Lobos Tinto 2024"},"content":{"rendered":"<h3>Tamb\u00e9m sugerimos:<\/h3>\n","protected":false},"excerpt":{"rendered":"<table>\n<tbody>\n<tr>\n<td>\n<h6 style=\"text-align: left;\"><strong>DENOMINA\u00c7\u00c3O DE ORIGEM:<\/strong> IGP TEJO<\/h6>\n<h6 style=\"text-align: left;\"><strong>CASTAS:<\/strong> Castel\u00e3o e Cabernet Sauvignon<\/h6>\n<h6 style=\"text-align: left;\"><strong>\u00c1LCOOL:<\/strong> 13.5 % vol.<\/h6>\n<h6 style=\"text-align: left;\"><strong>NOTAS DE PROVA:<\/strong><\/h6>\n<h6 style=\"text-align: left;\"><strong>Cor:<\/strong> Cor vermelha viva.<br \/>\n<strong>Nariz:<\/strong> Notas de fruta fresca; cassis e frutos vermelhos em conjuga\u00e7\u00e3o com notas florais ligeiras.<br \/>\n<strong>Boca:<\/strong> Vinho de acidez moderada, equilibrado e com taninos suaves que lhe conferem uma persist\u00eancia m\u00e9dia e um final m\u00e9dio \u2013 longo. Harmonioso e f\u00e1cil.<\/h6>\n<h6 style=\"text-align: left;\"><strong>SOLO e TOPOGRAFIA: <\/strong>Arenoso. Charneca. Sem declive.<\/h6>\n<h6 style=\"text-align: left;\"><strong>IDADE DAS VINHAS: <\/strong>Entre os 10 e os 50 anos<\/h6>\n<h6 style=\"text-align: left;\"><strong>EXPOSI\u00c7\u00c3O SOLAR: <\/strong>Sul &#8211; Norte<\/h6>\n<h6 style=\"text-align: left;\"><strong>ENOLOGIA:<\/strong> Manuel Lobo e Joana Silva Lopes<\/h6>\n<h6 style=\"text-align: left;\"><strong>Cont\u00e9m sulfitos<\/strong><\/h6>\n<\/td>\n<td>\n<h6 style=\"text-align: center;\"><\/h6>\n<p>&nbsp;<\/p>\n<p>&nbsp;<\/td>\n<\/tr>\n<\/tbody>\n<\/table>\n<p>&nbsp;<\/p>\n","protected":false},"featured_media":14051,"template":"","meta":[],"product_brand":[],"product_cat":[48,92],"product_tag":[],"class_list":{"0":"post-10530","1":"product","2":"type-product","3":"status-publish","4":"has-post-thumbnail","6":"product_cat-terra-de-lobos","7":"product_cat-vinhos","9":"first","10":"instock","11":"taxable","12":"shipping-taxable","13":"purchasable","14":"product-type-variable"},"_links":{"self":[{"href":"https:\/\/www.casalbranco.com\/pt\/wp-json\/wp\/v2\/product\/10530","targetHints":{"allow":["GET"]}}],"collection":[{"href":"https:\/\/www.casalbranco.com\/pt\/wp-json\/wp\/v2\/product"}],"about":[{"href":"https:\/\/www.casalbranco.com\/pt\/wp-json\/wp\/v2\/types\/product"}],"wp:featuredmedia":[{"embeddable":true,"href":"https:\/\/www.casalbranco.com\/pt\/wp-json\/wp\/v2\/media\/14051"}],"wp:attachment":[{"href":"https:\/\/www.casalbranco.com\/pt\/wp-json\/wp\/v2\/media?parent=10530"}],"wp:term":[{"taxonomy":"product_brand","embeddable":true,"href":"https:\/\/www.casalbranco.com\/pt\/wp-json\/wp\/v2\/product_brand?post=10530"},{"taxonomy":"product_cat","embeddable":true,"href":"https:\/\/www.casalbranco.com\/pt\/wp-json\/wp\/v2\/product_cat?post=10530"},{"taxonomy":"product_tag","embeddable":true,"href":"https:\/\/www.casalbranco.com\/pt\/wp-json\/wp\/v2\/product_tag?post=10530"}],"curies":[{"name":"wp","href":"https:\/\/api.w.org\/{rel}","templated":true}]}}