{"id":13742,"date":"2021-09-27T15:55:07","date_gmt":"2021-09-27T15:55:07","guid":{"rendered":"https:\/\/www.casalbranco.com\/pt\/?post_type=product&#038;p=13742"},"modified":"2025-11-06T10:33:03","modified_gmt":"2025-11-06T10:33:03","slug":"falcoaria-grande-reserva-magnum-15l","status":"publish","type":"product","link":"https:\/\/www.casalbranco.com\/pt\/produto\/falcoaria-grande-reserva-magnum-15l\/","title":{"rendered":"Falcoaria Grande Reserva Magnum (1,5L) 2018"},"content":{"rendered":"<p>Tamb\u00e9m sugerimos:<\/p>\n","protected":false},"excerpt":{"rendered":"<table>\n<tbody>\n<tr>\n<td>\n<h6 style=\"text-align: left;\"><strong>DENOMINA\u00c7\u00c3O DE ORIGEM:<\/strong> DOC TEJO<\/h6>\n<h6 style=\"text-align: left;\"><strong>CASTAS: <\/strong>Vinha Centen\u00e1ria &amp; Syrah<\/h6>\n<h6 style=\"text-align: left;\"><strong>\u00c1LCOOL:<\/strong> 15% vol.<\/h6>\n<h6 style=\"text-align: left;\"><strong>NOTAS DE PROVA<\/strong><\/h6>\n<h6 style=\"text-align: left;\"><strong>Cor:<\/strong> Ruby intenso<\/h6>\n<h6 style=\"text-align: left;\"><strong>Nariz:<\/strong> Excelente intensidade arom\u00e1tica, destaque para as notas de especiarias em conjuga\u00e7\u00e3o com notas de frutos silvestres, bem maduros. Suaves notas de cacau e tabaco.<\/h6>\n<h6 style=\"text-align: left;\"><strong>Boca:<\/strong> In\u00edcio elegante, evoluindo para um vinho s\u00e9rio com excelente dimens\u00e3o e estrutura compacta composta por taninos poderosos, mas de textura fina, tudo em perfeita harmonia com frescas notas de frutos silvestres. Um vinho distinto que termina elegante e muito persistente, possuindo ainda uma excelente capacidade de evolu\u00e7\u00e3o em garrafa.<\/h6>\n<h6 style=\"text-align: left;\"><strong>SOLO e TOPOGRAFIA: <\/strong>Arenoso. Charneca. Sem declive.<\/h6>\n<h6 style=\"text-align: left;\"><strong>IDADE DAS VINHAS: <\/strong>Vinha Velha com mais de 100 anos. Syrah com 18 anos<\/h6>\n<h6 style=\"text-align: left;\"><strong>EXPOSI\u00c7\u00c3O SOLAR: <\/strong>Este \u2013 Oeste<\/h6>\n<h6 style=\"text-align: left;\"><strong>ENOLOGIA:<\/strong> Manuel Lobo e Joana Silva Lopes<\/h6>\n<h6 style=\"text-align: left;\"><strong>Cont\u00e9m sulfitos<\/strong><\/h6>\n<\/td>\n<td style=\"text-align: center;\">\n<h6><\/h6>\n<p>&nbsp;<\/p>\n<p>&nbsp;<\/td>\n<\/tr>\n<\/tbody>\n<\/table>\n","protected":false},"featured_media":15092,"template":"","meta":[],"product_brand":[],"product_cat":[46,92],"product_tag":[],"class_list":{"0":"post-13742","1":"product","2":"type-product","3":"status-publish","4":"has-post-thumbnail","6":"product_cat-falcoaria","7":"product_cat-vinhos","9":"first","10":"instock","11":"taxable","12":"shipping-taxable","13":"purchasable","14":"product-type-simple"},"_links":{"self":[{"href":"https:\/\/www.casalbranco.com\/pt\/wp-json\/wp\/v2\/product\/13742","targetHints":{"allow":["GET"]}}],"collection":[{"href":"https:\/\/www.casalbranco.com\/pt\/wp-json\/wp\/v2\/product"}],"about":[{"href":"https:\/\/www.casalbranco.com\/pt\/wp-json\/wp\/v2\/types\/product"}],"wp:featuredmedia":[{"embeddable":true,"href":"https:\/\/www.casalbranco.com\/pt\/wp-json\/wp\/v2\/media\/15092"}],"wp:attachment":[{"href":"https:\/\/www.casalbranco.com\/pt\/wp-json\/wp\/v2\/media?parent=13742"}],"wp:term":[{"taxonomy":"product_brand","embeddable":true,"href":"https:\/\/www.casalbranco.com\/pt\/wp-json\/wp\/v2\/product_brand?post=13742"},{"taxonomy":"product_cat","embeddable":true,"href":"https:\/\/www.casalbranco.com\/pt\/wp-json\/wp\/v2\/product_cat?post=13742"},{"taxonomy":"product_tag","embeddable":true,"href":"https:\/\/www.casalbranco.com\/pt\/wp-json\/wp\/v2\/product_tag?post=13742"}],"curies":[{"name":"wp","href":"https:\/\/api.w.org\/{rel}","templated":true}]}}