{"id":15096,"date":"2025-10-27T17:41:16","date_gmt":"2025-10-27T17:41:16","guid":{"rendered":"https:\/\/www.casalbranco.com\/pt\/?post_type=product&#038;p=15096"},"modified":"2025-11-06T10:35:17","modified_gmt":"2025-11-06T10:35:17","slug":"falcoaria-tinto-magnum-15l-2021","status":"publish","type":"product","link":"https:\/\/www.casalbranco.com\/pt\/produto\/falcoaria-tinto-magnum-15l-2021\/","title":{"rendered":"Falcoaria Tinto Magnum (1,5L) 2021 <\/br><\/br>"},"content":{"rendered":"<p>Tamb\u00e9m sugerimos:<\/p>\n","protected":false},"excerpt":{"rendered":"<table>\n<tbody>\n<tr>\n<td>\n<h6 style=\"text-align: left;\"><strong>DENOMINA\u00c7\u00c3O DE ORIGEM:<\/strong> DOC TEJO<\/h6>\n<h6 style=\"text-align: left;\"><strong>CASTAS:<\/strong> Castel\u00e3o, Alicante Bouschet, Touriga Nacional, Cabernet Sauvignon<\/h6>\n<h6 style=\"text-align: left;\"><strong>\u00c1LCOOL:<\/strong> 14,5% vol.<\/h6>\n<h6 style=\"text-align: left;\"><strong>NOTAS DE PROVA<\/strong><\/h6>\n<h6 style=\"text-align: left;\"><strong>Cor:<\/strong> Cor vermelha viva.<\/h6>\n<h6 style=\"text-align: left;\"><strong>Nariz:<\/strong> Aroma de fruta preta, cassis, ameixa seca. Algumas notas florais.<\/h6>\n<h6 style=\"text-align: left;\"><strong>Boca:<\/strong> Pleno de fruta em boca, conjugada com as notas evidentes das barricas onde estagiou. Taninos poderosos, bem definidos, conferindo ao vinho uma \u00f3tima estrutura e persist\u00eancia. Boa capacidade de evolu\u00e7\u00e3o em garrafa.<\/h6>\n<h6 style=\"text-align: left;\"><strong>SOLO e TOPOGRAFIA: <\/strong>Arenoso. Charneca. Sem declive.<\/h6>\n<h6 style=\"text-align: left;\"><strong>IDADE DAS VINHAS:\u00a0<\/strong>Entre os 20 e os 50 anos<\/h6>\n<h6 style=\"text-align: left;\"><strong>EXPOSI\u00c7\u00c3O SOLAR:\u00a0<\/strong>Sul \u2013 Norte<\/h6>\n<h6 style=\"text-align: left;\"><strong>ENOLOGIA:<\/strong> Manuel Lobo e Joana Silva Lopes<\/h6>\n<h6 style=\"text-align: left;\"><strong>Cont\u00e9m sulfitos<\/strong><\/h6>\n<\/td>\n<td style=\"text-align: center;\">\n<h6><\/h6>\n<p>&nbsp;<\/p>\n<p>&nbsp;<\/td>\n<\/tr>\n<\/tbody>\n<\/table>\n","protected":false},"featured_media":15097,"template":"","meta":[],"product_brand":[],"product_cat":[46,92],"product_tag":[],"class_list":{"0":"post-15096","1":"product","2":"type-product","3":"status-publish","4":"has-post-thumbnail","6":"product_cat-falcoaria","7":"product_cat-vinhos","9":"first","10":"instock","11":"taxable","12":"shipping-taxable","13":"purchasable","14":"product-type-simple"},"_links":{"self":[{"href":"https:\/\/www.casalbranco.com\/pt\/wp-json\/wp\/v2\/product\/15096","targetHints":{"allow":["GET"]}}],"collection":[{"href":"https:\/\/www.casalbranco.com\/pt\/wp-json\/wp\/v2\/product"}],"about":[{"href":"https:\/\/www.casalbranco.com\/pt\/wp-json\/wp\/v2\/types\/product"}],"wp:featuredmedia":[{"embeddable":true,"href":"https:\/\/www.casalbranco.com\/pt\/wp-json\/wp\/v2\/media\/15097"}],"wp:attachment":[{"href":"https:\/\/www.casalbranco.com\/pt\/wp-json\/wp\/v2\/media?parent=15096"}],"wp:term":[{"taxonomy":"product_brand","embeddable":true,"href":"https:\/\/www.casalbranco.com\/pt\/wp-json\/wp\/v2\/product_brand?post=15096"},{"taxonomy":"product_cat","embeddable":true,"href":"https:\/\/www.casalbranco.com\/pt\/wp-json\/wp\/v2\/product_cat?post=15096"},{"taxonomy":"product_tag","embeddable":true,"href":"https:\/\/www.casalbranco.com\/pt\/wp-json\/wp\/v2\/product_tag?post=15096"}],"curies":[{"name":"wp","href":"https:\/\/api.w.org\/{rel}","templated":true}]}}